{"id":7944,"date":"2025-07-20T22:49:07","date_gmt":"2025-07-20T19:49:07","guid":{"rendered":"https:\/\/berha.org\/en\/?post_type=product&#038;p=7944"},"modified":"2025-07-20T22:49:14","modified_gmt":"2025-07-20T19:49:14","slug":"trokar-5-mm-10-mm","status":"publish","type":"product","link":"https:\/\/berha.org\/en\/urun\/trokar-5-mm-10-mm\/","title":{"rendered":"Trokar\u00a0 (5 mm &#038; 10 mm)"},"content":{"rendered":"<p>Trokar, minimal invaziv cerrahi giri\u015fimlerde kullan\u0131lan, keskin ucu sayesinde v\u00fccut bo\u015flu\u011funa kontroll\u00fc ge\u00e7i\u015f sa\u011flayan t\u0131bbi bir ara\u00e7t\u0131r. Easyflow trokar modelleri, 5 mm ve 10 mm \u00e7ap alternatifleriyle sunulur ve tek kullan\u0131ml\u0131kt\u0131r. Valfli sistemi sayesinde gaz s\u0131z\u0131nt\u0131s\u0131n\u0131 \u00f6nlerken, sabit tutma halkas\u0131 ile operasyon s\u0131ras\u0131nda kayma riskini azalt\u0131r.<\/p>\n","protected":false},"excerpt":{"rendered":"<p>Laparoskopik giri\u015f i\u00e7in steril trokar<\/p>\n<p>Keskin u\u00e7lu, valfli yap\u0131<\/p>\n<p>\u00d6l\u00e7\u00fcler:<\/p>\n<p>\u2013 5 mm<\/p>\n<p>\u2013 10 mm<\/p>\n","protected":false},"featured_media":7214,"template":"","meta":[],"product_brand":[],"product_cat":[1670],"product_tag":[1117,1116,1119,1115,1118],"class_list":{"0":"post-7944","1":"product","2":"type-product","3":"status-publish","4":"has-post-thumbnail","6":"product_cat-genel-sarf","7":"product_tag-cerrahi-girisim","8":"product_tag-laparoskopik-cerrahi","9":"product_tag-steril-cerrahi-ekipman","10":"product_tag-trokar","11":"product_tag-valfli-trokar","13":"first","14":"instock","15":"shipping-taxable","16":"product-type-simple"},"_links":{"self":[{"href":"https:\/\/berha.org\/en\/wp-json\/wp\/v2\/product\/7944","targetHints":{"allow":["GET"]}}],"collection":[{"href":"https:\/\/berha.org\/en\/wp-json\/wp\/v2\/product"}],"about":[{"href":"https:\/\/berha.org\/en\/wp-json\/wp\/v2\/types\/product"}],"wp:featuredmedia":[{"embeddable":true,"href":"https:\/\/berha.org\/en\/wp-json\/wp\/v2\/media\/7214"}],"wp:attachment":[{"href":"https:\/\/berha.org\/en\/wp-json\/wp\/v2\/media?parent=7944"}],"wp:term":[{"taxonomy":"product_brand","embeddable":true,"href":"https:\/\/berha.org\/en\/wp-json\/wp\/v2\/product_brand?post=7944"},{"taxonomy":"product_cat","embeddable":true,"href":"https:\/\/berha.org\/en\/wp-json\/wp\/v2\/product_cat?post=7944"},{"taxonomy":"product_tag","embeddable":true,"href":"https:\/\/berha.org\/en\/wp-json\/wp\/v2\/product_tag?post=7944"}],"curies":[{"name":"wp","href":"https:\/\/api.w.org\/{rel}","templated":true}]}}