{"id":7939,"date":"2025-07-20T22:49:07","date_gmt":"2025-07-20T19:49:07","guid":{"rendered":"https:\/\/berha.org\/en\/?post_type=product&#038;p=7939"},"modified":"2025-07-20T22:49:13","modified_gmt":"2025-07-20T19:49:13","slug":"hidrofil-sargi-bezi-pamuklu-medikal-sargi","status":"publish","type":"product","link":"https:\/\/berha.org\/en\/urun\/hidrofil-sargi-bezi-pamuklu-medikal-sargi\/","title":{"rendered":"Hidrofil Sarg\u0131 Bezi (Pamuklu Medikal Sarg\u0131)"},"content":{"rendered":"<p>Hidrofil sarg\u0131 bezi, pansumanlar\u0131n sabitlenmesi, yara b\u00f6lgesinin korunmas\u0131 ve ortopedik destek gibi \u00e7e\u015fitli medikal uygulamalarda kullan\u0131lan \u00e7ok y\u00f6nl\u00fc bir t\u0131bbi sarf malzemedir.<\/p>\n<p>%100 pamuklu yap\u0131s\u0131 sayesinde y\u00fcksek emicilik sunar ve cilde nazik dokunu\u015fuyla maksimum konfor sa\u011flar. Esnek ve yumu\u015fak dokusu sayesinde sar\u0131m\u0131 kolayd\u0131r, hassas b\u00f6lgelerde dahi rahatl\u0131kla kullan\u0131labilir.<\/p>\n<p>Tek kullan\u0131ml\u0131k ambalajlarda ya da uzun metrajl\u0131 end\u00fcstriyel rulolar halinde sunulan hidrofil sarg\u0131 bezleri, hem profesyonel sa\u011fl\u0131k kurumlar\u0131nda hem de ev tipi ilk yard\u0131m uygulamalar\u0131nda g\u00fcvenle tercih edilmektedir.<\/p>\n","protected":false},"excerpt":{"rendered":"<p>%100 pamuktan \u00fcretilmi\u015f, yumu\u015fak ve esnek yap\u0131ya sahip hidrofil sarg\u0131 bezi. Pansuman sabitleme, yara koruma ve ortopedik destek i\u00e7in ideal.<\/p>\n<p><strong>\u00d6L\u00c7\u00dcLER<\/strong><\/p>\n<p>SARGI BEZ\u0130 5CM x 5M\/10M\/100M   <\/p>\n<p>SARGI BEZ\u0130 10CM x 1,5M\/5M\/10M\/100M <\/p>\n<p>SARGI BEZ\u0130 15CM x 5M\/10M\/100M <\/p>\n<p>SARGI BEZ\u0130 20CM x 5M\/10M\/100M <\/p>\n","protected":false},"featured_media":7206,"template":"","meta":[],"product_brand":[],"product_cat":[1672],"product_tag":[1100,1103,1095,405,1098,1096,1097,1101,1099,1102],"class_list":{"0":"post-7939","1":"product","2":"type-product","3":"status-publish","4":"has-post-thumbnail","6":"product_cat-sargi-bezleri","7":"product_tag-alci-alti-bezi","8":"product_tag-esnek-pamuk-sargi","9":"product_tag-hidrofil-sargi-bezi","10":"product_tag-medikal-sarf-malzeme","11":"product_tag-ortopedik-sargi-bezi","12":"product_tag-pamuklu-sargi","13":"product_tag-pansuman-sabitleyici-bez","14":"product_tag-tibbi-sargi-bezi","15":"product_tag-yara-koruma-sargisi","16":"product_tag-yumusak-medikal-sargi","18":"first","19":"instock","20":"shipping-taxable","21":"product-type-simple"},"_links":{"self":[{"href":"https:\/\/berha.org\/en\/wp-json\/wp\/v2\/product\/7939","targetHints":{"allow":["GET"]}}],"collection":[{"href":"https:\/\/berha.org\/en\/wp-json\/wp\/v2\/product"}],"about":[{"href":"https:\/\/berha.org\/en\/wp-json\/wp\/v2\/types\/product"}],"wp:featuredmedia":[{"embeddable":true,"href":"https:\/\/berha.org\/en\/wp-json\/wp\/v2\/media\/7206"}],"wp:attachment":[{"href":"https:\/\/berha.org\/en\/wp-json\/wp\/v2\/media?parent=7939"}],"wp:term":[{"taxonomy":"product_brand","embeddable":true,"href":"https:\/\/berha.org\/en\/wp-json\/wp\/v2\/product_brand?post=7939"},{"taxonomy":"product_cat","embeddable":true,"href":"https:\/\/berha.org\/en\/wp-json\/wp\/v2\/product_cat?post=7939"},{"taxonomy":"product_tag","embeddable":true,"href":"https:\/\/berha.org\/en\/wp-json\/wp\/v2\/product_tag?post=7939"}],"curies":[{"name":"wp","href":"https:\/\/api.w.org\/{rel}","templated":true}]}}