{"id":7934,"date":"2025-07-20T22:49:06","date_gmt":"2025-07-20T19:49:06","guid":{"rendered":"https:\/\/berha.org\/en\/?post_type=product&#038;p=7934"},"modified":"2025-07-20T22:49:11","modified_gmt":"2025-07-20T19:49:11","slug":"flat-dren-silikon-drenaj-kateteri","status":"publish","type":"product","link":"https:\/\/berha.org\/en\/urun\/flat-dren-silikon-drenaj-kateteri\/","title":{"rendered":"Flat Dren Silikon Drenaj Kateteri"},"content":{"rendered":"<p>Flat Dren silikon drenaj kateteri, cerrahi sonras\u0131 kapal\u0131 bo\u015fluklarda biriken kan, ser\u00f6z ve enflamatuar s\u0131v\u0131lar\u0131n etkin \u015fekilde bo\u015falt\u0131lmas\u0131 i\u00e7in geli\u015ftirilmi\u015ftir. Trokar kullan\u0131m\u0131 gerektirmeyen tasar\u0131m\u0131, ince profili ve atraumatik yap\u0131s\u0131yla doku hasar\u0131n\u0131 minimuma indirir.<\/p>\n<p>%100 medikal s\u0131n\u0131f silikon malzemeden \u00fcretilen kateter, yumu\u015fak ve p\u00fcr\u00fczs\u00fcz y\u00fczeyi sayesinde hastada maksimum konfor sa\u011flar. Radyoopak izleme \u00e7izgisi, radyografi veya floroskopi alt\u0131nda kateterin do\u011fru pozisyonunu kolayca belirlemenize yard\u0131mc\u0131 olur.<\/p>\n<p>\u00d6zel i\u00e7 destekli yap\u0131s\u0131, k\u0131vr\u0131lma ve t\u0131kanma riskini azaltarak kesintisiz drenaj performans\u0131 sunar. 7 Fr, 10 Fr ve 13 Fr olmak \u00fczere \u00fc\u00e7 farkl\u0131 boy se\u00e7ene\u011fiyle geni\u015f kullan\u0131m alan\u0131 vard\u0131r.<\/p>\n<p>Hemotoraks, seroza ef\u00fczyon ve enfeksiy\u00f6z eksudalar\u0131n uzakla\u015ft\u0131r\u0131lmas\u0131 ile perk\u00fctan drenaj prosed\u00fcrlerinde ideal \u00e7\u00f6z\u00fcm sunar.<\/p>\n","protected":false},"excerpt":{"rendered":"<p>Minimal profilli, k\u0131vr\u0131lmaya dayan\u0131kl\u0131, steril ve tek kullan\u0131ml\u0131k silikon drenaj kateteri. Cerrahi sonras\u0131 kapal\u0131 v\u00fccut bo\u015fluklar\u0131nda g\u00fcvenli ve etkili s\u0131v\u0131 bo\u015falt\u0131m\u0131 sa\u011flar.<\/p>\n<p><strong>\u00d6L\u00c7\u00dcLER<\/strong><\/p>\n<p>FLAT DREN 10MM<\/p>\n<p>FLAT DREN 13MM<\/p>\n<p>FLAT DREN 7MM<\/p>\n","protected":false},"featured_media":7201,"template":"","meta":[],"product_brand":[],"product_cat":[1670],"product_tag":[1043,1042,1036,1044,405,1046,1045,1041,1039,1037],"class_list":{"0":"post-7934","1":"product","2":"type-product","3":"status-publish","4":"has-post-thumbnail","6":"product_cat-genel-sarf","7":"product_tag-cerrahi-drenaj","8":"product_tag-flat-dren","9":"product_tag-hemotoraks-drenaji","10":"product_tag-kapali-bosluk-drenaji","11":"product_tag-medikal-sarf-malzeme","12":"product_tag-minimal-invaziv-drenaj","13":"product_tag-perkutan-drenaj","14":"product_tag-silikon-drenaj-kateteri","15":"product_tag-steril-drenaj-kateteri","16":"product_tag-tek-kullanimlik-medikal-cihaz","18":"first","19":"instock","20":"shipping-taxable","21":"product-type-simple"},"_links":{"self":[{"href":"https:\/\/berha.org\/en\/wp-json\/wp\/v2\/product\/7934","targetHints":{"allow":["GET"]}}],"collection":[{"href":"https:\/\/berha.org\/en\/wp-json\/wp\/v2\/product"}],"about":[{"href":"https:\/\/berha.org\/en\/wp-json\/wp\/v2\/types\/product"}],"wp:featuredmedia":[{"embeddable":true,"href":"https:\/\/berha.org\/en\/wp-json\/wp\/v2\/media\/7201"}],"wp:attachment":[{"href":"https:\/\/berha.org\/en\/wp-json\/wp\/v2\/media?parent=7934"}],"wp:term":[{"taxonomy":"product_brand","embeddable":true,"href":"https:\/\/berha.org\/en\/wp-json\/wp\/v2\/product_brand?post=7934"},{"taxonomy":"product_cat","embeddable":true,"href":"https:\/\/berha.org\/en\/wp-json\/wp\/v2\/product_cat?post=7934"},{"taxonomy":"product_tag","embeddable":true,"href":"https:\/\/berha.org\/en\/wp-json\/wp\/v2\/product_tag?post=7934"}],"curies":[{"name":"wp","href":"https:\/\/api.w.org\/{rel}","templated":true}]}}