{"id":7933,"date":"2025-07-20T22:49:06","date_gmt":"2025-07-20T19:49:06","guid":{"rendered":"https:\/\/berha.org\/en\/?post_type=product&#038;p=7933"},"modified":"2025-07-20T22:49:11","modified_gmt":"2025-07-20T19:49:11","slug":"toraks-drenaj-kateteri","status":"publish","type":"product","link":"https:\/\/berha.org\/en\/urun\/toraks-drenaj-kateteri\/","title":{"rendered":"Toraks Drenaj Kateteri"},"content":{"rendered":"<p>Toraks drenaj kateterleri, plevra ve mediastenden biriken hava veya s\u0131v\u0131lar\u0131n etkin ve g\u00fcvenli bo\u015falt\u0131m\u0131 i\u00e7in geli\u015ftirilmi\u015f t\u0131bbi cihazlard\u0131r. Trokarl\u0131 ve trokars\u0131z modelleri; 8 Fr\u2019den 36 Fr\u2019ye kadar farkl\u0131 \u00e7ap se\u00e7enekleriyle hem pediatrik hem yeti\u015fkin hastalarda kullan\u0131labilir.<\/p>\n<p>Trokarl\u0131 model kontroll\u00fc giri\u015f sa\u011flarken, trokars\u0131z model cerrahi kesiyle do\u011frudan yerle\u015ftirme i\u00e7in uygundur. Hortum boyunca uzanan radyopak \u00e7izgi, X-ray veya floroskopi alt\u0131nda do\u011fru konumun kolayca belirlenmesini sa\u011flar.<\/p>\n<p>U\u00e7 b\u00f6lgesindeki \u00e7oklu drenaj g\u00f6zleri sayesinde hava ve s\u0131v\u0131n\u0131n t\u0131kanmadan verimli \u015fekilde bo\u015falt\u0131m\u0131 m\u00fcmk\u00fcn olur. Derinlik i\u015faretleri, kateterin do\u011fru derinlikte yerle\u015fimini kolayla\u015ft\u0131r\u0131r. Atraumatik yuvarlat\u0131lm\u0131\u015f u\u00e7 ve dayan\u0131kl\u0131 esnek malzeme, doku travmas\u0131n\u0131 ve kateter hasar\u0131n\u0131 minimuma indirir.<\/p>\n<p>Pn\u00f6motoraks, hemotoraks, plevral ef\u00fczyon ve mediastinal s\u0131v\u0131 birikimi gibi durumlarda cerrahi ve perk\u00fctan drenaj prosed\u00fcrlerinde g\u00fcvenle kullan\u0131l\u0131r.<\/p>\n","protected":false},"excerpt":{"rendered":"<p>Steril, tek kullan\u0131ml\u0131k ve geni\u015f \u00e7ap se\u00e7enekleriyle plevra ve mediastenden hava ve s\u0131v\u0131 drenaj\u0131nda g\u00fcvenli, etkin \u00e7\u00f6z\u00fcmler sunan toraks drenaj kateteri.<\/p>\n<p><strong>T\u0130P &#038; \u00d6L\u00c7\u00dcLER<\/strong><\/p>\n<p>TORAKS KATETER\u0130 NO:10 TROKARLI<\/p>\n<p>TORAKS KATETER\u0130 NO:12 TROKARLI<\/p>\n<p>TORAKS KATETER\u0130 NO:16<\/p>\n<p>TORAKS KATETER\u0130 NO:20<\/p>\n<p>TORAKS KATETER\u0130 NO:24<\/p>\n<p>TORAKS KATETER\u0130 NO:28<\/p>\n<p>TORAKS KATETER\u0130 NO:28 KIVRIK<\/p>\n<p>TORAKS KATETER\u0130 NO:28 TROKARLI<\/p>\n<p>TORAKS KATETER\u0130 NO:32<\/p>\n<p>TORAKS KATETER\u0130 NO:32 KIVRIK<\/p>\n<p>TORAKS KATETER\u0130 NO:32 TROKARLI<\/p>\n<p>TORAKS KATETER\u0130 NO:36<\/p>\n<p>TORAKS KATETER\u0130 NO:36 KIVRIK<\/p>\n<p>TORAKS KATETER\u0130 NO:36 TROKARLI<\/p>\n<p>TORAKS KATETER\u0130 NO:8 TROKARLI<\/p>\n<p>Talepleriniz ve daha fazla bilgi i\u00e7in bizimle ileti\u015fime ge\u00e7ebilirsiniz.<\/p>\n","protected":false},"featured_media":7200,"template":"","meta":[],"product_brand":[],"product_cat":[1670],"product_tag":[1040,1036,1034,405,1033,1035,1039,1037,1032,1038],"class_list":{"0":"post-7933","1":"product","2":"type-product","3":"status-publish","4":"has-post-thumbnail","6":"product_cat-genel-sarf","7":"product_tag-cerrahi-drenaj-ekipmani","8":"product_tag-hemotoraks-drenaji","9":"product_tag-mediastinal-sivi-bosaltimi","10":"product_tag-medikal-sarf-malzeme","11":"product_tag-plevra-drenaji","12":"product_tag-pnomotoraks-kateteri","13":"product_tag-steril-drenaj-kateteri","14":"product_tag-tek-kullanimlik-medikal-cihaz","15":"product_tag-toraks-drenaj-kateteri","16":"product_tag-trokar-kateter","18":"first","19":"instock","20":"shipping-taxable","21":"product-type-simple"},"_links":{"self":[{"href":"https:\/\/berha.org\/en\/wp-json\/wp\/v2\/product\/7933","targetHints":{"allow":["GET"]}}],"collection":[{"href":"https:\/\/berha.org\/en\/wp-json\/wp\/v2\/product"}],"about":[{"href":"https:\/\/berha.org\/en\/wp-json\/wp\/v2\/types\/product"}],"wp:featuredmedia":[{"embeddable":true,"href":"https:\/\/berha.org\/en\/wp-json\/wp\/v2\/media\/7200"}],"wp:attachment":[{"href":"https:\/\/berha.org\/en\/wp-json\/wp\/v2\/media?parent=7933"}],"wp:term":[{"taxonomy":"product_brand","embeddable":true,"href":"https:\/\/berha.org\/en\/wp-json\/wp\/v2\/product_brand?post=7933"},{"taxonomy":"product_cat","embeddable":true,"href":"https:\/\/berha.org\/en\/wp-json\/wp\/v2\/product_cat?post=7933"},{"taxonomy":"product_tag","embeddable":true,"href":"https:\/\/berha.org\/en\/wp-json\/wp\/v2\/product_tag?post=7933"}],"curies":[{"name":"wp","href":"https:\/\/api.w.org\/{rel}","templated":true}]}}