{"id":7925,"date":"2025-07-20T22:49:06","date_gmt":"2025-07-20T19:49:06","guid":{"rendered":"https:\/\/berha.org\/en\/?post_type=product&#038;p=7925"},"modified":"2025-07-20T22:49:08","modified_gmt":"2025-07-20T19:49:08","slug":"tens-elektrodu","status":"publish","type":"product","link":"https:\/\/berha.org\/en\/urun\/tens-elektrodu\/","title":{"rendered":"TENS Elektrodu"},"content":{"rendered":"<p>TENS Elektrodlar\u0131, transkutan\u00f6z elektriksel sinir stim\u00fclasyonu (TENS) uygulamalar\u0131nda \u00fcst\u00fcn konfor ve etkin sinyal iletimi i\u00e7in tasarlanm\u0131\u015ft\u0131r. Kendili\u011finden yap\u0131\u015fan yap\u0131s\u0131 sayesinde kolay kullan\u0131m sunan bu elektrodlar, a\u011fr\u0131l\u0131 kas b\u00f6lgelerine g\u00fcvenli ve etkili bir \u015fekilde ba\u011flan\u0131r.<\/p>\n<p>Hipoalerjenik jel tabakas\u0131, uzun s\u00fcreli kullan\u0131mda cilt tahri\u015fi ve alerji riskini minimize ederken, karbon lamine film sayesinde elektrik ak\u0131m\u0131 homojen \u015fekilde iletilir. B\u00f6ylece terapi etkinli\u011fi art\u0131r\u0131l\u0131r. Her pakette 4 adet bulunan elektrodlar, \u00e7ift simetrik uygulamalar i\u00e7in pratik ve ekonomik bir \u00e7\u00f6z\u00fcm sa\u011flar.<\/p>\n<p>Kas-iskelet sistemi a\u011fr\u0131lar\u0131, n\u00f6ropatik a\u011fr\u0131, postoperatif a\u011fr\u0131 kontrol\u00fc ve spor yaralanmalar\u0131 sonras\u0131 kas rahatlatma gibi bir\u00e7ok klinik alanda kullan\u0131ma uygundur. Lateks i\u00e7ermez ve t\u00fcm cilt tipleri i\u00e7in g\u00fcvenlidir.<\/p>\n<p>Tek kullan\u0131ml\u0131k olmas\u0131 hijyen standartlar\u0131n\u0131 en \u00fcst seviyede tutar ve \u00e7apraz kontaminasyonu \u00f6nler. \u00dcr\u00fcn, 5&#215;5 cm ve 5&#215;9 cm boyut se\u00e7enekleriyle ihtiyac\u0131n\u0131za uygun ideal \u00e7\u00f6z\u00fcm\u00fc sunar.<\/p>\n","protected":false},"excerpt":{"rendered":"<p>Y\u00fcksek iletkenlik sa\u011flayan hipoalerjenik jel tabakas\u0131 ile kas a\u011fr\u0131lar\u0131n\u0131zda g\u00fcvenli ve konforlu elektriksel sinir stim\u00fclasyonu sunan, steril olmayan, tek kullan\u0131ml\u0131k ve farkl\u0131 boy se\u00e7enekleriyle a\u011fr\u0131 y\u00f6netiminde ideal \u00e7\u00f6z\u00fcm.<\/p>\n","protected":false},"featured_media":7171,"template":"","meta":[],"product_brand":[],"product_cat":[1670],"product_tag":[1020,1016,1022,1019,1017,1021,405,1023,1018,516],"class_list":{"0":"post-7925","1":"product","2":"type-product","3":"status-publish","4":"has-post-thumbnail","6":"product_cat-genel-sarf","7":"product_tag-agri-yonetimi","8":"product_tag-elektriksel-sinir-stimulasyonu","9":"product_tag-fizyoterapi-urunu","10":"product_tag-hipoalerjenik-elektrod","11":"product_tag-kas-agrisi-tedavisi","12":"product_tag-lateks-icermeyen-elektrod","13":"product_tag-medikal-sarf-malzeme","14":"product_tag-noropatik-agri-kontrolu","15":"product_tag-tek-kullanimlik-elektrod","16":"product_tag-tens-elektrodu","18":"first","19":"instock","20":"shipping-taxable","21":"product-type-simple"},"_links":{"self":[{"href":"https:\/\/berha.org\/en\/wp-json\/wp\/v2\/product\/7925","targetHints":{"allow":["GET"]}}],"collection":[{"href":"https:\/\/berha.org\/en\/wp-json\/wp\/v2\/product"}],"about":[{"href":"https:\/\/berha.org\/en\/wp-json\/wp\/v2\/types\/product"}],"wp:featuredmedia":[{"embeddable":true,"href":"https:\/\/berha.org\/en\/wp-json\/wp\/v2\/media\/7171"}],"wp:attachment":[{"href":"https:\/\/berha.org\/en\/wp-json\/wp\/v2\/media?parent=7925"}],"wp:term":[{"taxonomy":"product_brand","embeddable":true,"href":"https:\/\/berha.org\/en\/wp-json\/wp\/v2\/product_brand?post=7925"},{"taxonomy":"product_cat","embeddable":true,"href":"https:\/\/berha.org\/en\/wp-json\/wp\/v2\/product_cat?post=7925"},{"taxonomy":"product_tag","embeddable":true,"href":"https:\/\/berha.org\/en\/wp-json\/wp\/v2\/product_tag?post=7925"}],"curies":[{"name":"wp","href":"https:\/\/api.w.org\/{rel}","templated":true}]}}