{"id":7924,"date":"2025-07-20T22:49:05","date_gmt":"2025-07-20T19:49:05","guid":{"rendered":"https:\/\/berha.org\/en\/?post_type=product&#038;p=7924"},"modified":"2025-07-20T22:49:08","modified_gmt":"2025-07-20T19:49:08","slug":"abr-elektrodu-3lu-paket","status":"publish","type":"product","link":"https:\/\/berha.org\/en\/urun\/abr-elektrodu-3lu-paket\/","title":{"rendered":"ABR Elektrodu (3\u2019l\u00fc Paket)"},"content":{"rendered":"<p>ABR Elektrodlar\u0131, i\u015fitsel beyin sap\u0131 yan\u0131t\u0131 (ABR) testleri ba\u015fta olmak \u00fczere n\u00f6rodiagnostik uygulamalarda y\u00fcksek hassasiyet ve sinyal kalitesi sunar. D\u00fc\u015f\u00fck empedansl\u0131 alt\u0131n kaplama plakalar sayesinde elektriksel g\u00fcr\u00fclt\u00fc minimuma indirilirken, hipoalerjenik yap\u0131\u015fkan pedler uzun s\u00fcreli kullan\u0131mda cilt tahri\u015fini engeller.<\/p>\n<p>Set, zirve (Cz), referans (A1\/A2) ve toprak (Fpz) pozisyonlar\u0131 i\u00e7in gerekli \u00fc\u00e7 elektrodu i\u00e7erir ve entegre, \u00f6rg\u00fcl\u00fc 1,5 metrelik kablosu t\u00fcm ABR sistemleriyle uyumludur. EO gaz sterilizasyonu ile hijyen garantisi sunan \u00fcr\u00fcn, \u00e7apraz kontaminasyon riskini ortadan kald\u0131r\u0131r.<\/p>\n<p>Pediatrik ve eri\u015fkin hastalarda ABR, SSEP ve EEG lokalizasyonu gibi testlerde \u00fcst\u00fcn performans sa\u011flar. Lateks ve DEHP i\u00e7ermez, hassas cilt tipleri i\u00e7in uygundur.<\/p>\n","protected":false},"excerpt":{"rendered":"<p>D\u00fc\u015f\u00fck empedansl\u0131 alt\u0131n kaplama plakalar ve hipoalerjenik yap\u0131\u015fkan pedlerle donat\u0131lm\u0131\u015f, steril, tek kullan\u0131ml\u0131k \u00fc\u00e7l\u00fc ABR elektrod seti. N\u00f6rolojik testlerde g\u00fcvenilir sinyal ve hasta konforu sa\u011flar.<\/p>\n","protected":false},"featured_media":7169,"template":"","meta":[],"product_brand":[],"product_cat":[1670],"product_tag":[1024,1028,1030,1029,1025,405,1026,1031,1027,1018],"class_list":{"0":"post-7924","1":"product","2":"type-product","3":"status-publish","4":"has-post-thumbnail","6":"product_cat-genel-sarf","7":"product_tag-abr-elektrodu","8":"product_tag-altin-kaplama-elektrod","9":"product_tag-eeg-elektrodu","10":"product_tag-hipoalerjenik","11":"product_tag-isitsel-beyin-sapi","12":"product_tag-medikal-sarf-malzeme","13":"product_tag-norodiagnostik-elektrod","14":"product_tag-norolojik-test-ekipmani","15":"product_tag-steril-elektrod","16":"product_tag-tek-kullanimlik-elektrod","18":"first","19":"instock","20":"shipping-taxable","21":"product-type-simple"},"_links":{"self":[{"href":"https:\/\/berha.org\/en\/wp-json\/wp\/v2\/product\/7924","targetHints":{"allow":["GET"]}}],"collection":[{"href":"https:\/\/berha.org\/en\/wp-json\/wp\/v2\/product"}],"about":[{"href":"https:\/\/berha.org\/en\/wp-json\/wp\/v2\/types\/product"}],"wp:featuredmedia":[{"embeddable":true,"href":"https:\/\/berha.org\/en\/wp-json\/wp\/v2\/media\/7169"}],"wp:attachment":[{"href":"https:\/\/berha.org\/en\/wp-json\/wp\/v2\/media?parent=7924"}],"wp:term":[{"taxonomy":"product_brand","embeddable":true,"href":"https:\/\/berha.org\/en\/wp-json\/wp\/v2\/product_brand?post=7924"},{"taxonomy":"product_cat","embeddable":true,"href":"https:\/\/berha.org\/en\/wp-json\/wp\/v2\/product_cat?post=7924"},{"taxonomy":"product_tag","embeddable":true,"href":"https:\/\/berha.org\/en\/wp-json\/wp\/v2\/product_tag?post=7924"}],"curies":[{"name":"wp","href":"https:\/\/api.w.org\/{rel}","templated":true}]}}