{"id":7922,"date":"2025-07-20T22:48:54","date_gmt":"2025-07-20T19:48:54","guid":{"rendered":"https:\/\/berha.org\/en\/?post_type=product&#038;p=7922"},"modified":"2025-07-20T22:49:04","modified_gmt":"2025-07-20T19:49:04","slug":"cerrahi-nester-bisturi-ucu-steril-no10-23","status":"publish","type":"product","link":"https:\/\/berha.org\/en\/urun\/cerrahi-nester-bisturi-ucu-steril-no10-23\/","title":{"rendered":"Cerrahi Ne\u015fter (Bist\u00fcri Ucu) \u2013 Steril &#8211; No:10-23"},"content":{"rendered":"<p>Cerrahi Ne\u015fter (Bist\u00fcri Ucu), ameliyat, k\u00fc\u00e7\u00fck cerrahi giri\u015fimler, otopsi ve doku haz\u0131rl\u0131\u011f\u0131 gibi i\u015flemlerde kullan\u0131lan, keskinli\u011fi ve hassasiyeti ile \u00f6ne \u00e7\u0131kan tek kullan\u0131ml\u0131k t\u0131bbi bir alettir.<\/p>\n<p>Steril olarak ambalajlanan bist\u00fcri u\u00e7lar\u0131, enfeksiyon riskini azalt\u0131r ve her i\u015flemde maksimum hijyen sa\u011flar. Farkl\u0131 u\u00e7 numaralar\u0131 sayesinde, her t\u00fcr cerrahi ihtiyaca uygun \u00e7\u00f6z\u00fcm sunar. B\u0131\u00e7ak u\u00e7lar\u0131 paslanmaz \u00e7elikten \u00fcretilmi\u015ftir.<\/p>\n","protected":false},"excerpt":{"rendered":"<p>Steril ve tek kullan\u0131ml\u0131k cerrahi ne\u015fter (bist\u00fcri) u\u00e7lar\u0131, \u00e7e\u015fitli numara se\u00e7enekleriyle hassas ve g\u00fcvenli kesiler i\u00e7in tasarlanm\u0131\u015ft\u0131r. T\u0131bbi ve cerrahi m\u00fcdahalelerde profesyonel kullan\u0131m i\u00e7in idealdir.<\/p>\n<p>No:10 \u2192 Y\u00fczeyel cilt kesileri (genel cerrahi, plastik cerrahi)<\/p>\n<p>No:11 \u2192 Keskin ucu ile delici-kesici i\u015flemler (abse bo\u015faltma, damar kesisi)<\/p>\n<p>No:12 \u2192 Kavisli yap\u0131s\u0131 sayesinde oral cerrahi veya di\u015f eti i\u015flemleri<\/p>\n<p>No:15 \u2192 K\u00fc\u00e7\u00fck ve detayl\u0131 kesiler (oftalmoloji, pediatri)<\/p>\n<p>No:20 \/ 21 \/ 22 \/ 23 \u2192 Daha geni\u015f alanlarda derin kesiler i\u00e7in (ortopedi, b\u00fcy\u00fck cerrahiler)<\/p>\n","protected":false},"featured_media":7166,"template":"","meta":[],"product_brand":[],"product_cat":[1670],"product_tag":[746,747,748,749,750,743,753,751,742,752,741,744,745],"class_list":{"0":"post-7922","1":"product","2":"type-product","3":"status-publish","4":"has-post-thumbnail","6":"product_cat-genel-sarf","7":"product_tag-10-numara-nester","8":"product_tag-11-numara-nester","9":"product_tag-12-numara-nester","10":"product_tag-15-numara-nester","11":"product_tag-20-numara-bisturi","12":"product_tag-bisturi","13":"product_tag-bisturi-bicagi","14":"product_tag-cerrahi-kesici-alet","15":"product_tag-cerrahi-nester","16":"product_tag-medikal-nester","17":"product_tag-nester","18":"product_tag-steril-bisturi","19":"product_tag-tek-kullanimlik-nester","21":"first","22":"instock","23":"shipping-taxable","24":"product-type-simple"},"_links":{"self":[{"href":"https:\/\/berha.org\/en\/wp-json\/wp\/v2\/product\/7922","targetHints":{"allow":["GET"]}}],"collection":[{"href":"https:\/\/berha.org\/en\/wp-json\/wp\/v2\/product"}],"about":[{"href":"https:\/\/berha.org\/en\/wp-json\/wp\/v2\/types\/product"}],"wp:featuredmedia":[{"embeddable":true,"href":"https:\/\/berha.org\/en\/wp-json\/wp\/v2\/media\/7166"}],"wp:attachment":[{"href":"https:\/\/berha.org\/en\/wp-json\/wp\/v2\/media?parent=7922"}],"wp:term":[{"taxonomy":"product_brand","embeddable":true,"href":"https:\/\/berha.org\/en\/wp-json\/wp\/v2\/product_brand?post=7922"},{"taxonomy":"product_cat","embeddable":true,"href":"https:\/\/berha.org\/en\/wp-json\/wp\/v2\/product_cat?post=7922"},{"taxonomy":"product_tag","embeddable":true,"href":"https:\/\/berha.org\/en\/wp-json\/wp\/v2\/product_tag?post=7922"}],"curies":[{"name":"wp","href":"https:\/\/api.w.org\/{rel}","templated":true}]}}