{"id":7918,"date":"2025-07-20T22:48:53","date_gmt":"2025-07-20T19:48:53","guid":{"rendered":"https:\/\/berha.org\/en\/?post_type=product&#038;p=7918"},"modified":"2025-07-20T22:49:04","modified_gmt":"2025-07-20T19:49:04","slug":"steril-serum-seti-tek-kullanimlik-iv-infuzyon-seti","status":"publish","type":"product","link":"https:\/\/berha.org\/en\/urun\/steril-serum-seti-tek-kullanimlik-iv-infuzyon-seti\/","title":{"rendered":"Steril Serum Seti \u2013 Tek Kullan\u0131ml\u0131k IV \u0130nf\u00fczyon Seti"},"content":{"rendered":"<p>Serum seti, damar i\u00e7i s\u0131v\u0131 ve ila\u00e7 uygulamalar\u0131nda kullan\u0131lan medikal bir \u00fcr\u00fcnd\u00fcr. \u015eeffaf, esnek hortumu sayesinde ak\u0131\u015f kolayca izlenebilir. Damla odac\u0131\u011f\u0131 ve hava filtresi sayesinde g\u00fcvenli s\u0131v\u0131 ge\u00e7i\u015fi sa\u011flar. Luer lock veya luer slip sistemlerle uyumludur. Tek kullan\u0131ml\u0131k olarak \u00fcretilmi\u015f olup, steril paketinde sunulur.<\/p>\n","protected":false},"excerpt":{"rendered":"<p>S\u0131v\u0131 ve ila\u00e7 uygulamalar\u0131nda kullan\u0131lan, steril ve tek kullan\u0131ml\u0131k serum seti. T\u00fcm standart IV sistemlerle uyumludur.<\/p>\n","protected":false},"featured_media":7164,"template":"","meta":[],"product_brand":[],"product_cat":[1670],"product_tag":[601,595,596,598,572,594,597,600,599],"class_list":{"0":"post-7918","1":"product","2":"type-product","3":"status-publish","4":"has-post-thumbnail","6":"product_cat-genel-sarf","7":"product_tag-infuzyon-ekipmani","8":"product_tag-infuzyon-seti","9":"product_tag-iv-set","10":"product_tag-medikal-serum-seti","11":"product_tag-saglik-sarf-malzemesi","12":"product_tag-serum-seti","13":"product_tag-sivi-uygulama-seti","14":"product_tag-tek-kullanimlik-serum-seti","15":"product_tag-tibbi-set","17":"first","18":"instock","19":"shipping-taxable","20":"product-type-simple"},"_links":{"self":[{"href":"https:\/\/berha.org\/en\/wp-json\/wp\/v2\/product\/7918","targetHints":{"allow":["GET"]}}],"collection":[{"href":"https:\/\/berha.org\/en\/wp-json\/wp\/v2\/product"}],"about":[{"href":"https:\/\/berha.org\/en\/wp-json\/wp\/v2\/types\/product"}],"wp:featuredmedia":[{"embeddable":true,"href":"https:\/\/berha.org\/en\/wp-json\/wp\/v2\/media\/7164"}],"wp:attachment":[{"href":"https:\/\/berha.org\/en\/wp-json\/wp\/v2\/media?parent=7918"}],"wp:term":[{"taxonomy":"product_brand","embeddable":true,"href":"https:\/\/berha.org\/en\/wp-json\/wp\/v2\/product_brand?post=7918"},{"taxonomy":"product_cat","embeddable":true,"href":"https:\/\/berha.org\/en\/wp-json\/wp\/v2\/product_cat?post=7918"},{"taxonomy":"product_tag","embeddable":true,"href":"https:\/\/berha.org\/en\/wp-json\/wp\/v2\/product_tag?post=7918"}],"curies":[{"name":"wp","href":"https:\/\/api.w.org\/{rel}","templated":true}]}}