{"id":7917,"date":"2025-07-20T22:48:53","date_gmt":"2025-07-20T19:48:53","guid":{"rendered":"https:\/\/berha.org\/en\/?post_type=product&#038;p=7917"},"modified":"2025-07-20T22:49:03","modified_gmt":"2025-07-20T19:49:03","slug":"steril-enjeksiyon-ignesi-needle-tip-farkli-boyut-ve-gauge-secenekleri","status":"publish","type":"product","link":"https:\/\/berha.org\/en\/urun\/steril-enjeksiyon-ignesi-needle-tip-farkli-boyut-ve-gauge-secenekleri\/","title":{"rendered":"Steril Enjeksiyon \u0130\u011fnesi (Needle Tip) \u2013 Farkl\u0131 Boyut ve Gauge Se\u00e7enekleri"},"content":{"rendered":"<p>Needle Tip (i\u011fne u\u00e7lar\u0131), enjeksiyon ve s\u0131v\u0131 \u00e7ekimi i\u015flemleri i\u00e7in kullan\u0131lan, steril ve tek kullan\u0131ml\u0131k hipodermik i\u011fnelerdir. Farkl\u0131 gauge (G) ve uzunluk \u00f6l\u00e7\u00fcleriyle \u00e7e\u015fitli medikal uygulamalara uygundur. Luer lock ve luer slip enjekt\u00f6rlerle uyumlu tasar\u0131m\u0131 sayesinde g\u00fcvenli ba\u011flant\u0131 sa\u011flar.<\/p>\n","protected":false},"excerpt":{"rendered":"<p>Steril, tek kullan\u0131ml\u0131k enjeksiyon i\u011fneleri. Farkl\u0131 gauge (kal\u0131nl\u0131k) ve uzunluk se\u00e7enekleriyle mevcuttur.<\/p>\n<p>18G<\/p>\n<p>21G<\/p>\n<p>23G<\/p>\n<p>25G<\/p>\n<p>27G<\/p>\n","protected":false},"featured_media":7162,"template":"","meta":[],"product_brand":[],"product_cat":[1670],"product_tag":[586,593,587,585,592,591,471,588,589,590],"class_list":{"0":"post-7917","1":"product","2":"type-product","3":"status-publish","4":"has-post-thumbnail","6":"product_cat-genel-sarf","7":"product_tag-enjeksiyon-ignesi","8":"product_tag-enjektor-ignesi","9":"product_tag-hipodermik-igne","10":"product_tag-igne-ucu","11":"product_tag-igne-ucu-cesitleri","12":"product_tag-medikal-igne","13":"product_tag-medikal-sarf","14":"product_tag-needle-tip","15":"product_tag-steril-igne","16":"product_tag-tek-kullanimlik-igne","18":"first","19":"instock","20":"shipping-taxable","21":"product-type-simple"},"_links":{"self":[{"href":"https:\/\/berha.org\/en\/wp-json\/wp\/v2\/product\/7917","targetHints":{"allow":["GET"]}}],"collection":[{"href":"https:\/\/berha.org\/en\/wp-json\/wp\/v2\/product"}],"about":[{"href":"https:\/\/berha.org\/en\/wp-json\/wp\/v2\/types\/product"}],"wp:featuredmedia":[{"embeddable":true,"href":"https:\/\/berha.org\/en\/wp-json\/wp\/v2\/media\/7162"}],"wp:attachment":[{"href":"https:\/\/berha.org\/en\/wp-json\/wp\/v2\/media?parent=7917"}],"wp:term":[{"taxonomy":"product_brand","embeddable":true,"href":"https:\/\/berha.org\/en\/wp-json\/wp\/v2\/product_brand?post=7917"},{"taxonomy":"product_cat","embeddable":true,"href":"https:\/\/berha.org\/en\/wp-json\/wp\/v2\/product_cat?post=7917"},{"taxonomy":"product_tag","embeddable":true,"href":"https:\/\/berha.org\/en\/wp-json\/wp\/v2\/product_tag?post=7917"}],"curies":[{"name":"wp","href":"https:\/\/api.w.org\/{rel}","templated":true}]}}