{"id":7915,"date":"2025-07-20T22:48:53","date_gmt":"2025-07-20T19:48:53","guid":{"rendered":"https:\/\/berha.org\/en\/?post_type=product&#038;p=7915"},"modified":"2025-07-20T22:49:03","modified_gmt":"2025-07-20T19:49:03","slug":"3-way-tap-uc-yollu-medikal-musluk-steril","status":"publish","type":"product","link":"https:\/\/berha.org\/en\/urun\/3-way-tap-uc-yollu-medikal-musluk-steril\/","title":{"rendered":"3 Way Tap \u2013 \u00dc\u00e7 Yollu Medikal Musluk (Steril)"},"content":{"rendered":"<p>3 Way Tap (\u00dc\u00e7 Yollu Musluk), damar i\u00e7i tedavi s\u00fcre\u00e7lerinde birden fazla s\u0131v\u0131 ya da ilac\u0131n g\u00fcvenli \u015fekilde uygulanmas\u0131n\u0131 sa\u011flar. D\u00f6ner musluk ba\u015fl\u0131\u011f\u0131 sayesinde 360\u00b0 y\u00f6n kontrol\u00fc sunar. Enjekt\u00f6r, IV set ve di\u011fer ekipmanlarla uyumludur. Her biri steril, tekli blister ambalajda sunulur.<\/p>\n","protected":false},"excerpt":{"rendered":"<p>IV s\u0131v\u0131 ve ila\u00e7 uygulamalar\u0131n\u0131 y\u00f6nlendirmeye yarayan, steril ve tek kullan\u0131ml\u0131k \u00fc\u00e7 yollu musluk.<\/p>\n","protected":false},"featured_media":7159,"template":"","meta":[],"product_brand":[],"product_cat":[1670],"product_tag":[573,580,578,579,575,576,562,574,577,581],"class_list":{"0":"post-7915","1":"product","2":"type-product","3":"status-publish","4":"has-post-thumbnail","6":"product_cat-genel-sarf","7":"product_tag-3-way-tap","8":"product_tag-damar-ici-baglanti-aparati","9":"product_tag-enjektor-baglanti-aparati","10":"product_tag-infuzyon-muslugu","11":"product_tag-iv-musluk","12":"product_tag-medikal-musluk","13":"product_tag-tibbi-sarf-malzeme","14":"product_tag-uc-yollu-musluk","15":"product_tag-uc-yollu-vana","16":"product_tag-uc-yonlu-valf","18":"first","19":"instock","20":"shipping-taxable","21":"product-type-simple"},"_links":{"self":[{"href":"https:\/\/berha.org\/en\/wp-json\/wp\/v2\/product\/7915","targetHints":{"allow":["GET"]}}],"collection":[{"href":"https:\/\/berha.org\/en\/wp-json\/wp\/v2\/product"}],"about":[{"href":"https:\/\/berha.org\/en\/wp-json\/wp\/v2\/types\/product"}],"wp:featuredmedia":[{"embeddable":true,"href":"https:\/\/berha.org\/en\/wp-json\/wp\/v2\/media\/7159"}],"wp:attachment":[{"href":"https:\/\/berha.org\/en\/wp-json\/wp\/v2\/media?parent=7915"}],"wp:term":[{"taxonomy":"product_brand","embeddable":true,"href":"https:\/\/berha.org\/en\/wp-json\/wp\/v2\/product_brand?post=7915"},{"taxonomy":"product_cat","embeddable":true,"href":"https:\/\/berha.org\/en\/wp-json\/wp\/v2\/product_cat?post=7915"},{"taxonomy":"product_tag","embeddable":true,"href":"https:\/\/berha.org\/en\/wp-json\/wp\/v2\/product_tag?post=7915"}],"curies":[{"name":"wp","href":"https:\/\/api.w.org\/{rel}","templated":true}]}}