{"id":7914,"date":"2025-07-20T22:48:53","date_gmt":"2025-07-20T19:48:53","guid":{"rendered":"https:\/\/berha.org\/en\/?post_type=product&#038;p=7914"},"modified":"2025-07-20T22:49:02","modified_gmt":"2025-07-20T19:49:02","slug":"steril-tek-kullanimlik-iv-kanul-intraket-farkli-renk-ve-numara-secenekleri","status":"publish","type":"product","link":"https:\/\/berha.org\/en\/urun\/steril-tek-kullanimlik-iv-kanul-intraket-farkli-renk-ve-numara-secenekleri\/","title":{"rendered":"Steril Tek Kullan\u0131ml\u0131k IV Kan\u00fcl\/\u0130ntraket \u2013 Farkl\u0131 Renk ve Numara Se\u00e7enekleri"},"content":{"rendered":"<p>IV kan\u00fcller (intraven\u00f6z kan\u00fcller), damar yolu a\u00e7mak ve s\u0131v\u0131 ya da ila\u00e7 uygulamak i\u00e7in kullan\u0131l\u0131r. Paslanmaz \u00e7elik i\u011fneye sahip bu kan\u00fcller, kolay damar eri\u015fimi sa\u011flar. Her biri renk kodludur ve uluslararas\u0131 standartlara uygundur. Tek kullan\u0131ml\u0131kt\u0131r ve steril ambalajda sunulur.<\/p>\n<p>Mevcut Numara ve Renkler:<\/p>\n<p>G14 \u2013 Turuncu<\/p>\n<p>G16 \u2013 Gri<\/p>\n<p>G18 \u2013 Ye\u015fil<\/p>\n<p>G20 \u2013 Pembe<\/p>\n<p>G22 \u2013 Mavi<\/p>\n<p>G24 \u2013 Sar\u0131<\/p>\n<p>G26 \u2013 Mor<\/p>\n","protected":false},"excerpt":{"rendered":"<p>Damar i\u00e7i uygulamalar i\u00e7in kullan\u0131lan, steril ve tek kullan\u0131ml\u0131k IV kan\u00fcl. Farkl\u0131 renk ve \u00e7ap numaralar\u0131 mevcuttur.<\/p>\n","protected":false},"featured_media":7157,"template":"","meta":[],"product_brand":[],"product_cat":[1670],"product_tag":[566,569,568,565,564,563,571,572,570,567],"class_list":{"0":"post-7914","1":"product","2":"type-product","3":"status-publish","4":"has-post-thumbnail","6":"product_cat-genel-sarf","7":"product_tag-damar-ici-kanul","8":"product_tag-damar-yolu-acma","9":"product_tag-igneli-kanul","10":"product_tag-intravenoz-kanul","11":"product_tag-iv-kanul","12":"product_tag-kanul","13":"product_tag-medikal-kanul","14":"product_tag-saglik-sarf-malzemesi","15":"product_tag-tek-kullanimlik-kanul","16":"product_tag-venoz-giris-kanulu","18":"first","19":"instock","20":"shipping-taxable","21":"product-type-simple"},"_links":{"self":[{"href":"https:\/\/berha.org\/en\/wp-json\/wp\/v2\/product\/7914","targetHints":{"allow":["GET"]}}],"collection":[{"href":"https:\/\/berha.org\/en\/wp-json\/wp\/v2\/product"}],"about":[{"href":"https:\/\/berha.org\/en\/wp-json\/wp\/v2\/types\/product"}],"wp:featuredmedia":[{"embeddable":true,"href":"https:\/\/berha.org\/en\/wp-json\/wp\/v2\/media\/7157"}],"wp:attachment":[{"href":"https:\/\/berha.org\/en\/wp-json\/wp\/v2\/media?parent=7914"}],"wp:term":[{"taxonomy":"product_brand","embeddable":true,"href":"https:\/\/berha.org\/en\/wp-json\/wp\/v2\/product_brand?post=7914"},{"taxonomy":"product_cat","embeddable":true,"href":"https:\/\/berha.org\/en\/wp-json\/wp\/v2\/product_cat?post=7914"},{"taxonomy":"product_tag","embeddable":true,"href":"https:\/\/berha.org\/en\/wp-json\/wp\/v2\/product_tag?post=7914"}],"curies":[{"name":"wp","href":"https:\/\/api.w.org\/{rel}","templated":true}]}}