{"id":7913,"date":"2025-07-20T22:48:53","date_gmt":"2025-07-20T19:48:53","guid":{"rendered":"https:\/\/berha.org\/en\/?post_type=product&#038;p=7913"},"modified":"2025-07-20T22:49:01","modified_gmt":"2025-07-20T19:49:01","slug":"steril-tek-kullanimlik-lanset-seker-olcum-ignesi-28g-30g-31g","status":"publish","type":"product","link":"https:\/\/berha.org\/en\/urun\/steril-tek-kullanimlik-lanset-seker-olcum-ignesi-28g-30g-31g\/","title":{"rendered":"Steril Tek Kullan\u0131ml\u0131k Lanset \u2013 \u015eeker \u00d6l\u00e7\u00fcm \u0130\u011fnesi- 28G, 30G, 31G"},"content":{"rendered":"<p>Lansetler, diyabet hastalar\u0131n\u0131n parmak ucundan g\u00fcvenli ve hijyenik \u015fekilde kan \u00f6rne\u011fi almas\u0131n\u0131 sa\u011flar. Mikroi\u011fne teknolojisi sayesinde minimum ac\u0131 hissi ile uygulama yap\u0131labilir. Tek kullan\u0131ml\u0131k steril yap\u0131s\u0131 ile enfeksiyon riskini azalt\u0131r. Pek \u00e7ok \u00f6l\u00e7\u00fcm cihaz\u0131 ve delici kalemle uyumludur.<\/p>\n<p>\u00d6zellikler:<\/p>\n<p>Steril ve tek kullan\u0131ml\u0131kt\u0131r<\/p>\n<p>Y\u00fcksek kaliteli \u00e7elik i\u011fne, g\u00fcvenli ve yumu\u015fak delme<\/p>\n<p>Farkl\u0131 kal\u0131nl\u0131k (gauge) se\u00e7enekleri: 28G, 30G, 31G<\/p>\n<p>\u00c7o\u011fu delici cihazla uyumludur (Unistik, Accu-Chek, OneTouch vb.)<\/p>\n<p>Kolay a\u00e7\u0131l\u0131r koruyucu kapak<\/p>\n","protected":false},"excerpt":{"rendered":"<p>\u015eeker \u00f6l\u00e7\u00fcm cihazlar\u0131yla uyumlu, steril, tek kullan\u0131ml\u0131k kan alma i\u011fnesi (lanset).<\/p>\n","protected":false},"featured_media":7140,"template":"","meta":[],"product_brand":[],"product_cat":[1670],"product_tag":[555,558,553,559,556,561,554,560,557,562],"class_list":{"0":"post-7913","1":"product","2":"type-product","3":"status-publish","4":"has-post-thumbnail","6":"product_cat-genel-sarf","7":"product_tag-diyabet-lanseti","8":"product_tag-kan-alma-ignesi","9":"product_tag-lanset","10":"product_tag-medikal-lanset","11":"product_tag-parmak-delici","12":"product_tag-seker-olcum-cihazi-ignesi","13":"product_tag-seker-olcum-ignesi","14":"product_tag-steril-lanset","15":"product_tag-tek-kullanimlik-lanset","16":"product_tag-tibbi-sarf-malzeme","18":"first","19":"instock","20":"shipping-taxable","21":"product-type-simple"},"_links":{"self":[{"href":"https:\/\/berha.org\/en\/wp-json\/wp\/v2\/product\/7913","targetHints":{"allow":["GET"]}}],"collection":[{"href":"https:\/\/berha.org\/en\/wp-json\/wp\/v2\/product"}],"about":[{"href":"https:\/\/berha.org\/en\/wp-json\/wp\/v2\/types\/product"}],"wp:featuredmedia":[{"embeddable":true,"href":"https:\/\/berha.org\/en\/wp-json\/wp\/v2\/media\/7140"}],"wp:attachment":[{"href":"https:\/\/berha.org\/en\/wp-json\/wp\/v2\/media?parent=7913"}],"wp:term":[{"taxonomy":"product_brand","embeddable":true,"href":"https:\/\/berha.org\/en\/wp-json\/wp\/v2\/product_brand?post=7913"},{"taxonomy":"product_cat","embeddable":true,"href":"https:\/\/berha.org\/en\/wp-json\/wp\/v2\/product_cat?post=7913"},{"taxonomy":"product_tag","embeddable":true,"href":"https:\/\/berha.org\/en\/wp-json\/wp\/v2\/product_tag?post=7913"}],"curies":[{"name":"wp","href":"https:\/\/api.w.org\/{rel}","templated":true}]}}