{"id":7911,"date":"2025-07-20T22:48:53","date_gmt":"2025-07-20T19:48:53","guid":{"rendered":"https:\/\/berha.org\/en\/?post_type=product&#038;p=7911"},"modified":"2025-07-20T22:49:01","modified_gmt":"2025-07-20T19:49:01","slug":"steril-tek-kullanimlik-enjektor-1-ml-60-ml","status":"publish","type":"product","link":"https:\/\/berha.org\/en\/urun\/steril-tek-kullanimlik-enjektor-1-ml-60-ml\/","title":{"rendered":"Steril Tek Kullan\u0131ml\u0131k Enjekt\u00f6r \u2013 1 ml-60 ml"},"content":{"rendered":"<p>Steril enjekt\u00f6rler, medikal uygulamalarda s\u0131v\u0131 \u00e7ekme, enjekte etme veya \u00f6l\u00e7\u00fcm yapma i\u015flemleri i\u00e7in kullan\u0131l\u0131r. Y\u00fcksek kaliteli \u015feffaf g\u00f6vdesi, net \u00f6l\u00e7\u00fcm imkan\u0131 sunarken, silikonlanm\u0131\u015f piston yap\u0131s\u0131 ak\u0131c\u0131 ve sars\u0131nt\u0131s\u0131z kullan\u0131m sa\u011flar. T\u00fcm boyutlar steril paketlerde sunulur ve tek kullan\u0131ml\u0131kt\u0131r.<\/p>\n<p>Mevcut Boyutlar:<\/p>\n<p>1 ml<\/p>\n<p>2 ml<\/p>\n<p>3 ml<\/p>\n<p>5 ml<\/p>\n<p>10 ml<\/p>\n<p>20 ml<\/p>\n<p>30 ml<\/p>\n<p>50\/60 ml<\/p>\n","protected":false},"excerpt":{"rendered":"<p>Steril, tek kullan\u0131ml\u0131k ve i\u011fnesiz enjekt\u00f6r. 1 ml&#8217;den 60 ml&#8217;ye kadar \u00e7e\u015fitli hacim se\u00e7enekleriyle.<\/p>\n","protected":false},"featured_media":7138,"template":"","meta":[],"product_brand":[],"product_cat":[1670],"product_tag":[536,537,534,542,541,471,539,535,540,538],"class_list":{"0":"post-7911","1":"product","2":"type-product","3":"status-publish","4":"has-post-thumbnail","6":"product_cat-genel-sarf","7":"product_tag-2-parcali-enjektor","8":"product_tag-3-parcali-enjektor","9":"product_tag-enjektor","10":"product_tag-farkli-boyut-enjektor","11":"product_tag-ignesiz-enjektor","12":"product_tag-medikal-sarf","13":"product_tag-medikal-siringa","14":"product_tag-steril-enjektor","15":"product_tag-tek-kullanimlik-enjektor","16":"product_tag-tibbi-enjektor","18":"first","19":"instock","20":"shipping-taxable","21":"product-type-simple"},"_links":{"self":[{"href":"https:\/\/berha.org\/en\/wp-json\/wp\/v2\/product\/7911","targetHints":{"allow":["GET"]}}],"collection":[{"href":"https:\/\/berha.org\/en\/wp-json\/wp\/v2\/product"}],"about":[{"href":"https:\/\/berha.org\/en\/wp-json\/wp\/v2\/types\/product"}],"wp:featuredmedia":[{"embeddable":true,"href":"https:\/\/berha.org\/en\/wp-json\/wp\/v2\/media\/7138"}],"wp:attachment":[{"href":"https:\/\/berha.org\/en\/wp-json\/wp\/v2\/media?parent=7911"}],"wp:term":[{"taxonomy":"product_brand","embeddable":true,"href":"https:\/\/berha.org\/en\/wp-json\/wp\/v2\/product_brand?post=7911"},{"taxonomy":"product_cat","embeddable":true,"href":"https:\/\/berha.org\/en\/wp-json\/wp\/v2\/product_cat?post=7911"},{"taxonomy":"product_tag","embeddable":true,"href":"https:\/\/berha.org\/en\/wp-json\/wp\/v2\/product_tag?post=7911"}],"curies":[{"name":"wp","href":"https:\/\/api.w.org\/{rel}","templated":true}]}}