{"id":7910,"date":"2025-07-20T22:48:53","date_gmt":"2025-07-20T19:48:53","guid":{"rendered":"https:\/\/berha.org\/en\/?post_type=product&#038;p=7910"},"modified":"2025-07-20T22:49:01","modified_gmt":"2025-07-20T19:49:01","slug":"3-katli-cerrahi-medikal-maske-tek-kullanimlik-lastikli","status":"publish","type":"product","link":"https:\/\/berha.org\/en\/urun\/3-katli-cerrahi-medikal-maske-tek-kullanimlik-lastikli\/","title":{"rendered":"3 Katl\u0131 Cerrahi Medikal Maske \u2013 Tek Kullan\u0131ml\u0131k, Lastikli"},"content":{"rendered":"<p>3 katl\u0131 medikal maskeler, hastane, klinik ve g\u00fcnl\u00fck kullan\u0131m i\u00e7in ideal koruma sa\u011flar. BFE (Bakteri Filtrasyon Verimlili\u011fi) oran\u0131 y\u00fcksek filtre yap\u0131s\u0131 sayesinde solunum yolu ile bula\u015fan mikroorganizmalara kar\u015f\u0131 etkili bir bariyer sunar. Esnek kulak lastikleri ve burun teli ile y\u00fcz formuna uyum sa\u011flayarak rahat bir kullan\u0131m sa\u011flar.<\/p>\n","protected":false},"excerpt":{"rendered":"<p>3 katl\u0131 yap\u0131s\u0131 ve burun teliyle tam uyum sa\u011flayan, nefes alabilir, tek kullan\u0131ml\u0131k medikal maske.<\/p>\n","protected":false},"featured_media":7136,"template":"","meta":[],"product_brand":[],"product_cat":[1670],"product_tag":[526,530,525,532,529,524,531,533,527,528],"class_list":{"0":"post-7910","1":"product","2":"type-product","3":"status-publish","4":"has-post-thumbnail","6":"product_cat-genel-sarf","7":"product_tag-3-katli-maske","8":"product_tag-burun-telli-maske","9":"product_tag-cerrahi-maske","10":"product_tag-hijyenik-maske","11":"product_tag-lastikli-maske","12":"product_tag-medikal-maske","13":"product_tag-nefes-alabilir-maske","14":"product_tag-saglik-maskesi","15":"product_tag-tek-kullanimlik-maske","16":"product_tag-tibbi-maske","18":"first","19":"instock","20":"shipping-taxable","21":"product-type-simple"},"_links":{"self":[{"href":"https:\/\/berha.org\/en\/wp-json\/wp\/v2\/product\/7910","targetHints":{"allow":["GET"]}}],"collection":[{"href":"https:\/\/berha.org\/en\/wp-json\/wp\/v2\/product"}],"about":[{"href":"https:\/\/berha.org\/en\/wp-json\/wp\/v2\/types\/product"}],"wp:featuredmedia":[{"embeddable":true,"href":"https:\/\/berha.org\/en\/wp-json\/wp\/v2\/media\/7136"}],"wp:attachment":[{"href":"https:\/\/berha.org\/en\/wp-json\/wp\/v2\/media?parent=7910"}],"wp:term":[{"taxonomy":"product_brand","embeddable":true,"href":"https:\/\/berha.org\/en\/wp-json\/wp\/v2\/product_brand?post=7910"},{"taxonomy":"product_cat","embeddable":true,"href":"https:\/\/berha.org\/en\/wp-json\/wp\/v2\/product_cat?post=7910"},{"taxonomy":"product_tag","embeddable":true,"href":"https:\/\/berha.org\/en\/wp-json\/wp\/v2\/product_tag?post=7910"}],"curies":[{"name":"wp","href":"https:\/\/api.w.org\/{rel}","templated":true}]}}