{"id":7909,"date":"2025-07-20T22:48:53","date_gmt":"2025-07-20T19:48:53","guid":{"rendered":"https:\/\/berha.org\/en\/?post_type=product&#038;p=7909"},"modified":"2025-07-20T22:49:01","modified_gmt":"2025-07-20T19:49:01","slug":"yapiskanli-elektrot-pedi","status":"publish","type":"product","link":"https:\/\/berha.org\/en\/urun\/yapiskanli-elektrot-pedi\/","title":{"rendered":"Yap\u0131\u015fkanl\u0131 Elektrot Pedi"},"content":{"rendered":"<p>Kendinden yap\u0131\u015fkanl\u0131 elektrot pedleri, sinir ve kas stim\u00fclasyonu i\u00e7in geli\u015ftirilmi\u015f, medikal kaliteye sahip \u00fcr\u00fcnlerdir. Cilde zarar vermeyen, hipoalerjenik jel tabakas\u0131 sayesinde konforlu kullan\u0131m sa\u011flar. Fizyoterapi, a\u011fr\u0131 tedavisi, kas gev\u015fetme ve elektrik stim\u00fclasyonu gibi uygulamalarda etkili sonu\u00e7lar sunar. Uzun \u00f6m\u00fcrl\u00fc yap\u0131\u015fkan y\u00fczeyi ile tekrar kullan\u0131labilir.<\/p>\n","protected":false},"excerpt":{"rendered":"<p>TENS ve EMS cihazlar\u0131yla tam uyumlu Beybi elektrot pedi, kaliteli yap\u0131s\u0131 ve y\u00fcksek iletkenli\u011fiyle g\u00fcvenli kullan\u0131m sunar.<\/p>\n","protected":false},"featured_media":7135,"template":"","meta":[],"product_brand":[],"product_cat":[1670],"product_tag":[520,515,522,519,517,518,405,523,521,516],"class_list":{"0":"post-7909","1":"product","2":"type-product","3":"status-publish","4":"has-post-thumbnail","6":"product_cat-genel-sarf","7":"product_tag-dusuk-voltaj-elektrodu","8":"product_tag-elektrot","9":"product_tag-elektrot-pedi","10":"product_tag-fizyoterapi-elektrodu","11":"product_tag-kendinden-yapiskanli-elektrot","12":"product_tag-medikal-elektrot","13":"product_tag-medikal-sarf-malzeme","14":"product_tag-reusable-elektrot","15":"product_tag-sinir-stimulasyonu","16":"product_tag-tens-elektrodu","18":"first","19":"instock","20":"shipping-taxable","21":"product-type-simple"},"_links":{"self":[{"href":"https:\/\/berha.org\/en\/wp-json\/wp\/v2\/product\/7909","targetHints":{"allow":["GET"]}}],"collection":[{"href":"https:\/\/berha.org\/en\/wp-json\/wp\/v2\/product"}],"about":[{"href":"https:\/\/berha.org\/en\/wp-json\/wp\/v2\/types\/product"}],"wp:featuredmedia":[{"embeddable":true,"href":"https:\/\/berha.org\/en\/wp-json\/wp\/v2\/media\/7135"}],"wp:attachment":[{"href":"https:\/\/berha.org\/en\/wp-json\/wp\/v2\/media?parent=7909"}],"wp:term":[{"taxonomy":"product_brand","embeddable":true,"href":"https:\/\/berha.org\/en\/wp-json\/wp\/v2\/product_brand?post=7909"},{"taxonomy":"product_cat","embeddable":true,"href":"https:\/\/berha.org\/en\/wp-json\/wp\/v2\/product_cat?post=7909"},{"taxonomy":"product_tag","embeddable":true,"href":"https:\/\/berha.org\/en\/wp-json\/wp\/v2\/product_tag?post=7909"}],"curies":[{"name":"wp","href":"https:\/\/api.w.org\/{rel}","templated":true}]}}