{"id":7907,"date":"2025-07-20T22:48:52","date_gmt":"2025-07-20T19:48:52","guid":{"rendered":"https:\/\/berha.org\/en\/?post_type=product&#038;p=7907"},"modified":"2025-07-20T22:49:00","modified_gmt":"2025-07-20T19:49:00","slug":"bsn-leukomed-t-transparan-film-yara-ortusu-8cm-x-10cm-50-li","status":"publish","type":"product","link":"https:\/\/berha.org\/en\/urun\/bsn-leukomed-t-transparan-film-yara-ortusu-8cm-x-10cm-50-li\/","title":{"rendered":"Bsn Leukomed T Transparan Film Yara \u00d6rt\u00fcs\u00fc 8cm x 10cm 50 &#8216;li"},"content":{"rendered":"<p>BSN Leukomed T 8cm x 10cm, yara bak\u0131m\u0131nda y\u00fcksek koruma sa\u011flayan, \u015feffaf ve esnek bir film yara \u00f6rt\u00fcs\u00fcd\u00fcr. Transparan yap\u0131s\u0131 sayesinde yara b\u00f6lgesi d\u0131\u015f etkenlerden korunurken, ayn\u0131 zamanda yara g\u00f6r\u00fcn\u00fcr kal\u0131r. Bu sayede pansuman\u0131 \u00e7\u0131karmadan yara takibi kolayl\u0131kla yap\u0131labilir.<\/p>\n<p>\u00dcr\u00fcn, su ge\u00e7irmez, hava ge\u00e7irgen ve cilde uyumlu yap\u0131s\u0131yla \u00f6zellikle post-op (cerrahi sonras\u0131) uygulamalar ve y\u00fczeysel yaralar i\u00e7in idealdir. Y\u00fcksek kaliteli yap\u0131\u015fkan\u0131 sayesinde g\u00fcvenli sabitleme sa\u011flar ancak cildi tahri\u015f etmez.<\/p>\n<p>Steril olarak \u00fcretilen Leukomed T, tek kullan\u0131ml\u0131k olup 50 adetlik ekonomik kutu i\u00e7erisinde sunulur. Profesyonel kullan\u0131m i\u00e7in uygundur.<\/p>\n","protected":false},"excerpt":{"rendered":"<p>Leukomed T 8cm x 10cm, su ge\u00e7irmez ve hava ge\u00e7irgen transparan film yara \u00f6rt\u00fcs\u00fcd\u00fcr. Sterildir, esnektir ve ciltte g\u00fcvenli tutunur. 50\u2019li kutu olarak sunulur.<\/p>\n","protected":false},"featured_media":7127,"template":"","meta":[],"product_brand":[464],"product_cat":[1674,630],"product_tag":[664,663,632,643,662,660,645,665,467,652,661],"class_list":{"0":"post-7907","1":"product","2":"type-product","3":"status-publish","4":"has-post-thumbnail","6":"product_brand-bsn-medikal","7":"product_cat-bsn-medikal","8":"product_cat-yara-bakimi","9":"product_tag-50li-yara-ortusu","10":"product_tag-8cm-x-10cm","11":"product_tag-bsn","12":"product_tag-bsn-yara-bakim-urunleri","13":"product_tag-film-yara-ortusu","14":"product_tag-leukomed-t","15":"product_tag-post-op-ortu","16":"product_tag-seffaf-pansuman","17":"product_tag-steril-yara-ortusu","18":"product_tag-su-gecirmez-yara-ortusu","19":"product_tag-transparan-yara-ortusu","21":"first","22":"instock","23":"shipping-taxable","24":"product-type-simple"},"_links":{"self":[{"href":"https:\/\/berha.org\/en\/wp-json\/wp\/v2\/product\/7907","targetHints":{"allow":["GET"]}}],"collection":[{"href":"https:\/\/berha.org\/en\/wp-json\/wp\/v2\/product"}],"about":[{"href":"https:\/\/berha.org\/en\/wp-json\/wp\/v2\/types\/product"}],"wp:featuredmedia":[{"embeddable":true,"href":"https:\/\/berha.org\/en\/wp-json\/wp\/v2\/media\/7127"}],"wp:attachment":[{"href":"https:\/\/berha.org\/en\/wp-json\/wp\/v2\/media?parent=7907"}],"wp:term":[{"taxonomy":"product_brand","embeddable":true,"href":"https:\/\/berha.org\/en\/wp-json\/wp\/v2\/product_brand?post=7907"},{"taxonomy":"product_cat","embeddable":true,"href":"https:\/\/berha.org\/en\/wp-json\/wp\/v2\/product_cat?post=7907"},{"taxonomy":"product_tag","embeddable":true,"href":"https:\/\/berha.org\/en\/wp-json\/wp\/v2\/product_tag?post=7907"}],"curies":[{"name":"wp","href":"https:\/\/api.w.org\/{rel}","templated":true}]}}