{"id":7906,"date":"2025-07-20T22:48:52","date_gmt":"2025-07-20T19:48:52","guid":{"rendered":"https:\/\/berha.org\/en\/?post_type=product&#038;p=7906"},"modified":"2025-07-20T22:48:59","modified_gmt":"2025-07-20T19:48:59","slug":"cuticell-contact-15cm-x-25cm","status":"publish","type":"product","link":"https:\/\/berha.org\/en\/urun\/cuticell-contact-15cm-x-25cm\/","title":{"rendered":"Cuticell Contact 15cm x 25cm"},"content":{"rendered":"<p>Cuticell Contact 15cm x 25cm, geni\u015f y\u00fczeyli yaralar i\u00e7in tasarlanm\u0131\u015f, silikon esasl\u0131 yap\u0131\u015fmaz yara temas \u00f6rt\u00fcs\u00fcd\u00fcr. Yara y\u00fczeyine nazik\u00e7e tutunur, ancak dokuya yap\u0131\u015fmaz. Bu sayede pansuman de\u011fi\u015fimleri s\u0131ras\u0131nda a\u011fr\u0131 ve doku travmas\u0131 riskini en aza indirir.<\/p>\n<p>\u00d6zellikle yara iyile\u015fmesini destekleyen nemli ortam\u0131 korur, sekresyonlar\u0131 serbest\u00e7e ge\u00e7irir ve \u00fczerine emici bir \u00f6rt\u00fc ile birlikte kullan\u0131labilir. Hassas cilde sahip hastalarda, kronik yaralarda ve cilt greftlerinde tercih edilir.<\/p>\n<p>Esnek ve ince yap\u0131s\u0131yla v\u00fccut k\u0131vr\u0131mlar\u0131na uyum sa\u011flar. Steril olarak sunulur ve tek kullan\u0131ml\u0131kt\u0131r.<\/p>\n","protected":false},"excerpt":{"rendered":"<p>Cuticell Contact 15cm x 25cm, silikon bazl\u0131, yap\u0131\u015fmaz ve travmas\u0131z pansuman de\u011fi\u015fimine olanak sa\u011flayan yara \u00f6rt\u00fcs\u00fcd\u00fcr. Geni\u015f y\u00fczeyli yaralar i\u00e7in uygundur.<\/p>\n","protected":false},"featured_media":7123,"template":"","meta":[],"product_brand":[464],"product_cat":[1674,630],"product_tag":[668,632,666,673,672,667,674,671,669,670],"class_list":{"0":"post-7906","1":"product","2":"type-product","3":"status-publish","4":"has-post-thumbnail","6":"product_brand-bsn-medikal","7":"product_cat-bsn-medikal","8":"product_cat-yara-bakimi","9":"product_tag-15cm-x-25cm-yara-ortusu","10":"product_tag-bsn","11":"product_tag-cuticell-contact","12":"product_tag-genis-yara-ortusu","13":"product_tag-silikon-temas-tabakasi","14":"product_tag-silikon-yara-ortusu","15":"product_tag-tibbi-yara-ortusu","16":"product_tag-travmasiz-pansuman","17":"product_tag-yapismaz-yara-ortusu","18":"product_tag-yara-bakim-ortusu","20":"first","21":"instock","22":"shipping-taxable","23":"product-type-simple"},"_links":{"self":[{"href":"https:\/\/berha.org\/en\/wp-json\/wp\/v2\/product\/7906","targetHints":{"allow":["GET"]}}],"collection":[{"href":"https:\/\/berha.org\/en\/wp-json\/wp\/v2\/product"}],"about":[{"href":"https:\/\/berha.org\/en\/wp-json\/wp\/v2\/types\/product"}],"wp:featuredmedia":[{"embeddable":true,"href":"https:\/\/berha.org\/en\/wp-json\/wp\/v2\/media\/7123"}],"wp:attachment":[{"href":"https:\/\/berha.org\/en\/wp-json\/wp\/v2\/media?parent=7906"}],"wp:term":[{"taxonomy":"product_brand","embeddable":true,"href":"https:\/\/berha.org\/en\/wp-json\/wp\/v2\/product_brand?post=7906"},{"taxonomy":"product_cat","embeddable":true,"href":"https:\/\/berha.org\/en\/wp-json\/wp\/v2\/product_cat?post=7906"},{"taxonomy":"product_tag","embeddable":true,"href":"https:\/\/berha.org\/en\/wp-json\/wp\/v2\/product_tag?post=7906"}],"curies":[{"name":"wp","href":"https:\/\/api.w.org\/{rel}","templated":true}]}}