{"id":7905,"date":"2025-07-20T22:48:52","date_gmt":"2025-07-20T19:48:52","guid":{"rendered":"https:\/\/berha.org\/en\/?post_type=product&#038;p=7905"},"modified":"2025-07-20T22:48:59","modified_gmt":"2025-07-20T19:48:59","slug":"cuticell-classic-10cm-x-10cm-bsn-eucerit-emdirilmis-parafinli-merhem-ortu","status":"publish","type":"product","link":"https:\/\/berha.org\/en\/urun\/cuticell-classic-10cm-x-10cm-bsn-eucerit-emdirilmis-parafinli-merhem-ortu\/","title":{"rendered":"Cuticell Classic 10cm x 10cm Bsn Eucerit Emdirilmi\u015f Parafinli Merhem \u00d6rt\u00fc"},"content":{"rendered":"<p>Cuticell Classic BSN 10cm x 10cm, saf parafin ve Eucerit i\u00e7eri\u011fiyle emdirilmi\u015f, steril ve yara y\u00fczeyine yap\u0131\u015fmayan bir merhem \u00f6rt\u00fcd\u00fcr. \u00d6zellikle yan\u0131klar, donuklar, a\u015f\u0131nmalar, deri greftleri ve y\u00fczeysel yaralar i\u00e7in uygundur.<\/p>\n<p>Gazl\u0131 t\u00fcl formu sayesinde hava ge\u00e7irgenli\u011fini korurken, yara y\u00fczeyinin nemli kalmas\u0131na olanak sa\u011flar ve iyile\u015fme s\u00fcrecini destekler. Parafin emdirilmi\u015f yap\u0131s\u0131, pansuman de\u011fi\u015fimlerinde a\u011fr\u0131y\u0131 en aza indirir ve yaran\u0131n travmas\u0131z iyile\u015fmesini sa\u011flar.<\/p>\n<p>Yap\u0131\u015fmaz \u00f6zelli\u011fi sayesinde ikincil bir bandajla sabitlenerek rahat\u00e7a kullan\u0131labilir. T\u0131bbi profesyoneller taraf\u0131ndan hastanelerde ve kliniklerde yayg\u0131n olarak tercih edilir.<\/p>\n","protected":false},"excerpt":{"rendered":"<p>Cuticell Classic 10cm x 10cm, Eucerit emdirilmi\u015f parafinli merhem \u00f6rt\u00fcd\u00fcr. Yara y\u00fczeyine yap\u0131\u015fmaz, nemli iyile\u015fme ortam\u0131 sa\u011flar ve pansuman de\u011fi\u015fimlerinde a\u011fr\u0131y\u0131 azalt\u0131r.<\/p>\n","protected":false},"featured_media":7118,"template":"","meta":[],"product_brand":[464],"product_cat":[1674,630],"product_tag":[638,632,643,631,636,634,640,637,633,641,639,642,635],"class_list":{"0":"post-7905","1":"product","2":"type-product","3":"status-publish","4":"has-post-thumbnail","6":"product_brand-bsn-medikal","7":"product_cat-bsn-medikal","8":"product_cat-yara-bakimi","9":"product_tag-10cm-x-10cm","10":"product_tag-bsn","11":"product_tag-bsn-yara-bakim-urunleri","12":"product_tag-cuticell-classic","13":"product_tag-eucerit","14":"product_tag-merhem-ortu","15":"product_tag-nemli-yara-bakimi","16":"product_tag-non-adherent-dressing","17":"product_tag-parafinli-ortu","18":"product_tag-steril-ortu","19":"product_tag-tul-gaz","20":"product_tag-yanik-ortusu","21":"product_tag-yara-ortusu","23":"first","24":"instock","25":"shipping-taxable","26":"product-type-simple"},"_links":{"self":[{"href":"https:\/\/berha.org\/en\/wp-json\/wp\/v2\/product\/7905","targetHints":{"allow":["GET"]}}],"collection":[{"href":"https:\/\/berha.org\/en\/wp-json\/wp\/v2\/product"}],"about":[{"href":"https:\/\/berha.org\/en\/wp-json\/wp\/v2\/types\/product"}],"wp:featuredmedia":[{"embeddable":true,"href":"https:\/\/berha.org\/en\/wp-json\/wp\/v2\/media\/7118"}],"wp:attachment":[{"href":"https:\/\/berha.org\/en\/wp-json\/wp\/v2\/media?parent=7905"}],"wp:term":[{"taxonomy":"product_brand","embeddable":true,"href":"https:\/\/berha.org\/en\/wp-json\/wp\/v2\/product_brand?post=7905"},{"taxonomy":"product_cat","embeddable":true,"href":"https:\/\/berha.org\/en\/wp-json\/wp\/v2\/product_cat?post=7905"},{"taxonomy":"product_tag","embeddable":true,"href":"https:\/\/berha.org\/en\/wp-json\/wp\/v2\/product_tag?post=7905"}],"curies":[{"name":"wp","href":"https:\/\/api.w.org\/{rel}","templated":true}]}}