{"id":7904,"date":"2025-07-20T22:48:52","date_gmt":"2025-07-20T19:48:52","guid":{"rendered":"https:\/\/berha.org\/en\/?post_type=product&#038;p=7904"},"modified":"2025-07-20T22:48:59","modified_gmt":"2025-07-20T19:48:59","slug":"jersey-hydrofuge-5cm-x-10m","status":"publish","type":"product","link":"https:\/\/berha.org\/en\/urun\/jersey-hydrofuge-5cm-x-10m\/","title":{"rendered":"Jersey Hydrofuge 5cm x 10m"},"content":{"rendered":"<p>Jersey Hydrofuge 5cm x 10m, su itici (hidro-repellent) \u00f6zelli\u011fiyle \u00f6ne \u00e7\u0131kan, yumu\u015fak dokulu ve elastik bir koruyucu t\u0131bbi bandajd\u0131r. \u00d6zellikle al\u00e7\u0131 uygulamalar\u0131, kompresyon bandajlar\u0131 veya sarg\u0131 i\u015flemleri s\u0131ras\u0131nda cilt ile bandaj aras\u0131nda koruyucu tabaka olarak kullan\u0131l\u0131r.<\/p>\n<p>Su ge\u00e7irmez yap\u0131s\u0131 sayesinde cildi d\u0131\u015f etkenlerden izole ederken, yumu\u015fak ve esnek dokusu uygulama b\u00f6lgesine tam uyum sa\u011flar. Hipoalerjenik yap\u0131s\u0131 sayesinde hassas ciltlerde dahi g\u00fcvenle kullan\u0131labilir.<\/p>\n<p>Steril olmayan bu \u00fcr\u00fcn, rulo formunda sunulur ve profesyonel sa\u011fl\u0131k uygulamalar\u0131nda yayg\u0131n olarak tercih edilir.<\/p>\n","protected":false},"excerpt":{"rendered":"<p>Jersey Hydrofuge 5cm x 10m, su itici yap\u0131ya sahip, yumu\u015fak ve esnek koruyucu bir alt sarg\u0131 bandaj\u0131d\u0131r. Al\u00e7\u0131 ve kompresyon bandajlar\u0131n\u0131n alt\u0131nda cildi korumak amac\u0131yla kullan\u0131l\u0131r.<\/p>\n","protected":false},"featured_media":7117,"template":"","meta":[],"product_brand":[464],"product_cat":[1674,215],"product_tag":[624,513,654,653,657,621,655,502,659,622,656,658],"class_list":{"0":"post-7904","1":"product","2":"type-product","3":"status-publish","4":"has-post-thumbnail","6":"product_brand-bsn-medikal","7":"product_cat-bsn-medikal","8":"product_cat-ortopedi","9":"product_tag-10m-bandaj","10":"product_tag-5cm-bandaj","11":"product_tag-alci-alti-bandaj","12":"product_tag-ersey-hydrofuge","13":"product_tag-hidro-repellent-bandaj","14":"product_tag-jersey-bandaj","15":"product_tag-koruyucu-sargi","16":"product_tag-medikal-bandaj","17":"product_tag-su-gecirmez-sargi","18":"product_tag-su-itici-bandaj","19":"product_tag-tibbi-alt-sargi","20":"product_tag-yumusak-tekstil-bandaj","22":"first","23":"instock","24":"shipping-taxable","25":"product-type-simple"},"_links":{"self":[{"href":"https:\/\/berha.org\/en\/wp-json\/wp\/v2\/product\/7904","targetHints":{"allow":["GET"]}}],"collection":[{"href":"https:\/\/berha.org\/en\/wp-json\/wp\/v2\/product"}],"about":[{"href":"https:\/\/berha.org\/en\/wp-json\/wp\/v2\/types\/product"}],"wp:featuredmedia":[{"embeddable":true,"href":"https:\/\/berha.org\/en\/wp-json\/wp\/v2\/media\/7117"}],"wp:attachment":[{"href":"https:\/\/berha.org\/en\/wp-json\/wp\/v2\/media?parent=7904"}],"wp:term":[{"taxonomy":"product_brand","embeddable":true,"href":"https:\/\/berha.org\/en\/wp-json\/wp\/v2\/product_brand?post=7904"},{"taxonomy":"product_cat","embeddable":true,"href":"https:\/\/berha.org\/en\/wp-json\/wp\/v2\/product_cat?post=7904"},{"taxonomy":"product_tag","embeddable":true,"href":"https:\/\/berha.org\/en\/wp-json\/wp\/v2\/product_tag?post=7904"}],"curies":[{"name":"wp","href":"https:\/\/api.w.org\/{rel}","templated":true}]}}