{"id":7903,"date":"2025-07-20T22:48:52","date_gmt":"2025-07-20T19:48:52","guid":{"rendered":"https:\/\/berha.org\/en\/?post_type=product&#038;p=7903"},"modified":"2025-07-20T22:48:58","modified_gmt":"2025-07-20T19:48:58","slug":"jersey-hydrofuge-3cm-x-10m","status":"publish","type":"product","link":"https:\/\/berha.org\/en\/urun\/jersey-hydrofuge-3cm-x-10m\/","title":{"rendered":"Jersey Hydrofuge 3cm x 10m"},"content":{"rendered":"<p>Jersey Hydrofuge 3cm x 10m, hidrofil olmayan yani su itici \u00f6zelli\u011fe sahip \u00f6zel bir koruyucu t\u0131bbi bandajd\u0131r. Yumu\u015fak, esnek ve cilde uyumlu yap\u0131s\u0131yla \u00f6zellikle al\u00e7\u0131 ve kompresyon bandajlar\u0131n\u0131n alt\u0131nda alt sarg\u0131 olarak kullan\u0131l\u0131r.<\/p>\n<p>Cildi neme ve s\u00fcrt\u00fcnmeye kar\u015f\u0131 korur, yap\u0131s\u0131ndaki hidro-repellent (su itici) \u00f6zelli\u011fi sayesinde uygulama b\u00f6lgesini kuru tutar. Elastik yap\u0131s\u0131 sayesinde v\u00fccut hatlar\u0131na kolayca uyum sa\u011flar ve uzun s\u00fcreli kullan\u0131mda bile konfor sunar.<\/p>\n<p>Steril olmayan bu bandaj, \u00f6zellikle ortopedik uygulamalar ve cilt ile direkt temas gerektiren durumlarda ideal bir \u00e7\u00f6z\u00fcmd\u00fcr.<\/p>\n","protected":false},"excerpt":{"rendered":"<p>Jersey Hydrofuge 3cm x 10m, su itici \u00f6zelli\u011fe sahip, yumu\u015fak dokulu bir koruyucu bandajd\u0131r. Alt sarg\u0131 olarak kullan\u0131l\u0131r ve cildi d\u0131\u015f etkenlerden izole eder.<\/p>\n","protected":false},"featured_media":7115,"template":"","meta":[],"product_brand":[464],"product_cat":[1674,215],"product_tag":[624,623,627,626,621,620,625,502,622,628,629],"class_list":{"0":"post-7903","1":"product","2":"type-product","3":"status-publish","4":"has-post-thumbnail","6":"product_brand-bsn-medikal","7":"product_cat-bsn-medikal","8":"product_cat-ortopedi","9":"product_tag-10m-bandaj","10":"product_tag-3cm-bandaj","11":"product_tag-alt-sargi-bandaji","12":"product_tag-hidrorepellent-bandaj","13":"product_tag-jersey-bandaj","14":"product_tag-jersey-hydrofuge","15":"product_tag-koruyucu-bandaj","16":"product_tag-medikal-bandaj","17":"product_tag-su-itici-bandaj","18":"product_tag-tibbi-bandaj","19":"product_tag-yumusak-doku-bandaji","21":"first","22":"instock","23":"shipping-taxable","24":"product-type-simple"},"_links":{"self":[{"href":"https:\/\/berha.org\/en\/wp-json\/wp\/v2\/product\/7903","targetHints":{"allow":["GET"]}}],"collection":[{"href":"https:\/\/berha.org\/en\/wp-json\/wp\/v2\/product"}],"about":[{"href":"https:\/\/berha.org\/en\/wp-json\/wp\/v2\/types\/product"}],"wp:featuredmedia":[{"embeddable":true,"href":"https:\/\/berha.org\/en\/wp-json\/wp\/v2\/media\/7115"}],"wp:attachment":[{"href":"https:\/\/berha.org\/en\/wp-json\/wp\/v2\/media?parent=7903"}],"wp:term":[{"taxonomy":"product_brand","embeddable":true,"href":"https:\/\/berha.org\/en\/wp-json\/wp\/v2\/product_brand?post=7903"},{"taxonomy":"product_cat","embeddable":true,"href":"https:\/\/berha.org\/en\/wp-json\/wp\/v2\/product_cat?post=7903"},{"taxonomy":"product_tag","embeddable":true,"href":"https:\/\/berha.org\/en\/wp-json\/wp\/v2\/product_tag?post=7903"}],"curies":[{"name":"wp","href":"https:\/\/api.w.org\/{rel}","templated":true}]}}