{"id":7901,"date":"2025-07-20T22:48:52","date_gmt":"2025-07-20T19:48:52","guid":{"rendered":"https:\/\/berha.org\/en\/?post_type=product&#038;p=7901"},"modified":"2025-07-20T22:48:58","modified_gmt":"2025-07-20T19:48:58","slug":"leukosan-skin-strip-6mm-x-75mm-cilt-dikis-bandi-150li-kutu","status":"publish","type":"product","link":"https:\/\/berha.org\/en\/urun\/leukosan-skin-strip-6mm-x-75mm-cilt-dikis-bandi-150li-kutu\/","title":{"rendered":"Leukosan Skin Strip 6mm  X 75mm Cilt Diki\u015f Band\u0131 150li Kutu"},"content":{"rendered":"<p>Leukosan Skin Strip 6mm x 75mm Cilt Diki\u015f Band\u0131, cerrahi ve cilt yaralar\u0131n\u0131n iyile\u015fme s\u00fcrecinde yara kenarlar\u0131n\u0131 sabitlemek i\u00e7in tasarlanm\u0131\u015ft\u0131r. Steril paketlenmi\u015f, y\u00fcksek yap\u0131\u015fma g\u00fcc\u00fcne sahip bu bant, ciltte tahri\u015f yapmadan yara kenarlar\u0131n\u0131 g\u00fcvenle bir arada tutar.<\/p>\n<p>150 adetlik kutusu ile hastane ve klinik kullan\u0131m\u0131 i\u00e7in idealdir. Esnek ve nefes alabilen yap\u0131s\u0131, hareket kolayl\u0131\u011f\u0131 sa\u011flar ve cilt sa\u011fl\u0131\u011f\u0131n\u0131 destekler. Yara bak\u0131m\u0131nda pratik, etkili ve hijyenik bir \u00e7\u00f6z\u00fcmd\u00fcr.<\/p>\n","protected":false},"excerpt":{"rendered":"<p>Leukosan Skin Strip 6mm x 75mm, g\u00fc\u00e7l\u00fc yap\u0131\u015fma \u00f6zelli\u011fine sahip cilt diki\u015f band\u0131 olup, yara kenarlar\u0131n\u0131 g\u00fcvenle bir arada tutar. 150\u2019li kutu ile uzun s\u00fcreli ve ekonomik kullan\u0131m sa\u011flar.<\/p>\n","protected":false},"featured_media":7113,"template":"","meta":[],"product_brand":[464],"product_cat":[1674,630],"product_tag":[798,796,793,797,794,792,737,795],"class_list":{"0":"post-7901","1":"product","2":"type-product","3":"status-publish","4":"has-post-thumbnail","6":"product_brand-bsn-medikal","7":"product_cat-bsn-medikal","8":"product_cat-yara-bakimi","9":"product_tag-bsn-bant","10":"product_tag-cerrahi-bant","11":"product_tag-cilt-bantlari","12":"product_tag-cilt-yapistirici-band","13":"product_tag-dikis-bandi-6x75-mm","14":"product_tag-leukosan-cilt-dikis-bandi","15":"product_tag-yara-bakimi","16":"product_tag-yara-banti","18":"first","19":"instock","20":"shipping-taxable","21":"product-type-simple"},"_links":{"self":[{"href":"https:\/\/berha.org\/en\/wp-json\/wp\/v2\/product\/7901","targetHints":{"allow":["GET"]}}],"collection":[{"href":"https:\/\/berha.org\/en\/wp-json\/wp\/v2\/product"}],"about":[{"href":"https:\/\/berha.org\/en\/wp-json\/wp\/v2\/types\/product"}],"wp:featuredmedia":[{"embeddable":true,"href":"https:\/\/berha.org\/en\/wp-json\/wp\/v2\/media\/7113"}],"wp:attachment":[{"href":"https:\/\/berha.org\/en\/wp-json\/wp\/v2\/media?parent=7901"}],"wp:term":[{"taxonomy":"product_brand","embeddable":true,"href":"https:\/\/berha.org\/en\/wp-json\/wp\/v2\/product_brand?post=7901"},{"taxonomy":"product_cat","embeddable":true,"href":"https:\/\/berha.org\/en\/wp-json\/wp\/v2\/product_cat?post=7901"},{"taxonomy":"product_tag","embeddable":true,"href":"https:\/\/berha.org\/en\/wp-json\/wp\/v2\/product_tag?post=7901"}],"curies":[{"name":"wp","href":"https:\/\/api.w.org\/{rel}","templated":true}]}}