{"id":7900,"date":"2025-07-20T22:48:52","date_gmt":"2025-07-20T19:48:52","guid":{"rendered":"https:\/\/berha.org\/en\/?post_type=product&#038;p=7900"},"modified":"2025-07-20T22:48:57","modified_gmt":"2025-07-20T19:48:57","slug":"leukosan-skin-link-7mmx60mm","status":"publish","type":"product","link":"https:\/\/berha.org\/en\/urun\/leukosan-skin-link-7mmx60mm\/","title":{"rendered":"Leukosan Sk\u0131n L\u0131nk 7mmx60mm"},"content":{"rendered":"<p>Leukosan Skin Link 7mm x 60mm Cilt Diki\u015f Band\u0131, cerrahi ve di\u011fer cilt yaralar\u0131n\u0131n iyile\u015fme s\u00fcrecinde yara kenarlar\u0131n\u0131 sabitlemek i\u00e7in tasarlanm\u0131\u015ft\u0131r. Steril olarak tekli paketlerde sunulan bu bant, cilde g\u00fc\u00e7l\u00fc bir \u015fekilde yap\u0131\u015f\u0131r ve hareket \u00f6zg\u00fcrl\u00fc\u011f\u00fc sa\u011flar.<\/p>\n<p>Nefes alabilen ve esnek yap\u0131s\u0131 sayesinde cilt tahri\u015fini minimuma indirir. Uzun s\u00fcreli sabitleme ve konforlu kullan\u0131m sunar. Klinik ve ev tipi yara bak\u0131m\u0131nda g\u00fcvenle tercih edilen etkili bir \u00fcr\u00fcnd\u00fcr.<\/p>\n","protected":false},"excerpt":{"rendered":"<p>Leukosan Skin Link 7mm x 60mm, yara kenarlar\u0131n\u0131 g\u00fcvenle bir arada tutan y\u00fcksek yap\u0131\u015fkanl\u0131 steril cilt diki\u015f band\u0131d\u0131r. Tekli paket ile pratik ve hijyenik kullan\u0131m sa\u011flar.<\/p>\n","protected":false},"featured_media":7110,"template":"","meta":[],"product_brand":[464],"product_cat":[1674,630],"product_tag":[802,798,796,800,799,803,737,801],"class_list":{"0":"post-7900","1":"product","2":"type-product","3":"status-publish","4":"has-post-thumbnail","6":"product_brand-bsn-medikal","7":"product_cat-bsn-medikal","8":"product_cat-yara-bakimi","9":"product_tag-7x60-mm-yara-bandi","10":"product_tag-bsn-bant","11":"product_tag-cerrahi-bant","12":"product_tag-cilt-dikis-bandi","13":"product_tag-leukosan-skin-link","14":"product_tag-tek-kullanimlik-dikis-bandi","15":"product_tag-yara-bakimi","16":"product_tag-yara-bantlari","18":"first","19":"instock","20":"shipping-taxable","21":"product-type-simple"},"_links":{"self":[{"href":"https:\/\/berha.org\/en\/wp-json\/wp\/v2\/product\/7900","targetHints":{"allow":["GET"]}}],"collection":[{"href":"https:\/\/berha.org\/en\/wp-json\/wp\/v2\/product"}],"about":[{"href":"https:\/\/berha.org\/en\/wp-json\/wp\/v2\/types\/product"}],"wp:featuredmedia":[{"embeddable":true,"href":"https:\/\/berha.org\/en\/wp-json\/wp\/v2\/media\/7110"}],"wp:attachment":[{"href":"https:\/\/berha.org\/en\/wp-json\/wp\/v2\/media?parent=7900"}],"wp:term":[{"taxonomy":"product_brand","embeddable":true,"href":"https:\/\/berha.org\/en\/wp-json\/wp\/v2\/product_brand?post=7900"},{"taxonomy":"product_cat","embeddable":true,"href":"https:\/\/berha.org\/en\/wp-json\/wp\/v2\/product_cat?post=7900"},{"taxonomy":"product_tag","embeddable":true,"href":"https:\/\/berha.org\/en\/wp-json\/wp\/v2\/product_tag?post=7900"}],"curies":[{"name":"wp","href":"https:\/\/api.w.org\/{rel}","templated":true}]}}