{"id":7899,"date":"2025-07-20T22:48:52","date_gmt":"2025-07-20T19:48:52","guid":{"rendered":"https:\/\/berha.org\/en\/?post_type=product&#038;p=7899"},"modified":"2025-07-20T22:48:57","modified_gmt":"2025-07-20T19:48:57","slug":"tensogrip-tubular-bandaj-bsn-boru-bandaj-75cm-x-10m-beyaz-d-beden","status":"publish","type":"product","link":"https:\/\/berha.org\/en\/urun\/tensogrip-tubular-bandaj-bsn-boru-bandaj-75cm-x-10m-beyaz-d-beden\/","title":{"rendered":"Tensogrip Tubular Bandaj Bsn Boru Bandaj 7,5cm x 10m Beyaz D Beden"},"content":{"rendered":"<p>Tensogrip Tubular Bandaj BSN 7,5cm x 10m (D Beden), elastik yap\u0131s\u0131 sayesinde homojen ve s\u00fcrekli kompresyon sa\u011flar. Boru (tubular) formda oldu\u011fu i\u00e7in kolay ve h\u0131zl\u0131 uygulanabilir. Kesilebilir yap\u0131dad\u0131r ve diki\u015f gerektirmez.<\/p>\n<p>D bedeni, \u00f6zellikle kol ve alt bacak b\u00f6lgelerine uyumludur. Ven\u00f6z rahats\u0131zl\u0131klar, kas-iskelet sistemi destekleri, \u00f6dem y\u00f6netimi veya yumu\u015fak doku zedelenmelerinde destek ama\u00e7l\u0131 kullan\u0131l\u0131r.<\/p>\n<p>Y\u0131kanabilir ve yeniden kullan\u0131labilir olmas\u0131 sayesinde hem ekonomik hem de pratiktir. Beyaz renkli, cilt dostu ve hava ge\u00e7irgen yap\u0131s\u0131 ile uzun s\u00fcreli kullan\u0131mda konfor sunar.<\/p>\n","protected":false},"excerpt":{"rendered":"<p>Tensogrip Tubular Bandaj 7,5cm x 10m, boru formunda, s\u00fcrekli kompresyon sa\u011flayan elastik bir bandajd\u0131r. D bedendir, kol ve bacak i\u00e7in uygundur.<\/p>\n","protected":false},"featured_media":7105,"template":"","meta":[],"product_brand":[464],"product_cat":[1674,1671],"product_tag":[687,495,686,685,688,480,689,483,690,684,628],"class_list":{"0":"post-7899","1":"product","2":"type-product","3":"status-publish","4":"has-post-thumbnail","6":"product_brand-bsn-medikal","7":"product_cat-bsn-medikal","8":"product_cat-elastik-bandajlar","9":"product_tag-7-5cm-x-10m-bandaj","10":"product_tag-beyaz-bandaj","11":"product_tag-boru-bandaj","12":"product_tag-bsn-tubular-bandaj","13":"product_tag-d-beden-bandaj","14":"product_tag-elastik-bandaj","15":"product_tag-kas-ve-eklem-bandaji","16":"product_tag-kompresyon-bandaji","17":"product_tag-surekli-kompresyon-bandaji","18":"product_tag-tensogrip","19":"product_tag-tibbi-bandaj","21":"first","22":"instock","23":"shipping-taxable","24":"product-type-simple"},"_links":{"self":[{"href":"https:\/\/berha.org\/en\/wp-json\/wp\/v2\/product\/7899","targetHints":{"allow":["GET"]}}],"collection":[{"href":"https:\/\/berha.org\/en\/wp-json\/wp\/v2\/product"}],"about":[{"href":"https:\/\/berha.org\/en\/wp-json\/wp\/v2\/types\/product"}],"wp:featuredmedia":[{"embeddable":true,"href":"https:\/\/berha.org\/en\/wp-json\/wp\/v2\/media\/7105"}],"wp:attachment":[{"href":"https:\/\/berha.org\/en\/wp-json\/wp\/v2\/media?parent=7899"}],"wp:term":[{"taxonomy":"product_brand","embeddable":true,"href":"https:\/\/berha.org\/en\/wp-json\/wp\/v2\/product_brand?post=7899"},{"taxonomy":"product_cat","embeddable":true,"href":"https:\/\/berha.org\/en\/wp-json\/wp\/v2\/product_cat?post=7899"},{"taxonomy":"product_tag","embeddable":true,"href":"https:\/\/berha.org\/en\/wp-json\/wp\/v2\/product_tag?post=7899"}],"curies":[{"name":"wp","href":"https:\/\/api.w.org\/{rel}","templated":true}]}}