{"id":7898,"date":"2025-07-20T22:48:52","date_gmt":"2025-07-20T19:48:52","guid":{"rendered":"https:\/\/berha.org\/en\/?post_type=product&#038;p=7898"},"modified":"2025-07-20T22:48:57","modified_gmt":"2025-07-20T19:48:57","slug":"elastomull-haft-lf-bsn-fiksasyon-bandaji-10cm-x-20m-beyaz","status":"publish","type":"product","link":"https:\/\/berha.org\/en\/urun\/elastomull-haft-lf-bsn-fiksasyon-bandaji-10cm-x-20m-beyaz\/","title":{"rendered":"Elastomull Haft LF Bsn  Fiksasyon Bandaj\u0131 10cm x 20m Beyaz"},"content":{"rendered":"<p>BSN Elastomull Haft LF 10cm x 20m Beyaz Fiksasyon Bandaj\u0131, b\u00fcy\u00fck yara pansumanlar\u0131n\u0131 sabitlemek i\u00e7in ideal, y\u00fcksek elastikiyete sahip t\u0131bbi bir bandajd\u0131r. Lateks i\u00e7ermeyen (LF \u2013 Latex Free) yap\u0131s\u0131yla hassas ciltlerde g\u00fcvenle kullan\u0131labilir.<\/p>\n<p>Kendinden yap\u0131\u015fkanl\u0131 \u00f6zelli\u011fi sayesinde ekstra klips ya da bant kullan\u0131m\u0131 gerektirmez. Geni\u015f yap\u0131s\u0131 sayesinde geni\u015f alanlar\u0131 kolayca kapat\u0131r ve sabitler. Nefes alabilen dokusu cilt sa\u011fl\u0131\u011f\u0131n\u0131 destekler. Klinik, hastane ve ev kullan\u0131mlar\u0131 i\u00e7in uygundur.<\/p>\n","protected":false},"excerpt":{"rendered":"<p>Elastomull Haft LF 10cm x 20m beyaz bandaj, geni\u015f y\u00fczeyi, lateks i\u00e7ermeyen yap\u0131s\u0131 ve kendinden yap\u0131\u015fkan \u00f6zelli\u011fiyle pansuman sabitlemede g\u00fcvenli ve konforlu bir \u00e7\u00f6z\u00fcmd\u00fcr.<\/p>\n","protected":false},"featured_media":7100,"template":"","meta":[],"product_brand":[464],"product_cat":[1674,1671],"product_tag":[827,828,813,489,677,693,805,826],"class_list":{"0":"post-7898","1":"product","2":"type-product","3":"status-publish","4":"has-post-thumbnail","6":"product_brand-bsn-medikal","7":"product_cat-bsn-medikal","8":"product_cat-elastik-bandajlar","9":"product_tag-10cm-elastik-bandaj","10":"product_tag-beyaz-medikal-bandaj","11":"product_tag-bsn-fiksasyon-bandaji","12":"product_tag-elastomull-haft","13":"product_tag-kendinden-yapiskanli-bandaj","14":"product_tag-lateks-icermeyen-bandaj","15":"product_tag-lf-bandaj","16":"product_tag-pansuman-sabitleme-bandi","18":"first","19":"instock","20":"shipping-taxable","21":"product-type-simple"},"_links":{"self":[{"href":"https:\/\/berha.org\/en\/wp-json\/wp\/v2\/product\/7898","targetHints":{"allow":["GET"]}}],"collection":[{"href":"https:\/\/berha.org\/en\/wp-json\/wp\/v2\/product"}],"about":[{"href":"https:\/\/berha.org\/en\/wp-json\/wp\/v2\/types\/product"}],"wp:featuredmedia":[{"embeddable":true,"href":"https:\/\/berha.org\/en\/wp-json\/wp\/v2\/media\/7100"}],"wp:attachment":[{"href":"https:\/\/berha.org\/en\/wp-json\/wp\/v2\/media?parent=7898"}],"wp:term":[{"taxonomy":"product_brand","embeddable":true,"href":"https:\/\/berha.org\/en\/wp-json\/wp\/v2\/product_brand?post=7898"},{"taxonomy":"product_cat","embeddable":true,"href":"https:\/\/berha.org\/en\/wp-json\/wp\/v2\/product_cat?post=7898"},{"taxonomy":"product_tag","embeddable":true,"href":"https:\/\/berha.org\/en\/wp-json\/wp\/v2\/product_tag?post=7898"}],"curies":[{"name":"wp","href":"https:\/\/api.w.org\/{rel}","templated":true}]}}