{"id":7897,"date":"2025-07-20T22:48:52","date_gmt":"2025-07-20T19:48:52","guid":{"rendered":"https:\/\/berha.org\/en\/?post_type=product&#038;p=7897"},"modified":"2025-07-20T22:48:56","modified_gmt":"2025-07-20T19:48:56","slug":"elastomull-haft-lf-bsn-fiksasyon-bandaji-10cm-x-20m-mavi","status":"publish","type":"product","link":"https:\/\/berha.org\/en\/urun\/elastomull-haft-lf-bsn-fiksasyon-bandaji-10cm-x-20m-mavi\/","title":{"rendered":"Elastomull Haft LF Bsn  Fiksasyon Bandaj\u0131 10cm x 20m Mavi"},"content":{"rendered":"<p>Elastomull Haft LF BSN 10cm x 20m Mavi, cilt dostu ve g\u00fcvenli sabitleme sa\u011flayan, kendinden yap\u0131\u015fkanl\u0131 elastik bir fiksasyon bandaj\u0131d\u0131r. LF (Latex-Free) \u00f6zelli\u011fi sayesinde latekse duyarl\u0131 hastalar i\u00e7in g\u00fcvenle kullan\u0131labilir.<\/p>\n<p>Mavi renkli versiyonu, uygulama s\u0131ras\u0131nda kolay fark edilerek do\u011fru yerle\u015ftirme sa\u011flar. \u00d6zellikle eklem b\u00f6lgeleri, hareketli alanlar ve formuna zor uyum sa\u011flayan b\u00f6lgeler i\u00e7in idealdir. \u00dcst\u00fcn elastikiyeti sayesinde bas\u0131n\u00e7 yapmadan sabit kal\u0131r, dola\u015f\u0131m\u0131 engellemez.<\/p>\n<p>Yara \u00f6rt\u00fclerinin, pansuman malzemelerinin veya IV kan\u00fcllerin sabitlenmesinde etkili \u00e7\u00f6z\u00fcmd\u00fcr. Profesyonel sa\u011fl\u0131k kurumlar\u0131nda, kliniklerde ve evde bak\u0131mda yayg\u0131n olarak tercih edilir.<\/p>\n","protected":false},"excerpt":{"rendered":"<p>Elastomull Haft LF 10cm x 20m, kendinden yap\u0131\u015fkanl\u0131, elastik ve lateks i\u00e7ermeyen fiksasyon bandaj\u0131d\u0131r. Mavi rengiyle kolay fark edilir, g\u00fcvenli sabitleme sa\u011flar.<\/p>\n","protected":false},"featured_media":7077,"template":"","meta":[],"product_brand":[464],"product_cat":[1674,1671],"product_tag":[678,676,683,680,480,675,490,677,681,679,682,628],"class_list":{"0":"post-7897","1":"product","2":"type-product","3":"status-publish","4":"has-post-thumbnail","6":"product_brand-bsn-medikal","7":"product_cat-bsn-medikal","8":"product_cat-elastik-bandajlar","9":"product_tag-10cm-x-20m-bandaj","10":"product_tag-bsn-bandaj","11":"product_tag-bsn-elastik-sargi","12":"product_tag-cilt-dostu-bandaj","13":"product_tag-elastik-bandaj","14":"product_tag-elastomull-haft-lf","15":"product_tag-fiksasyon-bandaji","16":"product_tag-kendinden-yapiskanli-bandaj","17":"product_tag-latekssiz-bandaj","18":"product_tag-mavi-bandaj","19":"product_tag-sarma-bandaj","20":"product_tag-tibbi-bandaj","22":"first","23":"instock","24":"shipping-taxable","25":"product-type-simple"},"_links":{"self":[{"href":"https:\/\/berha.org\/en\/wp-json\/wp\/v2\/product\/7897","targetHints":{"allow":["GET"]}}],"collection":[{"href":"https:\/\/berha.org\/en\/wp-json\/wp\/v2\/product"}],"about":[{"href":"https:\/\/berha.org\/en\/wp-json\/wp\/v2\/types\/product"}],"wp:featuredmedia":[{"embeddable":true,"href":"https:\/\/berha.org\/en\/wp-json\/wp\/v2\/media\/7077"}],"wp:attachment":[{"href":"https:\/\/berha.org\/en\/wp-json\/wp\/v2\/media?parent=7897"}],"wp:term":[{"taxonomy":"product_brand","embeddable":true,"href":"https:\/\/berha.org\/en\/wp-json\/wp\/v2\/product_brand?post=7897"},{"taxonomy":"product_cat","embeddable":true,"href":"https:\/\/berha.org\/en\/wp-json\/wp\/v2\/product_cat?post=7897"},{"taxonomy":"product_tag","embeddable":true,"href":"https:\/\/berha.org\/en\/wp-json\/wp\/v2\/product_tag?post=7897"}],"curies":[{"name":"wp","href":"https:\/\/api.w.org\/{rel}","templated":true}]}}