{"id":7896,"date":"2025-07-20T22:48:51","date_gmt":"2025-07-20T19:48:51","guid":{"rendered":"https:\/\/berha.org\/en\/?post_type=product&#038;p=7896"},"modified":"2025-07-20T22:48:55","modified_gmt":"2025-07-20T19:48:55","slug":"elastomull-haft-lf-bsn-fiksasyon-bandaji-6cm-x-20m-beyaz","status":"publish","type":"product","link":"https:\/\/berha.org\/en\/urun\/elastomull-haft-lf-bsn-fiksasyon-bandaji-6cm-x-20m-beyaz\/","title":{"rendered":"Elastomull Haft LF Bsn  Fiksasyon Bandaj\u0131 6cm x 20m Beyaz"},"content":{"rendered":"<p>Elastomull Haft LF 6cm x 20m Beyaz, hassas ciltler i\u00e7in \u00f6zel olarak geli\u015ftirilmi\u015f, lateks i\u00e7ermeyen (LF \u2013 Latex Free) yap\u0131s\u0131yla g\u00fcvenli kullan\u0131m sa\u011flayan bir fiksasyon bandaj\u0131d\u0131r. Kendinden yap\u0131\u015fkanl\u0131 \u00f6zelli\u011fi sayesinde sabitleyiciye gerek kalmadan h\u0131zl\u0131 ve pratik bir uygulama imk\u00e2n\u0131 sunar.<\/p>\n<p>Y\u00fcksek elastikiyetiyle v\u00fccut hareketlerine uyum sa\u011flar, \u00f6zellikle eklem b\u00f6lgelerinde bile rahat\u00e7a kullan\u0131labilir. Nefes alabilen dokusu, uzun s\u00fcreli kullan\u0131mda cilt sa\u011fl\u0131\u011f\u0131n\u0131 destekler. Klinikler, hastaneler ve evde bak\u0131m uygulamalar\u0131 i\u00e7in idealdir.<\/p>\n","protected":false},"excerpt":{"rendered":"<p>BSN Elastomull Haft LF 6cm x 20m beyaz bandaj, lateks i\u00e7ermeyen ve kendinden yap\u0131\u015fkanl\u0131 yap\u0131s\u0131yla pansumanlar\u0131 g\u00fcvenle sabitler, rahat ve hijyenik kullan\u0131m sunar.<\/p>\n","protected":false},"featured_media":7068,"template":"","meta":[],"product_brand":[464],"product_cat":[1674,1671],"product_tag":[825,823,676,489,677,693,805,826],"class_list":{"0":"post-7896","1":"product","2":"type-product","3":"status-publish","4":"has-post-thumbnail","6":"product_brand-bsn-medikal","7":"product_cat-bsn-medikal","8":"product_cat-elastik-bandajlar","9":"product_tag-6cm-fiksasyon-bandaji","10":"product_tag-beyaz-elastik-bandaj","11":"product_tag-bsn-bandaj","12":"product_tag-elastomull-haft","13":"product_tag-kendinden-yapiskanli-bandaj","14":"product_tag-lateks-icermeyen-bandaj","15":"product_tag-lf-bandaj","16":"product_tag-pansuman-sabitleme-bandi","18":"first","19":"instock","20":"shipping-taxable","21":"product-type-simple"},"_links":{"self":[{"href":"https:\/\/berha.org\/en\/wp-json\/wp\/v2\/product\/7896","targetHints":{"allow":["GET"]}}],"collection":[{"href":"https:\/\/berha.org\/en\/wp-json\/wp\/v2\/product"}],"about":[{"href":"https:\/\/berha.org\/en\/wp-json\/wp\/v2\/types\/product"}],"wp:featuredmedia":[{"embeddable":true,"href":"https:\/\/berha.org\/en\/wp-json\/wp\/v2\/media\/7068"}],"wp:attachment":[{"href":"https:\/\/berha.org\/en\/wp-json\/wp\/v2\/media?parent=7896"}],"wp:term":[{"taxonomy":"product_brand","embeddable":true,"href":"https:\/\/berha.org\/en\/wp-json\/wp\/v2\/product_brand?post=7896"},{"taxonomy":"product_cat","embeddable":true,"href":"https:\/\/berha.org\/en\/wp-json\/wp\/v2\/product_cat?post=7896"},{"taxonomy":"product_tag","embeddable":true,"href":"https:\/\/berha.org\/en\/wp-json\/wp\/v2\/product_tag?post=7896"}],"curies":[{"name":"wp","href":"https:\/\/api.w.org\/{rel}","templated":true}]}}