{"id":7895,"date":"2025-07-20T22:48:51","date_gmt":"2025-07-20T19:48:51","guid":{"rendered":"https:\/\/berha.org\/en\/?post_type=product&#038;p=7895"},"modified":"2025-07-20T22:48:55","modified_gmt":"2025-07-20T19:48:55","slug":"elastomull-haft-lf-bsn-fiksasyon-bandaji-8cm-x-20m-beyaz","status":"publish","type":"product","link":"https:\/\/berha.org\/en\/urun\/elastomull-haft-lf-bsn-fiksasyon-bandaji-8cm-x-20m-beyaz\/","title":{"rendered":"Elastomull Haft LF Bsn Fiksasyon Bandaj\u0131 8cm x 20m Beyaz"},"content":{"rendered":"<p>Elastomull Haft LF 8cm x 20m Beyaz, y\u00fcksek elastikiyeti ve kendinden yap\u0131\u015fkanl\u0131 yap\u0131s\u0131yla pansumanlar\u0131n sabitlenmesinde etkili bir medikal bandajd\u0131r. Lateks i\u00e7ermeyen (LF \u2013 Latex Free) form\u00fcl\u00fc sayesinde hassas ciltlerde alerji riskini en aza indirir.<\/p>\n<p>Nefes alabilen dokusu sayesinde uzun s\u00fcreli kullan\u0131mlarda dahi cilt sa\u011fl\u0131\u011f\u0131n\u0131 korur. \u00d6zellikle eklem b\u00f6lgeleri gibi hareketli alanlarda g\u00fcvenli sabitleme sa\u011flar. Klinik ortamlar, hastaneler ve evde bak\u0131m uygulamalar\u0131 i\u00e7in ideal bir tercihtir.<\/p>\n","protected":false},"excerpt":{"rendered":"<p>BSN Elastomull Haft LF 8cm x 20m beyaz fiksasyon bandaj\u0131, kendinden yap\u0131\u015fkanl\u0131 ve lateks i\u00e7ermeyen yap\u0131s\u0131 ile yara ve pansuman sabitlemede g\u00fcvenli ve konforlu bir \u00e7\u00f6z\u00fcmd\u00fcr.<\/p>\n","protected":false},"featured_media":7068,"template":"","meta":[],"product_brand":[464],"product_cat":[1674,1671],"product_tag":[819,823,676,489,490,693,805,824,815],"class_list":{"0":"post-7895","1":"product","2":"type-product","3":"status-publish","4":"has-post-thumbnail","6":"product_brand-bsn-medikal","7":"product_cat-bsn-medikal","8":"product_cat-elastik-bandajlar","9":"product_tag-8cm-bandaj","10":"product_tag-beyaz-elastik-bandaj","11":"product_tag-bsn-bandaj","12":"product_tag-elastomull-haft","13":"product_tag-fiksasyon-bandaji","14":"product_tag-lateks-icermeyen-bandaj","15":"product_tag-lf-bandaj","16":"product_tag-medikal-sabitleme-bandaji","17":"product_tag-yara-sabitleme-bandi","19":"first","20":"instock","21":"shipping-taxable","22":"product-type-simple"},"_links":{"self":[{"href":"https:\/\/berha.org\/en\/wp-json\/wp\/v2\/product\/7895","targetHints":{"allow":["GET"]}}],"collection":[{"href":"https:\/\/berha.org\/en\/wp-json\/wp\/v2\/product"}],"about":[{"href":"https:\/\/berha.org\/en\/wp-json\/wp\/v2\/types\/product"}],"wp:featuredmedia":[{"embeddable":true,"href":"https:\/\/berha.org\/en\/wp-json\/wp\/v2\/media\/7068"}],"wp:attachment":[{"href":"https:\/\/berha.org\/en\/wp-json\/wp\/v2\/media?parent=7895"}],"wp:term":[{"taxonomy":"product_brand","embeddable":true,"href":"https:\/\/berha.org\/en\/wp-json\/wp\/v2\/product_brand?post=7895"},{"taxonomy":"product_cat","embeddable":true,"href":"https:\/\/berha.org\/en\/wp-json\/wp\/v2\/product_cat?post=7895"},{"taxonomy":"product_tag","embeddable":true,"href":"https:\/\/berha.org\/en\/wp-json\/wp\/v2\/product_tag?post=7895"}],"curies":[{"name":"wp","href":"https:\/\/api.w.org\/{rel}","templated":true}]}}