{"id":7894,"date":"2025-07-20T22:48:51","date_gmt":"2025-07-20T19:48:51","guid":{"rendered":"https:\/\/berha.org\/en\/?post_type=product&#038;p=7894"},"modified":"2025-07-20T22:48:54","modified_gmt":"2025-07-20T19:48:54","slug":"elastomull-haft-lf-bsn-fiksasyon-bandaji-8cm-x-20m-mavi","status":"publish","type":"product","link":"https:\/\/berha.org\/en\/urun\/elastomull-haft-lf-bsn-fiksasyon-bandaji-8cm-x-20m-mavi\/","title":{"rendered":"Elastomull Haft LF Bsn  Fiksasyon Bandaj\u0131 8cm x 20m Mavi"},"content":{"rendered":"<p>BSN Elastomull Haft LF 8cm x 20m Mavi Fiksasyon Bandaj\u0131, \u00f6zellikle hassas ciltler i\u00e7in geli\u015ftirilmi\u015f, lateks i\u00e7ermeyen (LF \u2013 Latex Free) esnek sabitleme bandaj\u0131d\u0131r. Kendinden yap\u0131\u015fkanl\u0131 yap\u0131s\u0131 sayesinde ayr\u0131 bir sabitleyiciye gerek duymaz ve ciltte kayma yapmaz.<\/p>\n<p>Y\u00fcksek elastikiyeti sayesinde eklemlerde ve v\u00fccut hareketlili\u011finin fazla oldu\u011fu alanlarda rahat\u00e7a kullan\u0131labilir. Mavi rengi, kullan\u0131m s\u0131ras\u0131nda g\u00f6rsel ay\u0131rt edicilik sa\u011flar. Kliniklerde, hastanelerde ve evde bak\u0131mda profesyonel bir \u00e7\u00f6z\u00fcmd\u00fcr.<\/p>\n","protected":false},"excerpt":{"rendered":"<p>Elastomull Haft LF 8cm x 20m mavi fiksasyon bandaj\u0131, elastik yap\u0131s\u0131 ve lateks i\u00e7ermeyen form\u00fcl\u00fc ile pansuman sabitlemede konfor ve g\u00fcvenlik sunar.<\/p>\n","protected":false},"featured_media":7063,"template":"","meta":[],"product_brand":[464],"product_cat":[1674,1671],"product_tag":[819,676,480,489,490,693,805,679,822,815],"class_list":{"0":"post-7894","1":"product","2":"type-product","3":"status-publish","4":"has-post-thumbnail","6":"product_brand-bsn-medikal","7":"product_cat-bsn-medikal","8":"product_cat-elastik-bandajlar","9":"product_tag-8cm-bandaj","10":"product_tag-bsn-bandaj","11":"product_tag-elastik-bandaj","12":"product_tag-elastomull-haft","13":"product_tag-fiksasyon-bandaji","14":"product_tag-lateks-icermeyen-bandaj","15":"product_tag-lf-bandaj","16":"product_tag-mavi-bandaj","17":"product_tag-tibbi-sabitleme-bandaji","18":"product_tag-yara-sabitleme-bandi","20":"first","21":"instock","22":"shipping-taxable","23":"product-type-simple"},"_links":{"self":[{"href":"https:\/\/berha.org\/en\/wp-json\/wp\/v2\/product\/7894","targetHints":{"allow":["GET"]}}],"collection":[{"href":"https:\/\/berha.org\/en\/wp-json\/wp\/v2\/product"}],"about":[{"href":"https:\/\/berha.org\/en\/wp-json\/wp\/v2\/types\/product"}],"wp:featuredmedia":[{"embeddable":true,"href":"https:\/\/berha.org\/en\/wp-json\/wp\/v2\/media\/7063"}],"wp:attachment":[{"href":"https:\/\/berha.org\/en\/wp-json\/wp\/v2\/media?parent=7894"}],"wp:term":[{"taxonomy":"product_brand","embeddable":true,"href":"https:\/\/berha.org\/en\/wp-json\/wp\/v2\/product_brand?post=7894"},{"taxonomy":"product_cat","embeddable":true,"href":"https:\/\/berha.org\/en\/wp-json\/wp\/v2\/product_cat?post=7894"},{"taxonomy":"product_tag","embeddable":true,"href":"https:\/\/berha.org\/en\/wp-json\/wp\/v2\/product_tag?post=7894"}],"curies":[{"name":"wp","href":"https:\/\/api.w.org\/{rel}","templated":true}]}}