{"id":7893,"date":"2025-07-20T22:48:36","date_gmt":"2025-07-20T19:48:36","guid":{"rendered":"https:\/\/berha.org\/en\/?post_type=product&#038;p=7893"},"modified":"2025-07-20T22:48:49","modified_gmt":"2025-07-20T19:48:49","slug":"gazofix-color-8cm-x20m-lf-bsn-fiksasyon-bandaji-sari","status":"publish","type":"product","link":"https:\/\/berha.org\/en\/urun\/gazofix-color-8cm-x20m-lf-bsn-fiksasyon-bandaji-sari\/","title":{"rendered":"Gazofix Color 8cm x20m LF Bsn Fiksasyon Bandaj\u0131 Sar\u0131"},"content":{"rendered":"<p>BSN Gazofix Color 8cm x 20m LF Fiksasyon Bandaj\u0131 Sar\u0131, yara \u00f6rt\u00fclerini ve pansumanlar\u0131 g\u00fcvenli \u015fekilde sabitlemek i\u00e7in \u00f6zel olarak tasarlanm\u0131\u015f lateks i\u00e7ermeyen (LF \u2013 Lateks Free) bir bandajd\u0131r. Parlak sar\u0131 rengiyle dikkat \u00e7eker ve farkl\u0131 renk se\u00e7enekleriyle kullan\u0131m kolayl\u0131\u011f\u0131 sa\u011flar.<\/p>\n<p>Esnek ve nefes alabilir yap\u0131s\u0131 sayesinde cilt tahri\u015fini \u00f6nler, uzun s\u00fcreli kullan\u0131mda konfor sunar. Klinik ve ev ortamlar\u0131nda yara bak\u0131m\u0131nda etkili bir fiksasyon \u00e7\u00f6z\u00fcm\u00fcd\u00fcr.<\/p>\n","protected":false},"excerpt":{"rendered":"<p>BSN Gazofix Color 8cm x 20m LF sar\u0131 fiksasyon bandaj\u0131, lateks i\u00e7ermeyen esnek ve nefes alabilen yap\u0131s\u0131yla yara ve pansuman sabitlemede g\u00fcvenilir ve renkli bir \u00e7\u00f6z\u00fcmd\u00fcr.<\/p>\n","protected":false},"featured_media":7059,"template":"","meta":[],"product_brand":[464],"product_cat":[1674,1671],"product_tag":[676,808,681,805,811,810,809,497],"class_list":{"0":"post-7893","1":"product","2":"type-product","3":"status-publish","4":"has-post-thumbnail","6":"product_brand-bsn-medikal","7":"product_cat-bsn-medikal","8":"product_cat-elastik-bandajlar","9":"product_tag-bsn-bandaj","10":"product_tag-gazofix-color-fiksasyon-bandaji","11":"product_tag-latekssiz-bandaj","12":"product_tag-lf-bandaj","13":"product_tag-nefes-alabilen-bandaj","14":"product_tag-pansuman-sabitleme-bandaji","15":"product_tag-sari-fiksasyon-bandaji","16":"product_tag-yara-bandaji","18":"first","19":"instock","20":"shipping-taxable","21":"product-type-simple"},"_links":{"self":[{"href":"https:\/\/berha.org\/en\/wp-json\/wp\/v2\/product\/7893","targetHints":{"allow":["GET"]}}],"collection":[{"href":"https:\/\/berha.org\/en\/wp-json\/wp\/v2\/product"}],"about":[{"href":"https:\/\/berha.org\/en\/wp-json\/wp\/v2\/types\/product"}],"wp:featuredmedia":[{"embeddable":true,"href":"https:\/\/berha.org\/en\/wp-json\/wp\/v2\/media\/7059"}],"wp:attachment":[{"href":"https:\/\/berha.org\/en\/wp-json\/wp\/v2\/media?parent=7893"}],"wp:term":[{"taxonomy":"product_brand","embeddable":true,"href":"https:\/\/berha.org\/en\/wp-json\/wp\/v2\/product_brand?post=7893"},{"taxonomy":"product_cat","embeddable":true,"href":"https:\/\/berha.org\/en\/wp-json\/wp\/v2\/product_cat?post=7893"},{"taxonomy":"product_tag","embeddable":true,"href":"https:\/\/berha.org\/en\/wp-json\/wp\/v2\/product_tag?post=7893"}],"curies":[{"name":"wp","href":"https:\/\/api.w.org\/{rel}","templated":true}]}}