{"id":7892,"date":"2025-07-20T22:48:36","date_gmt":"2025-07-20T19:48:36","guid":{"rendered":"https:\/\/berha.org\/en\/?post_type=product&#038;p=7892"},"modified":"2025-07-20T22:48:49","modified_gmt":"2025-07-20T19:48:49","slug":"gazofix-8cm-x20m-lf-bsn-fiksasyon-bandaji-ten","status":"publish","type":"product","link":"https:\/\/berha.org\/en\/urun\/gazofix-8cm-x20m-lf-bsn-fiksasyon-bandaji-ten\/","title":{"rendered":"Gazofix 8cm x20m LF Bsn Fiksasyon Bandaj\u0131 Ten"},"content":{"rendered":"<p>Gazofix LF BSN 8cm x 20m, kendinden yap\u0131\u015fkanl\u0131 ve lateks i\u00e7ermeyen (LF) bir fiksasyon bandaj\u0131d\u0131r. Ten rengi sayesinde estetik uygulamalarda tercih edilir ve ciltte dikkat \u00e7ekmeden sabit durur.<\/p>\n<p>Elastik yap\u0131s\u0131 sayesinde eklem b\u00f6lgeleri dahil bir\u00e7ok alanda kolayca uygulanabilir. Yara \u00f6rt\u00fcs\u00fc, pansuman malzemeleri veya medikal ekipmanlar\u0131n g\u00fcvenli sabitlenmesinde etkilidir. Bandaj yaln\u0131zca kendine yap\u0131\u015f\u0131r, bu da cilt \u00fczerinde yap\u0131\u015fma ve tahri\u015f riskini ortadan kald\u0131r\u0131r.<\/p>\n<p>Y\u00fcksek hava ge\u00e7irgenli\u011fi ve cilt dostu yap\u0131s\u0131 ile uzun s\u00fcreli kullan\u0131mda konfor sa\u011flar. Klinikler, hastaneler ve evde bak\u0131m uygulamalar\u0131 i\u00e7in uygundur.<\/p>\n","protected":false},"excerpt":{"rendered":"<p>Gazofix LF 8cm x 20m, kendinden yap\u0131\u015fkanl\u0131, elastik ve lateks i\u00e7ermeyen fiksasyon bandaj\u0131d\u0131r. Ten rengi g\u00f6r\u00fcn\u00fcm\u00fcyle estetik uygulama sa\u011flar.<\/p>\n","protected":false},"featured_media":7056,"template":"","meta":[],"product_brand":[464],"product_cat":[1674,1671],"product_tag":[692,676,480,490,496,691,677,693,695,498,694],"class_list":{"0":"post-7892","1":"product","2":"type-product","3":"status-publish","4":"has-post-thumbnail","6":"product_brand-bsn-medikal","7":"product_cat-bsn-medikal","8":"product_cat-elastik-bandajlar","9":"product_tag-8cm-x-20m-bandaj","10":"product_tag-bsn-bandaj","11":"product_tag-elastik-bandaj","12":"product_tag-fiksasyon-bandaji","13":"product_tag-gazofix","14":"product_tag-gazofix-lf","15":"product_tag-kendinden-yapiskanli-bandaj","16":"product_tag-lateks-icermeyen-bandaj","17":"product_tag-sabitleyici-bandaj","18":"product_tag-ten-rengi-bandaj","19":"product_tag-tibbi-sarma-bandaji","21":"first","22":"instock","23":"shipping-taxable","24":"product-type-simple"},"_links":{"self":[{"href":"https:\/\/berha.org\/en\/wp-json\/wp\/v2\/product\/7892","targetHints":{"allow":["GET"]}}],"collection":[{"href":"https:\/\/berha.org\/en\/wp-json\/wp\/v2\/product"}],"about":[{"href":"https:\/\/berha.org\/en\/wp-json\/wp\/v2\/types\/product"}],"wp:featuredmedia":[{"embeddable":true,"href":"https:\/\/berha.org\/en\/wp-json\/wp\/v2\/media\/7056"}],"wp:attachment":[{"href":"https:\/\/berha.org\/en\/wp-json\/wp\/v2\/media?parent=7892"}],"wp:term":[{"taxonomy":"product_brand","embeddable":true,"href":"https:\/\/berha.org\/en\/wp-json\/wp\/v2\/product_brand?post=7892"},{"taxonomy":"product_cat","embeddable":true,"href":"https:\/\/berha.org\/en\/wp-json\/wp\/v2\/product_cat?post=7892"},{"taxonomy":"product_tag","embeddable":true,"href":"https:\/\/berha.org\/en\/wp-json\/wp\/v2\/product_tag?post=7892"}],"curies":[{"name":"wp","href":"https:\/\/api.w.org\/{rel}","templated":true}]}}