{"id":7891,"date":"2025-07-20T22:48:36","date_gmt":"2025-07-20T19:48:36","guid":{"rendered":"https:\/\/berha.org\/en\/?post_type=product&#038;p=7891"},"modified":"2025-07-20T22:48:49","modified_gmt":"2025-07-20T19:48:49","slug":"gazofix-10cm-x20m-lf-bsn-fiksasyon-bandaji-ten","status":"publish","type":"product","link":"https:\/\/berha.org\/en\/urun\/gazofix-10cm-x20m-lf-bsn-fiksasyon-bandaji-ten\/","title":{"rendered":"Gazofix 10cm x20m LF Bsn Fiksasyon Bandaj\u0131 Ten"},"content":{"rendered":"<p>BSN Gazofix 10cm x 20m LF Fiksasyon Bandaj\u0131, pansuman ve yara \u00f6rt\u00fclerini g\u00fcvenle sabitlemek i\u00e7in tasarlanm\u0131\u015f esnek ve nefes alabilen bir bandajd\u0131r. Ten rengi ile cilt \u00fczerinde estetik ve do\u011fal bir g\u00f6r\u00fcn\u00fcm sa\u011flar.<\/p>\n<p>LF (Lateks Free) \u00f6zelli\u011fi sayesinde lateks alerjisi olan kullan\u0131c\u0131lar i\u00e7in uygundur. Uzun boyu ve dayan\u0131kl\u0131 yap\u0131s\u0131yla klinik ve ev tipi yara bak\u0131m\u0131nda tercih edilir. Yumu\u015fak dokusu sayesinde ciltte tahri\u015f yapmaz ve rahat kullan\u0131m sunar.<\/p>\n","protected":false},"excerpt":{"rendered":"<p>BSN Gazofix 10cm x 20m LF ten rengi fiksasyon bandaj\u0131, yara ve pansuman sabitleme i\u00e7in esnek, nefes alabilen ve ten rengi tasar\u0131m\u0131yla konforlu bir \u00e7\u00f6z\u00fcmd\u00fcr.<\/p>\n","protected":false},"featured_media":7053,"template":"","meta":[],"product_brand":[464],"product_cat":[1674,1671],"product_tag":[806,676,490,804,805,498,497,807],"class_list":{"0":"post-7891","1":"product","2":"type-product","3":"status-publish","4":"has-post-thumbnail","6":"product_brand-bsn-medikal","7":"product_cat-bsn-medikal","8":"product_cat-elastik-bandajlar","9":"product_tag-10x20-cm-bandaj","10":"product_tag-bsn-bandaj","11":"product_tag-fiksasyon-bandaji","12":"product_tag-gazofix-fiksasyon-bandaji","13":"product_tag-lf-bandaj","14":"product_tag-ten-rengi-bandaj","15":"product_tag-yara-bandaji","16":"product_tag-yara-sabitleme-bandaji","18":"first","19":"instock","20":"shipping-taxable","21":"product-type-simple"},"_links":{"self":[{"href":"https:\/\/berha.org\/en\/wp-json\/wp\/v2\/product\/7891","targetHints":{"allow":["GET"]}}],"collection":[{"href":"https:\/\/berha.org\/en\/wp-json\/wp\/v2\/product"}],"about":[{"href":"https:\/\/berha.org\/en\/wp-json\/wp\/v2\/types\/product"}],"wp:featuredmedia":[{"embeddable":true,"href":"https:\/\/berha.org\/en\/wp-json\/wp\/v2\/media\/7053"}],"wp:attachment":[{"href":"https:\/\/berha.org\/en\/wp-json\/wp\/v2\/media?parent=7891"}],"wp:term":[{"taxonomy":"product_brand","embeddable":true,"href":"https:\/\/berha.org\/en\/wp-json\/wp\/v2\/product_brand?post=7891"},{"taxonomy":"product_cat","embeddable":true,"href":"https:\/\/berha.org\/en\/wp-json\/wp\/v2\/product_cat?post=7891"},{"taxonomy":"product_tag","embeddable":true,"href":"https:\/\/berha.org\/en\/wp-json\/wp\/v2\/product_tag?post=7891"}],"curies":[{"name":"wp","href":"https:\/\/api.w.org\/{rel}","templated":true}]}}