{"id":7890,"date":"2025-07-20T22:48:36","date_gmt":"2025-07-20T19:48:36","guid":{"rendered":"https:\/\/berha.org\/en\/?post_type=product&#038;p=7890"},"modified":"2025-07-20T22:48:48","modified_gmt":"2025-07-20T19:48:48","slug":"gazofix-6cm-x20m-lf-bsn-fiksasyon-bandaji-ten","status":"publish","type":"product","link":"https:\/\/berha.org\/en\/urun\/gazofix-6cm-x20m-lf-bsn-fiksasyon-bandaji-ten\/","title":{"rendered":"Gazofix 6cm x20m LF Bsn Fiksasyon Bandaj\u0131 Ten"},"content":{"rendered":"<p>BSN Gazofix 6cm x 20m LF Fiksasyon Bandaj\u0131, \u00f6zellikle pansumanlar\u0131 ve yara \u00f6rt\u00fclerini sabitlemek amac\u0131yla tasarlanm\u0131\u015ft\u0131r. Lateks i\u00e7ermeyen (LF) yap\u0131s\u0131 sayesinde alerji riskini en aza indirir, cilde uyumlu ve tahri\u015fi \u00f6nleyici yap\u0131dad\u0131r.<\/p>\n<p>Ten rengi sayesinde do\u011fal bir g\u00f6r\u00fcn\u00fcm sa\u011flar. Nefes alabilen ve esnek dokusu, hareket kabiliyetini k\u0131s\u0131tlamadan uzun s\u00fcreli kullan\u0131m konforu sunar. Hastane, klinik ve ev tipi kullan\u0131mlar i\u00e7in uygundur.<\/p>\n","protected":false},"excerpt":{"rendered":"<p>Gazofix 6cm x 20m LF, ten rengi ve lateks i\u00e7ermeyen yap\u0131s\u0131yla hassas ciltlerde g\u00fcvenli kullan\u0131m sunan, pansuman sabitleme i\u00e7in ideal fiksasyon bandaj\u0131d\u0131r.<\/p>\n","protected":false},"featured_media":7052,"template":"","meta":[],"product_brand":[464],"product_cat":[1674,1671],"product_tag":[814,813,816,812,681,805,502,501,815],"class_list":{"0":"post-7890","1":"product","2":"type-product","3":"status-publish","4":"has-post-thumbnail","6":"product_brand-bsn-medikal","7":"product_cat-bsn-medikal","8":"product_cat-elastik-bandajlar","9":"product_tag-6cm-bandaj","10":"product_tag-bsn-fiksasyon-bandaji","11":"product_tag-cilt-rengi-bandaj","12":"product_tag-gazofix-bandaj","13":"product_tag-latekssiz-bandaj","14":"product_tag-lf-bandaj","15":"product_tag-medikal-bandaj","16":"product_tag-pansuman-bandaji","17":"product_tag-yara-sabitleme-bandi","19":"first","20":"instock","21":"shipping-taxable","22":"product-type-simple"},"_links":{"self":[{"href":"https:\/\/berha.org\/en\/wp-json\/wp\/v2\/product\/7890","targetHints":{"allow":["GET"]}}],"collection":[{"href":"https:\/\/berha.org\/en\/wp-json\/wp\/v2\/product"}],"about":[{"href":"https:\/\/berha.org\/en\/wp-json\/wp\/v2\/types\/product"}],"wp:featuredmedia":[{"embeddable":true,"href":"https:\/\/berha.org\/en\/wp-json\/wp\/v2\/media\/7052"}],"wp:attachment":[{"href":"https:\/\/berha.org\/en\/wp-json\/wp\/v2\/media?parent=7890"}],"wp:term":[{"taxonomy":"product_brand","embeddable":true,"href":"https:\/\/berha.org\/en\/wp-json\/wp\/v2\/product_brand?post=7890"},{"taxonomy":"product_cat","embeddable":true,"href":"https:\/\/berha.org\/en\/wp-json\/wp\/v2\/product_cat?post=7890"},{"taxonomy":"product_tag","embeddable":true,"href":"https:\/\/berha.org\/en\/wp-json\/wp\/v2\/product_tag?post=7890"}],"curies":[{"name":"wp","href":"https:\/\/api.w.org\/{rel}","templated":true}]}}