{"id":7889,"date":"2025-07-20T22:48:36","date_gmt":"2025-07-20T19:48:36","guid":{"rendered":"https:\/\/berha.org\/en\/?post_type=product&#038;p=7889"},"modified":"2025-07-20T22:48:47","modified_gmt":"2025-07-20T19:48:47","slug":"leukomed-10cm-x-30cm-bsn-steril-yara-pedi","status":"publish","type":"product","link":"https:\/\/berha.org\/en\/urun\/leukomed-10cm-x-30cm-bsn-steril-yara-pedi\/","title":{"rendered":"Leukomed 10cm x 30cm Bsn Steril Yara Pedi"},"content":{"rendered":"<p>BSN Leukomed 10cm x 30cm Steril Yara Pedi, yara bak\u0131m\u0131nda etkili ve g\u00fcvenilir bir \u00fcr\u00fcnd\u00fcr. Steril olarak paketlenen bu yara pedi, yaran\u0131n \u00fczerindeki s\u0131v\u0131y\u0131 h\u0131zl\u0131ca emerek temiz ve kuru bir iyile\u015fme ortam\u0131 olu\u015fturur.<\/p>\n<p>Yumu\u015fak yap\u0131s\u0131 sayesinde cildi tahri\u015f etmez ve konforlu kullan\u0131m sunar. Cerrahi kesikler, yan\u0131klar ve di\u011fer yaralanmalar i\u00e7in uygundur. Klinik ve ev tipi yara bak\u0131m\u0131nda g\u00fcvenle tercih edilir. Hijyenik steril paketleme ile g\u00fcvenli uygulama sa\u011flar.<\/p>\n","protected":false},"excerpt":{"rendered":"<p>BSN Leukomed 10cm x 30cm steril yara pedi, y\u00fcksek emicilik kapasitesi ile yara bak\u0131m\u0131nda \u00fcst\u00fcn koruma sa\u011flar. Tek kullan\u0131ml\u0131k ve steril yap\u0131s\u0131 ile enfeksiyon riskini azalt\u0131r.<\/p>\n","protected":false},"featured_media":7048,"template":"","meta":[],"product_brand":[464],"product_cat":[1674,630],"product_tag":[789,777,780,776,778,782,781,783],"class_list":{"0":"post-7889","1":"product","2":"type-product","3":"status-publish","4":"has-post-thumbnail","6":"product_brand-bsn-medikal","7":"product_cat-bsn-medikal","8":"product_cat-yara-bakimi","9":"product_tag-10x30-cm-yara-pedi","10":"product_tag-bsn-yara-pedi","11":"product_tag-emici-yara-pedi","12":"product_tag-leukomed-yara-pedi","13":"product_tag-steril-yara-pedi","14":"product_tag-tek-kullanimlik-yara-pedi","15":"product_tag-yara-bakim-pedi","16":"product_tag-yara-koruma-pedi","18":"first","19":"instock","20":"shipping-taxable","21":"product-type-simple"},"_links":{"self":[{"href":"https:\/\/berha.org\/en\/wp-json\/wp\/v2\/product\/7889","targetHints":{"allow":["GET"]}}],"collection":[{"href":"https:\/\/berha.org\/en\/wp-json\/wp\/v2\/product"}],"about":[{"href":"https:\/\/berha.org\/en\/wp-json\/wp\/v2\/types\/product"}],"wp:featuredmedia":[{"embeddable":true,"href":"https:\/\/berha.org\/en\/wp-json\/wp\/v2\/media\/7048"}],"wp:attachment":[{"href":"https:\/\/berha.org\/en\/wp-json\/wp\/v2\/media?parent=7889"}],"wp:term":[{"taxonomy":"product_brand","embeddable":true,"href":"https:\/\/berha.org\/en\/wp-json\/wp\/v2\/product_brand?post=7889"},{"taxonomy":"product_cat","embeddable":true,"href":"https:\/\/berha.org\/en\/wp-json\/wp\/v2\/product_cat?post=7889"},{"taxonomy":"product_tag","embeddable":true,"href":"https:\/\/berha.org\/en\/wp-json\/wp\/v2\/product_tag?post=7889"}],"curies":[{"name":"wp","href":"https:\/\/api.w.org\/{rel}","templated":true}]}}