{"id":7888,"date":"2025-07-20T22:48:36","date_gmt":"2025-07-20T19:48:36","guid":{"rendered":"https:\/\/berha.org\/en\/?post_type=product&#038;p=7888"},"modified":"2025-07-20T22:48:47","modified_gmt":"2025-07-20T19:48:47","slug":"bsn-leukomed-pedli-nonwoven-yara-ortusu-10cm-x-35cm-50-li","status":"publish","type":"product","link":"https:\/\/berha.org\/en\/urun\/bsn-leukomed-pedli-nonwoven-yara-ortusu-10cm-x-35cm-50-li\/","title":{"rendered":"Bsn Leukomed  Pedli Nonwoven Yara \u00d6rt\u00fcs\u00fc 10cm x 35cm 50 &#8216;li"},"content":{"rendered":"<p>BSN Leukomed Pedli Nonwoven Yara \u00d6rt\u00fcs\u00fc 10cm x 35cm, ameliyat sonras\u0131 pansumanlarda ve orta-b\u00fcy\u00fck boyutlu yaralar\u0131n korunmas\u0131nda tercih edilen, y\u00fcksek kaliteli bir steril yara \u00f6rt\u00fcs\u00fcd\u00fcr.<\/p>\n<p>Nefes alabilen nonwoven dokusu sayesinde cildi tahri\u015f etmez, yumu\u015fak yap\u0131s\u0131yla hareket \u00f6zg\u00fcrl\u00fc\u011f\u00fc sa\u011flar. Ortas\u0131ndaki emici ped, yaran\u0131n s\u0131v\u0131s\u0131n\u0131 h\u0131zl\u0131ca emerken, d\u0131\u015f etkenlere kar\u015f\u0131 etkin koruma sunar.<\/p>\n<p>Klinik, hastane ve evde bak\u0131m ortamlar\u0131nda g\u00fcvenle kullan\u0131labilir. Yap\u0131\u015fkan kenarlar\u0131 sayesinde kolay uygulan\u0131r ve uzun s\u00fcre yerinde kal\u0131r.<\/p>\n","protected":false},"excerpt":{"rendered":"<p>BSN Leukomed 10cm x 35cm, pedli nonwoven yap\u0131daki steril yara \u00f6rt\u00fcs\u00fcd\u00fcr. Ameliyat sonras\u0131 veya a\u00e7\u0131k yaralarda hijyenik ve konforlu koruma sa\u011flar. 50\u2019li kutu ile ekonomik kullan\u0131m sunar.<\/p>\n","protected":false},"featured_media":7044,"template":"","meta":[],"product_brand":[464],"product_cat":[1674,630],"product_tag":[755,664,715,756,465,729,754,717,645,728],"class_list":{"0":"post-7888","1":"product","2":"type-product","3":"status-publish","4":"has-post-thumbnail","6":"product_brand-bsn-medikal","7":"product_cat-bsn-medikal","8":"product_cat-yara-bakimi","9":"product_tag-10cm-x-35cm-yara-ortusu","10":"product_tag-50li-yara-ortusu","11":"product_tag-bsn-yara-ortusu","12":"product_tag-cerrahi-pansuman","13":"product_tag-leukomed","14":"product_tag-nefes-alabilen-yara-ortusu","15":"product_tag-nonwoven-pansuman","16":"product_tag-pedli-yara-ortusu","17":"product_tag-post-op-ortu","18":"product_tag-steril-yara-bandi","20":"first","21":"instock","22":"shipping-taxable","23":"product-type-simple"},"_links":{"self":[{"href":"https:\/\/berha.org\/en\/wp-json\/wp\/v2\/product\/7888","targetHints":{"allow":["GET"]}}],"collection":[{"href":"https:\/\/berha.org\/en\/wp-json\/wp\/v2\/product"}],"about":[{"href":"https:\/\/berha.org\/en\/wp-json\/wp\/v2\/types\/product"}],"wp:featuredmedia":[{"embeddable":true,"href":"https:\/\/berha.org\/en\/wp-json\/wp\/v2\/media\/7044"}],"wp:attachment":[{"href":"https:\/\/berha.org\/en\/wp-json\/wp\/v2\/media?parent=7888"}],"wp:term":[{"taxonomy":"product_brand","embeddable":true,"href":"https:\/\/berha.org\/en\/wp-json\/wp\/v2\/product_brand?post=7888"},{"taxonomy":"product_cat","embeddable":true,"href":"https:\/\/berha.org\/en\/wp-json\/wp\/v2\/product_cat?post=7888"},{"taxonomy":"product_tag","embeddable":true,"href":"https:\/\/berha.org\/en\/wp-json\/wp\/v2\/product_tag?post=7888"}],"curies":[{"name":"wp","href":"https:\/\/api.w.org\/{rel}","templated":true}]}}