{"id":7886,"date":"2025-07-20T22:48:36","date_gmt":"2025-07-20T19:48:36","guid":{"rendered":"https:\/\/berha.org\/en\/?post_type=product&#038;p=7886"},"modified":"2025-07-20T22:48:46","modified_gmt":"2025-07-20T19:48:46","slug":"leukomed-10cm-x-25cm-bsn-steril-yara-pedi-50-li","status":"publish","type":"product","link":"https:\/\/berha.org\/en\/urun\/leukomed-10cm-x-25cm-bsn-steril-yara-pedi-50-li\/","title":{"rendered":"Leukomed 10cm x 25cm Bsn Steril Yara Pedi 50 &#8216;li"},"content":{"rendered":"<p>BSN Leukomed 10cm x 25cm Steril Yara Pedi, yara bak\u0131m\u0131nda g\u00fcvenilirlik ve konforu bir arada sunar. Steril olarak paketlenmi\u015f bu yara pedi, yaran\u0131n s\u0131v\u0131s\u0131n\u0131 h\u0131zl\u0131ca emerek temiz ve kuru bir iyile\u015fme ortam\u0131 olu\u015fturur.<\/p>\n<p>Yumu\u015fak yap\u0131s\u0131 sayesinde cildi tahri\u015f etmez ve konforlu kullan\u0131m sa\u011flar. Cerrahi yaralar, kesikler ve di\u011fer yaralanmalar i\u00e7in idealdir. 50\u2019li b\u00fcy\u00fck paket, sa\u011fl\u0131k profesyonelleri ve ev kullan\u0131c\u0131lar\u0131 i\u00e7in ekonomik bir \u00e7\u00f6z\u00fcmd\u00fcr.<\/p>\n","protected":false},"excerpt":{"rendered":"<p>BSN Leukomed 10cm x 25cm steril yara pedi, y\u00fcksek emicilik \u00f6zelli\u011fi ile yara bak\u0131m\u0131nda \u00fcst\u00fcn koruma sa\u011flar. 50\u2019li paket ile ekonomik ve pratik kullan\u0131m sunar.<\/p>\n","protected":false},"featured_media":7036,"template":"","meta":[],"product_brand":[464],"product_cat":[1674,630],"product_tag":[785,786,777,780,776,778,782,781,783],"class_list":{"0":"post-7886","1":"product","2":"type-product","3":"status-publish","4":"has-post-thumbnail","6":"product_brand-bsn-medikal","7":"product_cat-bsn-medikal","8":"product_cat-yara-bakimi","9":"product_tag-10x25-cm-yara-pedi","10":"product_tag-50li-paket","11":"product_tag-bsn-yara-pedi","12":"product_tag-emici-yara-pedi","13":"product_tag-leukomed-yara-pedi","14":"product_tag-steril-yara-pedi","15":"product_tag-tek-kullanimlik-yara-pedi","16":"product_tag-yara-bakim-pedi","17":"product_tag-yara-koruma-pedi","19":"first","20":"instock","21":"shipping-taxable","22":"product-type-simple"},"_links":{"self":[{"href":"https:\/\/berha.org\/en\/wp-json\/wp\/v2\/product\/7886","targetHints":{"allow":["GET"]}}],"collection":[{"href":"https:\/\/berha.org\/en\/wp-json\/wp\/v2\/product"}],"about":[{"href":"https:\/\/berha.org\/en\/wp-json\/wp\/v2\/types\/product"}],"wp:featuredmedia":[{"embeddable":true,"href":"https:\/\/berha.org\/en\/wp-json\/wp\/v2\/media\/7036"}],"wp:attachment":[{"href":"https:\/\/berha.org\/en\/wp-json\/wp\/v2\/media?parent=7886"}],"wp:term":[{"taxonomy":"product_brand","embeddable":true,"href":"https:\/\/berha.org\/en\/wp-json\/wp\/v2\/product_brand?post=7886"},{"taxonomy":"product_cat","embeddable":true,"href":"https:\/\/berha.org\/en\/wp-json\/wp\/v2\/product_cat?post=7886"},{"taxonomy":"product_tag","embeddable":true,"href":"https:\/\/berha.org\/en\/wp-json\/wp\/v2\/product_tag?post=7886"}],"curies":[{"name":"wp","href":"https:\/\/api.w.org\/{rel}","templated":true}]}}