{"id":7885,"date":"2025-07-20T22:48:36","date_gmt":"2025-07-20T19:48:36","guid":{"rendered":"https:\/\/berha.org\/en\/?post_type=product&#038;p=7885"},"modified":"2025-07-20T22:48:45","modified_gmt":"2025-07-20T19:48:45","slug":"leukomed-8cm-x-10cm-bsn-steril-yara-pedi","status":"publish","type":"product","link":"https:\/\/berha.org\/en\/urun\/leukomed-8cm-x-10cm-bsn-steril-yara-pedi\/","title":{"rendered":"Leukomed 8cm x 10cm Bsn Steril Yara Pedi"},"content":{"rendered":"<p>BSN Leukomed 8cm x 10cm Steril Yara Pedi, yara bak\u0131m\u0131nda g\u00fcvenilir ve etkili bir \u00e7\u00f6z\u00fcmd\u00fcr. Steril olarak paketlenen bu yara pedi, yaran\u0131n y\u00fczeyinde biriken s\u0131v\u0131y\u0131 h\u0131zl\u0131ca emerek yaran\u0131n temiz kalmas\u0131n\u0131 sa\u011flar.<\/p>\n<p>Yumu\u015fak ve nazik yap\u0131s\u0131 sayesinde cilde zarar vermez, konforlu kullan\u0131m sunar. Cerrahi yaralar, kesikler ve di\u011fer k\u00fc\u00e7\u00fck yaralanmalar i\u00e7in uygundur. Klinik ve ev tipi yara bak\u0131m\u0131nda tercih edilir. Hijyenik steril paketleme ile g\u00fcvenli uygulama sa\u011flar.<\/p>\n","protected":false},"excerpt":{"rendered":"<p>BSN Leukomed 8cm x 10cm steril yara pedi, y\u00fcksek emicilik kapasitesine sahip tek kullan\u0131ml\u0131k yara bak\u0131m pedi olup, yara b\u00f6lgesini temiz ve kuru tutarak enfeksiyon riskini azalt\u0131r.<\/p>\n","protected":false},"featured_media":7032,"template":"","meta":[],"product_brand":[464],"product_cat":[1674,630],"product_tag":[784,777,780,776,778,782,781,783],"class_list":{"0":"post-7885","1":"product","2":"type-product","3":"status-publish","4":"has-post-thumbnail","6":"product_brand-bsn-medikal","7":"product_cat-bsn-medikal","8":"product_cat-yara-bakimi","9":"product_tag-8x10-cm-yara-pedi","10":"product_tag-bsn-yara-pedi","11":"product_tag-emici-yara-pedi","12":"product_tag-leukomed-yara-pedi","13":"product_tag-steril-yara-pedi","14":"product_tag-tek-kullanimlik-yara-pedi","15":"product_tag-yara-bakim-pedi","16":"product_tag-yara-koruma-pedi","18":"first","19":"instock","20":"shipping-taxable","21":"product-type-simple"},"_links":{"self":[{"href":"https:\/\/berha.org\/en\/wp-json\/wp\/v2\/product\/7885","targetHints":{"allow":["GET"]}}],"collection":[{"href":"https:\/\/berha.org\/en\/wp-json\/wp\/v2\/product"}],"about":[{"href":"https:\/\/berha.org\/en\/wp-json\/wp\/v2\/types\/product"}],"wp:featuredmedia":[{"embeddable":true,"href":"https:\/\/berha.org\/en\/wp-json\/wp\/v2\/media\/7032"}],"wp:attachment":[{"href":"https:\/\/berha.org\/en\/wp-json\/wp\/v2\/media?parent=7885"}],"wp:term":[{"taxonomy":"product_brand","embeddable":true,"href":"https:\/\/berha.org\/en\/wp-json\/wp\/v2\/product_brand?post=7885"},{"taxonomy":"product_cat","embeddable":true,"href":"https:\/\/berha.org\/en\/wp-json\/wp\/v2\/product_cat?post=7885"},{"taxonomy":"product_tag","embeddable":true,"href":"https:\/\/berha.org\/en\/wp-json\/wp\/v2\/product_tag?post=7885"}],"curies":[{"name":"wp","href":"https:\/\/api.w.org\/{rel}","templated":true}]}}