{"id":7884,"date":"2025-07-20T22:48:36","date_gmt":"2025-07-20T19:48:36","guid":{"rendered":"https:\/\/berha.org\/en\/?post_type=product&#038;p=7884"},"modified":"2025-07-20T22:48:44","modified_gmt":"2025-07-20T19:48:44","slug":"leukomed-10cm-x-20cm-bsn-steril-yara-pedi","status":"publish","type":"product","link":"https:\/\/berha.org\/en\/urun\/leukomed-10cm-x-20cm-bsn-steril-yara-pedi\/","title":{"rendered":"Leukomed 10cm x 20cm Bsn Steril Yara Pedi"},"content":{"rendered":"<p>BSN Leukomed 10cm x 20cm Steril Yara Pedi, yara bak\u0131m\u0131nda y\u00fcksek performans sunan, steril ve tek kullan\u0131ml\u0131k bir \u00fcr\u00fcnd\u00fcr. Yara y\u00fczeyinde biriken s\u0131v\u0131y\u0131 h\u0131zla emer, b\u00f6ylece yaran\u0131n temiz ve kuru kalmas\u0131n\u0131 sa\u011flar.<\/p>\n<p>Yumu\u015fak yap\u0131s\u0131 sayesinde cilde zarar vermez ve konforlu kullan\u0131m sunar. Cerrahi yaralar, kesikler ve di\u011fer yaralanmalarda g\u00fcvenle kullan\u0131l\u0131r. Steril paketlemesi sayesinde hijyenik ko\u015fullarda uygulan\u0131r. Klinik ve ev tipi yara bak\u0131m\u0131nda tercih edilen etkili bir yara bak\u0131m \u00fcr\u00fcn\u00fcd\u00fcr.<\/p>\n","protected":false},"excerpt":{"rendered":"<p>BSN Leukomed 10cm x 20cm steril yara pedi, y\u00fcksek emicili\u011fe sahip tek kullan\u0131ml\u0131k yara bak\u0131m pedi olup, yara b\u00f6lgesini temiz ve kuru tutarak enfeksiyon riskini azalt\u0131r.<\/p>\n","protected":false},"featured_media":7028,"template":"","meta":[],"product_brand":[464],"product_cat":[1674,630],"product_tag":[779,777,780,776,778,782,781,783],"class_list":{"0":"post-7884","1":"product","2":"type-product","3":"status-publish","4":"has-post-thumbnail","6":"product_brand-bsn-medikal","7":"product_cat-bsn-medikal","8":"product_cat-yara-bakimi","9":"product_tag-10x20-cm-yara-pedi","10":"product_tag-bsn-yara-pedi","11":"product_tag-emici-yara-pedi","12":"product_tag-leukomed-yara-pedi","13":"product_tag-steril-yara-pedi","14":"product_tag-tek-kullanimlik-yara-pedi","15":"product_tag-yara-bakim-pedi","16":"product_tag-yara-koruma-pedi","18":"first","19":"instock","20":"shipping-taxable","21":"product-type-simple"},"_links":{"self":[{"href":"https:\/\/berha.org\/en\/wp-json\/wp\/v2\/product\/7884","targetHints":{"allow":["GET"]}}],"collection":[{"href":"https:\/\/berha.org\/en\/wp-json\/wp\/v2\/product"}],"about":[{"href":"https:\/\/berha.org\/en\/wp-json\/wp\/v2\/types\/product"}],"wp:featuredmedia":[{"embeddable":true,"href":"https:\/\/berha.org\/en\/wp-json\/wp\/v2\/media\/7028"}],"wp:attachment":[{"href":"https:\/\/berha.org\/en\/wp-json\/wp\/v2\/media?parent=7884"}],"wp:term":[{"taxonomy":"product_brand","embeddable":true,"href":"https:\/\/berha.org\/en\/wp-json\/wp\/v2\/product_brand?post=7884"},{"taxonomy":"product_cat","embeddable":true,"href":"https:\/\/berha.org\/en\/wp-json\/wp\/v2\/product_cat?post=7884"},{"taxonomy":"product_tag","embeddable":true,"href":"https:\/\/berha.org\/en\/wp-json\/wp\/v2\/product_tag?post=7884"}],"curies":[{"name":"wp","href":"https:\/\/api.w.org\/{rel}","templated":true}]}}