{"id":7882,"date":"2025-07-20T22:48:36","date_gmt":"2025-07-20T19:48:36","guid":{"rendered":"https:\/\/berha.org\/en\/?post_type=product&#038;p=7882"},"modified":"2025-07-20T22:48:43","modified_gmt":"2025-07-20T19:48:43","slug":"leukomed-control-10cm-x-35cm-bsn-hidropolmer-jel-pedli-post-op-yara-ortusu-5li-kutu","status":"publish","type":"product","link":"https:\/\/berha.org\/en\/urun\/leukomed-control-10cm-x-35cm-bsn-hidropolmer-jel-pedli-post-op-yara-ortusu-5li-kutu\/","title":{"rendered":"Leukomed Control 10cm x 35cm Bsn Hidropolmer Jel Pedli Post-Op Yara \u00d6rt\u00fcs\u00fc 5li Kutu"},"content":{"rendered":"<p>BSN Leukomed Control 10cm x 35cm Hidrojel Pedli Post-Operatif Yara \u00d6rt\u00fcs\u00fc, yara b\u00f6lgesinde nemli iyile\u015fmeyi destekleyen \u00f6zel hidrojel ped i\u00e7eren \u00fcst\u00fcn kaliteli bir pansumand\u0131r. Steril yap\u0131s\u0131 sayesinde enfeksiyon riskini azalt\u0131r ve yaran\u0131n h\u0131zl\u0131 iyile\u015fmesini destekler.<\/p>\n<p>Geni\u015f y\u00fczeyiyle orta ve b\u00fcy\u00fck boy yaralar i\u00e7in uygundur. Nefes alabilen film tabakas\u0131 ve yumu\u015fak yap\u0131\u015fkan kenarlar\u0131 ile konforlu kullan\u0131m sunar. Klinik, hastane ve ev tipi yara bak\u0131m\u0131nda g\u00fcvenle tercih edilir.<\/p>\n","protected":false},"excerpt":{"rendered":"<p>BSN Leukomed Control 10cm x 35cm, hidrojel pedli steril yara \u00f6rt\u00fcs\u00fc olup, ameliyat sonras\u0131 yara bak\u0131m\u0131nda \u00fcst\u00fcn koruma ve nemli iyile\u015fme ortam\u0131 sa\u011flar. 5\u2019li kutu ekonomik kullan\u0131m sunar.<\/p>\n","protected":false},"featured_media":7021,"template":"","meta":[],"product_brand":[464],"product_cat":[1674,630],"product_tag":[764,765,715,763,762,644,722,467,737],"class_list":{"0":"post-7882","1":"product","2":"type-product","3":"status-publish","4":"has-post-thumbnail","6":"product_brand-bsn-medikal","7":"product_cat-bsn-medikal","8":"product_cat-yara-bakimi","9":"product_tag-10x35-cm-yara-ortusu","10":"product_tag-5li-kutu-yara-ortusu","11":"product_tag-bsn-yara-ortusu","12":"product_tag-hidrojel-pedli-yara-bandi","13":"product_tag-hidrojel-yara-ortusu","14":"product_tag-leukomed-control","15":"product_tag-post-op-yara-ortusu","16":"product_tag-steril-yara-ortusu","17":"product_tag-yara-bakimi","19":"first","20":"instock","21":"shipping-taxable","22":"product-type-simple"},"_links":{"self":[{"href":"https:\/\/berha.org\/en\/wp-json\/wp\/v2\/product\/7882","targetHints":{"allow":["GET"]}}],"collection":[{"href":"https:\/\/berha.org\/en\/wp-json\/wp\/v2\/product"}],"about":[{"href":"https:\/\/berha.org\/en\/wp-json\/wp\/v2\/types\/product"}],"wp:featuredmedia":[{"embeddable":true,"href":"https:\/\/berha.org\/en\/wp-json\/wp\/v2\/media\/7021"}],"wp:attachment":[{"href":"https:\/\/berha.org\/en\/wp-json\/wp\/v2\/media?parent=7882"}],"wp:term":[{"taxonomy":"product_brand","embeddable":true,"href":"https:\/\/berha.org\/en\/wp-json\/wp\/v2\/product_brand?post=7882"},{"taxonomy":"product_cat","embeddable":true,"href":"https:\/\/berha.org\/en\/wp-json\/wp\/v2\/product_cat?post=7882"},{"taxonomy":"product_tag","embeddable":true,"href":"https:\/\/berha.org\/en\/wp-json\/wp\/v2\/product_tag?post=7882"}],"curies":[{"name":"wp","href":"https:\/\/api.w.org\/{rel}","templated":true}]}}