{"id":7881,"date":"2025-07-20T22:48:36","date_gmt":"2025-07-20T19:48:36","guid":{"rendered":"https:\/\/berha.org\/en\/?post_type=product&#038;p=7881"},"modified":"2025-07-20T22:48:43","modified_gmt":"2025-07-20T19:48:43","slug":"bsn-leukomed-t-5cm-x-72cm","status":"publish","type":"product","link":"https:\/\/berha.org\/en\/urun\/bsn-leukomed-t-5cm-x-72cm\/","title":{"rendered":"Bsn Leukomed T  5cm x 7,2cm"},"content":{"rendered":"<p>BSN Leukomed T 5cm x 7,2cm Transparan Film Yara \u00d6rt\u00fcs\u00fc, yara bak\u0131m\u0131nda etkili koruma sunan, steril ve su ge\u00e7irmez bir yara \u00f6rt\u00fcs\u00fcd\u00fcr. Nefes alabilen yap\u0131s\u0131 cildin hava almas\u0131n\u0131 sa\u011flayarak iyile\u015fme s\u00fcrecini destekler.<\/p>\n<p>Film y\u00fczeyi, yaran\u0131n g\u00f6r\u00fcn\u00fcrl\u00fc\u011f\u00fcn\u00fc korur ve d\u0131\u015f etkenlere kar\u015f\u0131 bariyer g\u00f6revi g\u00f6r\u00fcr. \u00d6zellikle k\u00fc\u00e7\u00fck ve orta boy yaralar\u0131n, kesi ve kesilerin korunmas\u0131nda tercih edilir. Klinik ve ev kullan\u0131m\u0131 i\u00e7in uygundur.<\/p>\n","protected":false},"excerpt":{"rendered":"<p>BSN Leukomed T 5cm x 7,2cm, \u015feffaf, nefes alabilen ve su ge\u00e7irmez yap\u0131s\u0131yla yara b\u00f6lgesini koruyan steril yara \u00f6rt\u00fcs\u00fcd\u00fcr. K\u00fc\u00e7\u00fck boyutu ile pratik kullan\u0131m sa\u011flar.<\/p>\n","protected":false},"featured_media":7017,"template":"","meta":[],"product_brand":[464],"product_cat":[1674,630],"product_tag":[726,718,715,760,660,758,722,467,759,757],"class_list":{"0":"post-7881","1":"product","2":"type-product","3":"status-publish","4":"has-post-thumbnail","6":"product_brand-bsn-medikal","7":"product_cat-bsn-medikal","8":"product_cat-yara-bakimi","9":"product_tag-2cm","10":"product_tag-5cm-x-7","11":"product_tag-bsn-yara-ortusu","12":"product_tag-cerrahi-yara-bakim-urunu","13":"product_tag-leukomed-t","14":"product_tag-nefes-alabilen-yara-bandi","15":"product_tag-post-op-yara-ortusu","16":"product_tag-steril-yara-ortusu","17":"product_tag-su-gecirmez-pansuman","18":"product_tag-transparan-film-yara-bandi","20":"first","21":"instock","22":"shipping-taxable","23":"product-type-simple"},"_links":{"self":[{"href":"https:\/\/berha.org\/en\/wp-json\/wp\/v2\/product\/7881","targetHints":{"allow":["GET"]}}],"collection":[{"href":"https:\/\/berha.org\/en\/wp-json\/wp\/v2\/product"}],"about":[{"href":"https:\/\/berha.org\/en\/wp-json\/wp\/v2\/types\/product"}],"wp:featuredmedia":[{"embeddable":true,"href":"https:\/\/berha.org\/en\/wp-json\/wp\/v2\/media\/7017"}],"wp:attachment":[{"href":"https:\/\/berha.org\/en\/wp-json\/wp\/v2\/media?parent=7881"}],"wp:term":[{"taxonomy":"product_brand","embeddable":true,"href":"https:\/\/berha.org\/en\/wp-json\/wp\/v2\/product_brand?post=7881"},{"taxonomy":"product_cat","embeddable":true,"href":"https:\/\/berha.org\/en\/wp-json\/wp\/v2\/product_cat?post=7881"},{"taxonomy":"product_tag","embeddable":true,"href":"https:\/\/berha.org\/en\/wp-json\/wp\/v2\/product_tag?post=7881"}],"curies":[{"name":"wp","href":"https:\/\/api.w.org\/{rel}","templated":true}]}}