{"id":7879,"date":"2025-07-20T22:48:35","date_gmt":"2025-07-20T19:48:35","guid":{"rendered":"https:\/\/berha.org\/en\/?post_type=product&#038;p=7879"},"modified":"2025-07-20T22:48:42","modified_gmt":"2025-07-20T19:48:42","slug":"bsn-leukomed-t-15cm-x-20cm","status":"publish","type":"product","link":"https:\/\/berha.org\/en\/urun\/bsn-leukomed-t-15cm-x-20cm\/","title":{"rendered":"Bsn Leukomed T 15cm x 20cm"},"content":{"rendered":"<p>BSN Leukomed T 15cm x 20cm Transparan Film Yara \u00d6rt\u00fcs\u00fc, cerrahi ve travmatik yaralar\u0131n etkili korunmas\u0131 i\u00e7in tasarlanm\u0131\u015f, steril, tek kullan\u0131ml\u0131k bir yara \u00f6rt\u00fcs\u00fcd\u00fcr. Su ge\u00e7irmez ve nefes alabilen film yap\u0131s\u0131, yaran\u0131n hava almas\u0131n\u0131 sa\u011flarken d\u0131\u015f kir ve mikroorganizmalara kar\u015f\u0131 tam koruma sunar.<\/p>\n<p>Geni\u015f boyutu ile b\u00fcy\u00fck ve orta b\u00fcy\u00fckl\u00fckteki yaralar\u0131n \u00fcst\u00fcnde rahatl\u0131kla kullan\u0131labilir. Yap\u0131\u015fkan kenarlar\u0131 cilde dost olup, kolay uygulama ve uzun s\u00fcreli sabitlik sa\u011flar. Klinik ve ev tipi yara bak\u0131m\u0131 i\u00e7in uygundur.<\/p>\n","protected":false},"excerpt":{"rendered":"<p>BSN Leukomed T 15cm x 20cm, geni\u015f y\u00fczeyli \u015feffaf yara \u00f6rt\u00fcs\u00fc olup, steril ve su ge\u00e7irmez yap\u0131s\u0131yla yaran\u0131z\u0131 korur. Nefes alabilir film sayesinde konforlu ve g\u00fcvenli pansuman sa\u011flar.<\/p>\n","protected":false},"featured_media":6995,"template":"","meta":[],"product_brand":[464],"product_cat":[1674,630],"product_tag":[761,715,756,660,729,727,728,652,757],"class_list":{"0":"post-7879","1":"product","2":"type-product","3":"status-publish","4":"has-post-thumbnail","6":"product_brand-bsn-medikal","7":"product_cat-bsn-medikal","8":"product_cat-yara-bakimi","9":"product_tag-15x20-cm-yara-ortusu","10":"product_tag-bsn-yara-ortusu","11":"product_tag-cerrahi-pansuman","12":"product_tag-leukomed-t","13":"product_tag-nefes-alabilen-yara-ortusu","14":"product_tag-post-op-yara-bakimi","15":"product_tag-steril-yara-bandi","16":"product_tag-su-gecirmez-yara-ortusu","17":"product_tag-transparan-film-yara-bandi","19":"first","20":"instock","21":"shipping-taxable","22":"product-type-simple"},"_links":{"self":[{"href":"https:\/\/berha.org\/en\/wp-json\/wp\/v2\/product\/7879","targetHints":{"allow":["GET"]}}],"collection":[{"href":"https:\/\/berha.org\/en\/wp-json\/wp\/v2\/product"}],"about":[{"href":"https:\/\/berha.org\/en\/wp-json\/wp\/v2\/types\/product"}],"wp:featuredmedia":[{"embeddable":true,"href":"https:\/\/berha.org\/en\/wp-json\/wp\/v2\/media\/6995"}],"wp:attachment":[{"href":"https:\/\/berha.org\/en\/wp-json\/wp\/v2\/media?parent=7879"}],"wp:term":[{"taxonomy":"product_brand","embeddable":true,"href":"https:\/\/berha.org\/en\/wp-json\/wp\/v2\/product_brand?post=7879"},{"taxonomy":"product_cat","embeddable":true,"href":"https:\/\/berha.org\/en\/wp-json\/wp\/v2\/product_cat?post=7879"},{"taxonomy":"product_tag","embeddable":true,"href":"https:\/\/berha.org\/en\/wp-json\/wp\/v2\/product_tag?post=7879"}],"curies":[{"name":"wp","href":"https:\/\/api.w.org\/{rel}","templated":true}]}}