{"id":7878,"date":"2025-07-20T22:48:35","date_gmt":"2025-07-20T19:48:35","guid":{"rendered":"https:\/\/berha.org\/en\/?post_type=product&#038;p=7878"},"modified":"2025-07-20T22:48:42","modified_gmt":"2025-07-20T19:48:42","slug":"bsn-leukomed-t-10cm-x-125cm","status":"publish","type":"product","link":"https:\/\/berha.org\/en\/urun\/bsn-leukomed-t-10cm-x-125cm\/","title":{"rendered":"Bsn Leukomed T  10cm x 12,5cm"},"content":{"rendered":"<p>BSN Leukomed T 10cm x 12,5cm Emici Pedli Transparan Film Yara \u00d6rt\u00fcs\u00fc, yara b\u00f6lgesini nemli tutarak iyile\u015fmeyi h\u0131zland\u0131ran \u00fcst\u00fcn kaliteli steril bir yara \u00f6rt\u00fcs\u00fcd\u00fcr. Su ge\u00e7irmez film tabakas\u0131, d\u0131\u015f etkenlere kar\u015f\u0131 koruma sa\u011flar ve enfeksiyon riskini azalt\u0131r.<\/p>\n<p>Emici ped, yara s\u0131v\u0131s\u0131n\u0131 etkili \u015fekilde emerken ciltte tahri\u015fi \u00f6nler. Esnek ve nefes alabilen yap\u0131s\u0131 sayesinde hareket \u00f6zg\u00fcrl\u00fc\u011f\u00fc sa\u011flar. Cerrahi yaralar, kesikler ve di\u011fer yaralanmalarda g\u00fcvenle kullan\u0131l\u0131r. Klinik ve ev tipi yara bak\u0131m\u0131nda tercih edilen bir \u00fcr\u00fcnd\u00fcr.<\/p>\n","protected":false},"excerpt":{"rendered":"<p>BSN Leukomed T 10cm x 12,5cm, emici pedli ve su ge\u00e7irmez transparan film yara \u00f6rt\u00fcs\u00fc olup, yara bak\u0131m\u0131nda nemli ve koruyucu bir ortam sa\u011flar. Hafif ve esnek yap\u0131s\u0131yla konforlu kullan\u0131m sunar.<\/p>\n","protected":false},"featured_media":6991,"template":"","meta":[],"product_brand":[464],"product_cat":[1674,630],"product_tag":[791,715,733,790,467,735,725,737],"class_list":{"0":"post-7878","1":"product","2":"type-product","3":"status-publish","4":"has-post-thumbnail","6":"product_brand-bsn-medikal","7":"product_cat-bsn-medikal","8":"product_cat-yara-bakimi","9":"product_tag-10x12-5-cm-yara-ortusu","10":"product_tag-bsn-yara-ortusu","11":"product_tag-emici-pedli-yara-ortusu","12":"product_tag-leukomed-t-yara-ortusu","13":"product_tag-steril-yara-ortusu","14":"product_tag-su-gecirmez-yara-bandi","15":"product_tag-transparan-film-yara-ortusu","16":"product_tag-yara-bakimi","18":"first","19":"instock","20":"shipping-taxable","21":"product-type-simple"},"_links":{"self":[{"href":"https:\/\/berha.org\/en\/wp-json\/wp\/v2\/product\/7878","targetHints":{"allow":["GET"]}}],"collection":[{"href":"https:\/\/berha.org\/en\/wp-json\/wp\/v2\/product"}],"about":[{"href":"https:\/\/berha.org\/en\/wp-json\/wp\/v2\/types\/product"}],"wp:featuredmedia":[{"embeddable":true,"href":"https:\/\/berha.org\/en\/wp-json\/wp\/v2\/media\/6991"}],"wp:attachment":[{"href":"https:\/\/berha.org\/en\/wp-json\/wp\/v2\/media?parent=7878"}],"wp:term":[{"taxonomy":"product_brand","embeddable":true,"href":"https:\/\/berha.org\/en\/wp-json\/wp\/v2\/product_brand?post=7878"},{"taxonomy":"product_cat","embeddable":true,"href":"https:\/\/berha.org\/en\/wp-json\/wp\/v2\/product_cat?post=7878"},{"taxonomy":"product_tag","embeddable":true,"href":"https:\/\/berha.org\/en\/wp-json\/wp\/v2\/product_tag?post=7878"}],"curies":[{"name":"wp","href":"https:\/\/api.w.org\/{rel}","templated":true}]}}