{"id":7876,"date":"2025-07-20T22:48:35","date_gmt":"2025-07-20T19:48:35","guid":{"rendered":"https:\/\/berha.org\/en\/?post_type=product&#038;p=7876"},"modified":"2025-07-20T22:48:41","modified_gmt":"2025-07-20T19:48:41","slug":"leukomed-t-plus-8cm-x10cm-bsn-emici-pedli-transparan-film-sargi-su-gecirmez-50li-kutu","status":"publish","type":"product","link":"https:\/\/berha.org\/en\/urun\/leukomed-t-plus-8cm-x10cm-bsn-emici-pedli-transparan-film-sargi-su-gecirmez-50li-kutu\/","title":{"rendered":"Leukomed T Plus 8cm x10cm Bsn Emici Pedli Transparan Film Sarg\u0131 (Su Ge\u00e7irmez) 50li Kutu"},"content":{"rendered":"<p>BSN Leukomed T Plus 8cm x 10cm Emici Pedli Transparan Film Sarg\u0131, yara bak\u0131m\u0131nda y\u00fcksek koruma ve konfor sunan, steril ve su ge\u00e7irmez yara \u00f6rt\u00fcs\u00fcd\u00fcr. Emici ped, yaran\u0131n s\u0131v\u0131s\u0131n\u0131 etkili bi\u00e7imde emerken, transparan film y\u00fczeyi d\u0131\u015f etkenlere kar\u015f\u0131 bariyer olu\u015fturur.<\/p>\n<p>Nefes alabilir film yap\u0131s\u0131, cildin hava almas\u0131n\u0131 sa\u011flar, b\u00f6ylece iyile\u015fme s\u00fcreci desteklenir. Su ge\u00e7irmez \u00f6zelli\u011fi sayesinde pansuman banyo veya du\u015f s\u0131ras\u0131nda zarar g\u00f6rmez. Klinik ve ev tipi kullan\u0131m i\u00e7in idealdir.<\/p>\n","protected":false},"excerpt":{"rendered":"<p>BSN Leukomed T Plus 8cm x 10cm, emici pedli ve su ge\u00e7irmez yap\u0131s\u0131yla yara b\u00f6lgesini koruyan steril transparan film sarg\u0131d\u0131r. 50\u2019li kutu ile ekonomik ve g\u00fcvenilir yara bak\u0131m\u0131 sa\u011flar.<\/p>\n","protected":false},"featured_media":6984,"template":"","meta":[],"product_brand":[464],"product_cat":[1674,630],"product_tag":[769,767,715,766,724,768,467,735,725],"class_list":{"0":"post-7876","1":"product","2":"type-product","3":"status-publish","4":"has-post-thumbnail","6":"product_brand-bsn-medikal","7":"product_cat-bsn-medikal","8":"product_cat-yara-bakimi","9":"product_tag-50li-kutu-yara-ortusu","10":"product_tag-8x10-cm-yara-ortusu","11":"product_tag-bsn-yara-ortusu","12":"product_tag-emici-pedli-yara-bandi","13":"product_tag-leukomed-t-plus","14":"product_tag-post-op-pansuman","15":"product_tag-steril-yara-ortusu","16":"product_tag-su-gecirmez-yara-bandi","17":"product_tag-transparan-film-yara-ortusu","19":"first","20":"instock","21":"shipping-taxable","22":"product-type-simple"},"_links":{"self":[{"href":"https:\/\/berha.org\/en\/wp-json\/wp\/v2\/product\/7876","targetHints":{"allow":["GET"]}}],"collection":[{"href":"https:\/\/berha.org\/en\/wp-json\/wp\/v2\/product"}],"about":[{"href":"https:\/\/berha.org\/en\/wp-json\/wp\/v2\/types\/product"}],"wp:featuredmedia":[{"embeddable":true,"href":"https:\/\/berha.org\/en\/wp-json\/wp\/v2\/media\/6984"}],"wp:attachment":[{"href":"https:\/\/berha.org\/en\/wp-json\/wp\/v2\/media?parent=7876"}],"wp:term":[{"taxonomy":"product_brand","embeddable":true,"href":"https:\/\/berha.org\/en\/wp-json\/wp\/v2\/product_brand?post=7876"},{"taxonomy":"product_cat","embeddable":true,"href":"https:\/\/berha.org\/en\/wp-json\/wp\/v2\/product_cat?post=7876"},{"taxonomy":"product_tag","embeddable":true,"href":"https:\/\/berha.org\/en\/wp-json\/wp\/v2\/product_tag?post=7876"}],"curies":[{"name":"wp","href":"https:\/\/api.w.org\/{rel}","templated":true}]}}