{"id":7873,"date":"2025-07-20T22:48:35","date_gmt":"2025-07-20T19:48:35","guid":{"rendered":"https:\/\/berha.org\/en\/?post_type=product&#038;p=7873"},"modified":"2025-07-20T22:48:40","modified_gmt":"2025-07-20T19:48:40","slug":"leukomed-t-plus-10cm-x-25cm-bsn-emici-pedli-transparan-film-sargi-su-gecirmez-50li-kutu","status":"publish","type":"product","link":"https:\/\/berha.org\/en\/urun\/leukomed-t-plus-10cm-x-25cm-bsn-emici-pedli-transparan-film-sargi-su-gecirmez-50li-kutu\/","title":{"rendered":"Leukomed T Plus 10cm x 25cm Bsn Emici Pedli Transparan Film Sarg\u0131 (Su Ge\u00e7irmez) 50li Kutu"},"content":{"rendered":"<p>Leukomed T Plus 10cm x 25cm BSN Emici Pedli Transparan Film Sarg\u0131 (Su Ge\u00e7irmez) 50\u2019li Kutu, cerrahi, travma ve post-operatif yaralar i\u00e7in geli\u015ftirilmi\u015f y\u00fcksek performansl\u0131, steril yara \u00f6rt\u00fcs\u00fcd\u00fcr.<\/p>\n<p>Emici ped yap\u0131s\u0131 ile yara b\u00f6lgesindeki s\u0131v\u0131y\u0131 etkin \u015fekilde emer ve enfeksiyon riskini azalt\u0131r. Transparan ve su ge\u00e7irmez filmi sayesinde yara g\u00f6r\u00fcn\u00fcrl\u00fc\u011f\u00fc sa\u011flan\u0131rken, d\u0131\u015f etkenlere kar\u015f\u0131 g\u00fc\u00e7l\u00fc koruma sunar.<\/p>\n<p>Nefes alabilir yap\u0131s\u0131 cilt sa\u011fl\u0131\u011f\u0131n\u0131 destekler, konforlu kullan\u0131m ve hareket \u00f6zg\u00fcrl\u00fc\u011f\u00fc sa\u011flar. Klinik ve evde bak\u0131m uygulamalar\u0131nda tercih edilen g\u00fcvenilir bir \u00fcr\u00fcnd\u00fcr.<\/p>\n","protected":false},"excerpt":{"rendered":"<p>Leukomed T Plus 10cm x 25cm, emici pedli, su ge\u00e7irmez ve transparan film sarg\u0131, yara bak\u0131m\u0131nda \u00fcst\u00fcn koruma sa\u011flar. 50\u2019li kutu ile ekonomik ve pratik \u00e7\u00f6z\u00fcmd\u00fcr.<\/p>\n","protected":false},"featured_media":6973,"template":"","meta":[],"product_brand":[464],"product_cat":[1674,630],"product_tag":[736,715,733,724,729,722,728,735,734,737],"class_list":{"0":"post-7873","1":"product","2":"type-product","3":"status-publish","4":"has-post-thumbnail","6":"product_brand-bsn-medikal","7":"product_cat-bsn-medikal","8":"product_cat-yara-bakimi","9":"product_tag-10cm-x-25cm","10":"product_tag-bsn-yara-ortusu","11":"product_tag-emici-pedli-yara-ortusu","12":"product_tag-leukomed-t-plus","13":"product_tag-nefes-alabilen-yara-ortusu","14":"product_tag-post-op-yara-ortusu","15":"product_tag-steril-yara-bandi","16":"product_tag-su-gecirmez-yara-bandi","17":"product_tag-transparan-film-sargi","18":"product_tag-yara-bakimi","20":"first","21":"instock","22":"shipping-taxable","23":"product-type-simple"},"_links":{"self":[{"href":"https:\/\/berha.org\/en\/wp-json\/wp\/v2\/product\/7873","targetHints":{"allow":["GET"]}}],"collection":[{"href":"https:\/\/berha.org\/en\/wp-json\/wp\/v2\/product"}],"about":[{"href":"https:\/\/berha.org\/en\/wp-json\/wp\/v2\/types\/product"}],"wp:featuredmedia":[{"embeddable":true,"href":"https:\/\/berha.org\/en\/wp-json\/wp\/v2\/media\/6973"}],"wp:attachment":[{"href":"https:\/\/berha.org\/en\/wp-json\/wp\/v2\/media?parent=7873"}],"wp:term":[{"taxonomy":"product_brand","embeddable":true,"href":"https:\/\/berha.org\/en\/wp-json\/wp\/v2\/product_brand?post=7873"},{"taxonomy":"product_cat","embeddable":true,"href":"https:\/\/berha.org\/en\/wp-json\/wp\/v2\/product_cat?post=7873"},{"taxonomy":"product_tag","embeddable":true,"href":"https:\/\/berha.org\/en\/wp-json\/wp\/v2\/product_tag?post=7873"}],"curies":[{"name":"wp","href":"https:\/\/api.w.org\/{rel}","templated":true}]}}