{"id":7872,"date":"2025-07-20T22:48:35","date_gmt":"2025-07-20T19:48:35","guid":{"rendered":"https:\/\/berha.org\/en\/?post_type=product&#038;p=7872"},"modified":"2025-07-20T22:48:40","modified_gmt":"2025-07-20T19:48:40","slug":"leukomed-t-plus-10cm-x-20cm-bsn-emici-pedli-transparan-film-sargi-su-gecirmez-50li-kutu","status":"publish","type":"product","link":"https:\/\/berha.org\/en\/urun\/leukomed-t-plus-10cm-x-20cm-bsn-emici-pedli-transparan-film-sargi-su-gecirmez-50li-kutu\/","title":{"rendered":"Leukomed T Plus 10cm x 20cm Bsn Emici Pedli Transparan Film Sarg\u0131 (Su Ge\u00e7irmez) 50li Kutu"},"content":{"rendered":"<p>Leukomed T Plus 10cm x 20cm BSN Emici Pedli Transparan Film Sarg\u0131 (Su Ge\u00e7irmez) 50\u2019li Kutu, cerrahi ve travma sonras\u0131 yara bak\u0131m\u0131nda kullan\u0131lan, y\u00fcksek kaliteli, steril bir yara \u00f6rt\u00fcs\u00fcd\u00fcr.<\/p>\n<p>Emici pedli yap\u0131s\u0131, yara b\u00f6lgesindeki s\u0131v\u0131y\u0131 etkili \u015fekilde emerken, su ge\u00e7irmez transparan filmi d\u0131\u015f etkenlere kar\u015f\u0131 koruma sa\u011flar. Ayn\u0131 zamanda yara alan\u0131n\u0131n g\u00f6r\u00fcn\u00fcr kalmas\u0131n\u0131 sa\u011flayarak bak\u0131m s\u00fcrecini kolayla\u015ft\u0131r\u0131r.<\/p>\n<p>Nefes alabilir film tabakas\u0131 cilt sa\u011fl\u0131\u011f\u0131n\u0131 destekler ve kullan\u0131m konforu sunar. Klinik ve evde yara bak\u0131m\u0131nda g\u00fcvenle tercih edilir.<\/p>\n","protected":false},"excerpt":{"rendered":"<p>Leukomed T Plus 10cm x 20cm, emici pedli, su ge\u00e7irmez ve nefes alabilen transparan film sarg\u0131, yara bak\u0131m\u0131nda etkin koruma sa\u011flar. 50\u2019li kutu ile ekonomik ve pratik kullan\u0131m sunar.<\/p>\n","protected":false},"featured_media":6969,"template":"","meta":[],"product_brand":[464],"product_cat":[1674,630],"product_tag":[738,715,733,724,729,722,728,735,734,737],"class_list":{"0":"post-7872","1":"product","2":"type-product","3":"status-publish","4":"has-post-thumbnail","6":"product_brand-bsn-medikal","7":"product_cat-bsn-medikal","8":"product_cat-yara-bakimi","9":"product_tag-10cm-x-20cm","10":"product_tag-bsn-yara-ortusu","11":"product_tag-emici-pedli-yara-ortusu","12":"product_tag-leukomed-t-plus","13":"product_tag-nefes-alabilen-yara-ortusu","14":"product_tag-post-op-yara-ortusu","15":"product_tag-steril-yara-bandi","16":"product_tag-su-gecirmez-yara-bandi","17":"product_tag-transparan-film-sargi","18":"product_tag-yara-bakimi","20":"first","21":"instock","22":"shipping-taxable","23":"product-type-simple"},"_links":{"self":[{"href":"https:\/\/berha.org\/en\/wp-json\/wp\/v2\/product\/7872","targetHints":{"allow":["GET"]}}],"collection":[{"href":"https:\/\/berha.org\/en\/wp-json\/wp\/v2\/product"}],"about":[{"href":"https:\/\/berha.org\/en\/wp-json\/wp\/v2\/types\/product"}],"wp:featuredmedia":[{"embeddable":true,"href":"https:\/\/berha.org\/en\/wp-json\/wp\/v2\/media\/6969"}],"wp:attachment":[{"href":"https:\/\/berha.org\/en\/wp-json\/wp\/v2\/media?parent=7872"}],"wp:term":[{"taxonomy":"product_brand","embeddable":true,"href":"https:\/\/berha.org\/en\/wp-json\/wp\/v2\/product_brand?post=7872"},{"taxonomy":"product_cat","embeddable":true,"href":"https:\/\/berha.org\/en\/wp-json\/wp\/v2\/product_cat?post=7872"},{"taxonomy":"product_tag","embeddable":true,"href":"https:\/\/berha.org\/en\/wp-json\/wp\/v2\/product_tag?post=7872"}],"curies":[{"name":"wp","href":"https:\/\/api.w.org\/{rel}","templated":true}]}}