{"id":7871,"date":"2025-07-20T22:48:35","date_gmt":"2025-07-20T19:48:35","guid":{"rendered":"https:\/\/berha.org\/en\/?post_type=product&#038;p=7871"},"modified":"2025-07-20T22:48:39","modified_gmt":"2025-07-20T19:48:39","slug":"tensoplast-eab-10cm-x-45m-bsn-cinko-oksit-cok-guclu-post-operatif-ve-kompresyon-bandaji","status":"publish","type":"product","link":"https:\/\/berha.org\/en\/urun\/tensoplast-eab-10cm-x-45m-bsn-cinko-oksit-cok-guclu-post-operatif-ve-kompresyon-bandaji\/","title":{"rendered":"Tensoplast Eab 10cm X 4,5m Bsn \u00c7inko Oksit  \u00c7ok G\u00fc\u00e7l\u00fc, Post Operatif ve Kompresyon Bandaj\u0131"},"content":{"rendered":"<p>BSN Tensoplast EAB 10cm x 4,5m, \u00e7inko oksit yap\u0131\u015fkanl\u0131, \u00e7ok g\u00fc\u00e7l\u00fc yap\u0131s\u0131 ile post operatif bak\u0131m ve kompresyon uygulamalar\u0131 i\u00e7in ideal elastik bandajd\u0131r. Yara b\u00f6lgesinde g\u00fcvenli sabitleme sa\u011flarken, kompresyon etkisiyle \u015fi\u015fliklerin ve \u00f6demin azalt\u0131lmas\u0131na yard\u0131mc\u0131 olur.<\/p>\n<p>Esnek ve dayan\u0131kl\u0131 yap\u0131s\u0131 sayesinde hareket \u00f6zg\u00fcrl\u00fc\u011f\u00fcn\u00fc k\u0131s\u0131tlamaz, uzun s\u00fcreli kullan\u0131mlarda bile konfor sunar. Klinik ve spor sonras\u0131 bak\u0131mda s\u0131k\u00e7a tercih edilen bu bandaj, yara iyile\u015fmesini destekler ve enfeksiyon riskini azalt\u0131r.<\/p>\n","protected":false},"excerpt":{"rendered":"<p>Tensoplast EAB 10cm x 4,5m BSN, \u00e7inko oksit yap\u0131\u015fkanl\u0131 \u00e7ok g\u00fc\u00e7l\u00fc post operatif ve kompresyon bandaj\u0131 olarak yara koruma ve destek sa\u011flar.<\/p>\n","protected":false},"featured_media":6966,"template":"","meta":[],"product_brand":[464],"product_cat":[1674,1671],"product_tag":[484,884,886,483,502,885,487,883,497],"class_list":{"0":"post-7871","1":"product","2":"type-product","3":"status-publish","4":"has-post-thumbnail","6":"product_brand-bsn-medikal","7":"product_cat-bsn-medikal","8":"product_cat-elastik-bandajlar","9":"product_tag-10cm-bandaj","10":"product_tag-bsn-cinko-oksit-bandaj","11":"product_tag-guclu-elastik-bandaj","12":"product_tag-kompresyon-bandaji","13":"product_tag-medikal-bandaj","14":"product_tag-post-operatif-bandaj","15":"product_tag-spor-bandaji","16":"product_tag-tensoplast-eab","17":"product_tag-yara-bandaji","19":"first","20":"instock","21":"shipping-taxable","22":"product-type-simple"},"_links":{"self":[{"href":"https:\/\/berha.org\/en\/wp-json\/wp\/v2\/product\/7871","targetHints":{"allow":["GET"]}}],"collection":[{"href":"https:\/\/berha.org\/en\/wp-json\/wp\/v2\/product"}],"about":[{"href":"https:\/\/berha.org\/en\/wp-json\/wp\/v2\/types\/product"}],"wp:featuredmedia":[{"embeddable":true,"href":"https:\/\/berha.org\/en\/wp-json\/wp\/v2\/media\/6966"}],"wp:attachment":[{"href":"https:\/\/berha.org\/en\/wp-json\/wp\/v2\/media?parent=7871"}],"wp:term":[{"taxonomy":"product_brand","embeddable":true,"href":"https:\/\/berha.org\/en\/wp-json\/wp\/v2\/product_brand?post=7871"},{"taxonomy":"product_cat","embeddable":true,"href":"https:\/\/berha.org\/en\/wp-json\/wp\/v2\/product_cat?post=7871"},{"taxonomy":"product_tag","embeddable":true,"href":"https:\/\/berha.org\/en\/wp-json\/wp\/v2\/product_tag?post=7871"}],"curies":[{"name":"wp","href":"https:\/\/api.w.org\/{rel}","templated":true}]}}