{"id":7869,"date":"2025-07-20T22:48:35","date_gmt":"2025-07-20T19:48:35","guid":{"rendered":"https:\/\/berha.org\/en\/?post_type=product&#038;p=7869"},"modified":"2025-07-20T22:48:39","modified_gmt":"2025-07-20T19:48:39","slug":"elastofix-25m-bsn-file-bandaj-beden-a-kucuk-eklem-parmak","status":"publish","type":"product","link":"https:\/\/berha.org\/en\/urun\/elastofix-25m-bsn-file-bandaj-beden-a-kucuk-eklem-parmak\/","title":{"rendered":"Elastofix 25m Bsn File Bandaj Beden A K\u00fc\u00e7\u00fck Eklem Parmak"},"content":{"rendered":"<p>BSN Elastofix 25m File Bandaj Beden A (K\u00fc\u00e7\u00fck), \u00f6zellikle parmaklar ve k\u00fc\u00e7\u00fck eklem b\u00f6lgeleri i\u00e7in tasarlanm\u0131\u015f, esnek ve hafif medikal file bandajd\u0131r. Nefes alabilen yap\u0131s\u0131 ciltte terlemeyi \u00f6nler ve uzun s\u00fcreli kullan\u0131mda konfor sa\u011flar.<\/p>\n<p>Elastik yap\u0131s\u0131 sayesinde kolayca uygulan\u0131r, pansuman ve yara \u00f6rt\u00fclerini g\u00fcvenle sabitler. Klinik ve ev tipi bak\u0131m uygulamalar\u0131nda tercih edilir. Yumu\u015fak dokusu sayesinde cildi tahri\u015f etmez ve do\u011fal hareket kabiliyetini korur.<\/p>\n","protected":false},"excerpt":{"rendered":"<p>Elastofix 25m BSN file bandaj beden A, k\u00fc\u00e7\u00fck eklemler ve parmaklar i\u00e7in ideal esnek, nefes alabilen ve g\u00fcvenli sabitleme sa\u011flayan file bandajd\u0131r.<\/p>\n","protected":false},"featured_media":6959,"template":"","meta":[],"product_brand":[464],"product_cat":[1674,1671,215],"product_tag":[845,848,849,844,851,846,502,847,850],"class_list":{"0":"post-7869","1":"product","2":"type-product","3":"status-publish","4":"has-post-thumbnail","6":"product_brand-bsn-medikal","7":"product_cat-bsn-medikal","8":"product_cat-elastik-bandajlar","9":"product_cat-ortopedi","10":"product_tag-bsn-file-bandaj","11":"product_tag-eklem-bandaji","12":"product_tag-elastik-file-bandaj","13":"product_tag-elastofix-file-bandaj","14":"product_tag-esnek-bandaj","15":"product_tag-kucuk-beden-bandaj","16":"product_tag-medikal-bandaj","17":"product_tag-parmak-bandaji","18":"product_tag-yara-sabitleme","20":"first","21":"instock","22":"shipping-taxable","23":"product-type-simple"},"_links":{"self":[{"href":"https:\/\/berha.org\/en\/wp-json\/wp\/v2\/product\/7869","targetHints":{"allow":["GET"]}}],"collection":[{"href":"https:\/\/berha.org\/en\/wp-json\/wp\/v2\/product"}],"about":[{"href":"https:\/\/berha.org\/en\/wp-json\/wp\/v2\/types\/product"}],"wp:featuredmedia":[{"embeddable":true,"href":"https:\/\/berha.org\/en\/wp-json\/wp\/v2\/media\/6959"}],"wp:attachment":[{"href":"https:\/\/berha.org\/en\/wp-json\/wp\/v2\/media?parent=7869"}],"wp:term":[{"taxonomy":"product_brand","embeddable":true,"href":"https:\/\/berha.org\/en\/wp-json\/wp\/v2\/product_brand?post=7869"},{"taxonomy":"product_cat","embeddable":true,"href":"https:\/\/berha.org\/en\/wp-json\/wp\/v2\/product_cat?post=7869"},{"taxonomy":"product_tag","embeddable":true,"href":"https:\/\/berha.org\/en\/wp-json\/wp\/v2\/product_tag?post=7869"}],"curies":[{"name":"wp","href":"https:\/\/api.w.org\/{rel}","templated":true}]}}