{"id":7868,"date":"2025-07-20T22:48:35","date_gmt":"2025-07-20T19:48:35","guid":{"rendered":"https:\/\/berha.org\/en\/?post_type=product&#038;p=7868"},"modified":"2025-07-20T22:48:38","modified_gmt":"2025-07-20T19:48:38","slug":"elastofix-25m-bsn-file-bandaj-beden-b-diz-dirsek-kucuk-kafa","status":"publish","type":"product","link":"https:\/\/berha.org\/en\/urun\/elastofix-25m-bsn-file-bandaj-beden-b-diz-dirsek-kucuk-kafa\/","title":{"rendered":"Elastofix 25m Bsn  File Bandaj Beden B Diz Dirsek K\u00fc\u00e7\u00fck Kafa"},"content":{"rendered":"<p>BSN Elastofix 25m File Bandaj Beden B, \u00f6zellikle diz, dirsek ve k\u00fc\u00e7\u00fck kafa b\u00f6lgelerinde kullan\u0131m i\u00e7in tasarlanm\u0131\u015f, elastik ve nefes alabilen file bandajd\u0131r. Elastik yap\u0131s\u0131 sayesinde v\u00fccut hatlar\u0131na m\u00fckemmel uyum sa\u011flar ve hareket \u00f6zg\u00fcrl\u00fc\u011f\u00fc sunar.<\/p>\n<p>Nefes alabilen file yap\u0131s\u0131 ciltte terlemeyi \u00f6nler, uzun s\u00fcreli kullan\u0131mlarda konforlu bir deneyim sa\u011flar. Kliniklerde ve evde yara bak\u0131m\u0131 uygulamalar\u0131nda g\u00fcvenle tercih edilir. Yumu\u015fak dokusu cildi tahri\u015f etmez, hassas ciltlerde bile rahatl\u0131kla kullan\u0131l\u0131r.<\/p>\n","protected":false},"excerpt":{"rendered":"<p>Elastofix 25m BSN file bandaj beden B, diz, dirsek ve k\u00fc\u00e7\u00fck kafa b\u00f6lgeleri i\u00e7in esnek, nefes alabilir ve rahat kullan\u0131m sa\u011flayan t\u0131bbi sabitleme bandaj\u0131d\u0131r.<\/p>\n","protected":false},"featured_media":6954,"template":"","meta":[],"product_brand":[464],"product_cat":[1674,1671,215],"product_tag":[855,845,857,856,849,844,858,502,488,850],"class_list":{"0":"post-7868","1":"product","2":"type-product","3":"status-publish","4":"has-post-thumbnail","6":"product_brand-bsn-medikal","7":"product_cat-bsn-medikal","8":"product_cat-elastik-bandajlar","9":"product_cat-ortopedi","10":"product_tag-beden-b-file-bandaj","11":"product_tag-bsn-file-bandaj","12":"product_tag-dirsek-bandaji","13":"product_tag-diz-bandaji","14":"product_tag-elastik-file-bandaj","15":"product_tag-elastofix-file-bandaj","16":"product_tag-kucuk-kafa-bandaji","17":"product_tag-medikal-bandaj","18":"product_tag-nefes-alabilir-bandaj","19":"product_tag-yara-sabitleme","21":"first","22":"instock","23":"shipping-taxable","24":"product-type-simple"},"_links":{"self":[{"href":"https:\/\/berha.org\/en\/wp-json\/wp\/v2\/product\/7868","targetHints":{"allow":["GET"]}}],"collection":[{"href":"https:\/\/berha.org\/en\/wp-json\/wp\/v2\/product"}],"about":[{"href":"https:\/\/berha.org\/en\/wp-json\/wp\/v2\/types\/product"}],"wp:featuredmedia":[{"embeddable":true,"href":"https:\/\/berha.org\/en\/wp-json\/wp\/v2\/media\/6954"}],"wp:attachment":[{"href":"https:\/\/berha.org\/en\/wp-json\/wp\/v2\/media?parent=7868"}],"wp:term":[{"taxonomy":"product_brand","embeddable":true,"href":"https:\/\/berha.org\/en\/wp-json\/wp\/v2\/product_brand?post=7868"},{"taxonomy":"product_cat","embeddable":true,"href":"https:\/\/berha.org\/en\/wp-json\/wp\/v2\/product_cat?post=7868"},{"taxonomy":"product_tag","embeddable":true,"href":"https:\/\/berha.org\/en\/wp-json\/wp\/v2\/product_tag?post=7868"}],"curies":[{"name":"wp","href":"https:\/\/api.w.org\/{rel}","templated":true}]}}