{"id":7867,"date":"2025-07-20T22:48:35","date_gmt":"2025-07-20T19:48:35","guid":{"rendered":"https:\/\/berha.org\/en\/?post_type=product&#038;p=7867"},"modified":"2025-07-20T22:48:38","modified_gmt":"2025-07-20T19:48:38","slug":"hypafix-skin-sensitive-10cm-x-5m-bsn-hasas-ciltler-icin-silikon-yapiskanli-sargi-tutucu-serit","status":"publish","type":"product","link":"https:\/\/berha.org\/en\/urun\/hypafix-skin-sensitive-10cm-x-5m-bsn-hasas-ciltler-icin-silikon-yapiskanli-sargi-tutucu-serit\/","title":{"rendered":"Hypafix Skin Sensitive 10cm x 5m Bsn Hasas Ciltler \u0130\u00e7in Silikon Yap\u0131\u015fkanl\u0131 Sarg\u0131 Tutucu \u015eerit"},"content":{"rendered":"<p>BSN Hypafix Skin Sensitive 10cm x 5m, hassas ve alerjiye yatk\u0131n ciltler i\u00e7in geli\u015ftirilmi\u015f silikon yap\u0131\u015fkanl\u0131 sarg\u0131 tutucu \u015ferittir. Silikon bazl\u0131 yap\u0131\u015fkan\u0131, ciltte tahri\u015fe neden olmadan g\u00fcvenli sabitleme sa\u011flar ve kolay \u00e7\u0131kar\u0131labilirlik sunar.<\/p>\n<p>Nefes alabilen ve esnek yap\u0131s\u0131, uzun s\u00fcreli kullan\u0131mda bile cildin hava almas\u0131n\u0131 sa\u011flar, b\u00f6ylece yara bak\u0131m s\u00fcrecinde maksimum konfor ve hijyen sa\u011flar. Klinik ve ev ortamlar\u0131nda hassas cilt bak\u0131m\u0131nda ideal bir \u00e7\u00f6z\u00fcmd\u00fcr.<\/p>\n","protected":false},"excerpt":{"rendered":"<p>Hypafix Skin Sensitive 10cm x 5m, silikon yap\u0131\u015fkanl\u0131 \u00f6zel form\u00fcl\u00fcyle hassas ciltlerde g\u00fcvenli ve tahri\u015fsiz pansuman sabitleme sa\u011flar.<\/p>\n","protected":false},"featured_media":6953,"template":"","meta":[],"product_brand":[464],"product_cat":[1674,630],"product_tag":[873,871,832,874,870,835,872,850],"class_list":{"0":"post-7867","1":"product","2":"type-product","3":"status-publish","4":"has-post-thumbnail","6":"product_brand-bsn-medikal","7":"product_cat-bsn-medikal","8":"product_cat-yara-bakimi","9":"product_tag-10cm-sargi-bandi","10":"product_tag-bsn-silikon-yapiskanli-band","11":"product_tag-hassas-cilt-bandi","12":"product_tag-hassas-ciltler-icin-bandaj","13":"product_tag-hypafix-skin-sensitive","14":"product_tag-medikal-bant","15":"product_tag-silikon-sargi-tutucu","16":"product_tag-yara-sabitleme","18":"first","19":"instock","20":"shipping-taxable","21":"product-type-simple"},"_links":{"self":[{"href":"https:\/\/berha.org\/en\/wp-json\/wp\/v2\/product\/7867","targetHints":{"allow":["GET"]}}],"collection":[{"href":"https:\/\/berha.org\/en\/wp-json\/wp\/v2\/product"}],"about":[{"href":"https:\/\/berha.org\/en\/wp-json\/wp\/v2\/types\/product"}],"wp:featuredmedia":[{"embeddable":true,"href":"https:\/\/berha.org\/en\/wp-json\/wp\/v2\/media\/6953"}],"wp:attachment":[{"href":"https:\/\/berha.org\/en\/wp-json\/wp\/v2\/media?parent=7867"}],"wp:term":[{"taxonomy":"product_brand","embeddable":true,"href":"https:\/\/berha.org\/en\/wp-json\/wp\/v2\/product_brand?post=7867"},{"taxonomy":"product_cat","embeddable":true,"href":"https:\/\/berha.org\/en\/wp-json\/wp\/v2\/product_cat?post=7867"},{"taxonomy":"product_tag","embeddable":true,"href":"https:\/\/berha.org\/en\/wp-json\/wp\/v2\/product_tag?post=7867"}],"curies":[{"name":"wp","href":"https:\/\/api.w.org\/{rel}","templated":true}]}}