{"id":7866,"date":"2025-07-20T22:48:35","date_gmt":"2025-07-20T19:48:35","guid":{"rendered":"https:\/\/berha.org\/en\/?post_type=product&#038;p=7866"},"modified":"2025-07-20T22:48:37","modified_gmt":"2025-07-20T19:48:37","slug":"hypafix-15cm-x-10m-bsn-sargi-pansuman-sabitleme-bandi","status":"publish","type":"product","link":"https:\/\/berha.org\/en\/urun\/hypafix-15cm-x-10m-bsn-sargi-pansuman-sabitleme-bandi\/","title":{"rendered":"Hypafix 15cm x 10m Bsn Sarg\u0131 Pansuman Sabitleme Band\u0131"},"content":{"rendered":"<p>BSN Hypafix 15cm x 10m Pansuman Sabitleme Band\u0131, geni\u015f y\u00fczeyiyle b\u00fcy\u00fck pansumanlar\u0131n ve sarg\u0131lar\u0131n kolayca sabitlenmesini sa\u011flar. Esnek ve nefes alabilen yap\u0131s\u0131, ciltte uzun s\u00fcreli kullan\u0131mda rahatl\u0131k ve hijyen sunar.<\/p>\n<p>Yap\u0131\u015fkan\u0131 cildi tahri\u015f etmeden g\u00fc\u00e7l\u00fc bir tutu\u015f sa\u011flar, pansuman de\u011fi\u015fimlerinde ac\u0131y\u0131 ve zarar g\u00f6rmeyi en aza indirir. Klinik ve evde bak\u0131m uygulamalar\u0131nda tercih edilen dayan\u0131kl\u0131 ve g\u00fcvenilir bir \u00fcr\u00fcnd\u00fcr.<\/p>\n","protected":false},"excerpt":{"rendered":"<p>Hypafix 15cm x 10m BSN sabitleme band\u0131, geni\u015f yap\u0131s\u0131 ve esnek dokusuyla pansuman ve sarg\u0131lar\u0131 g\u00fcvenli ve konforlu bir \u015fekilde sabitler.<\/p>\n","protected":false},"featured_media":6895,"template":"","meta":[],"product_brand":[464],"product_cat":[1674,630],"product_tag":[868,863,867,862,835,869,865,473],"class_list":{"0":"post-7866","1":"product","2":"type-product","3":"status-publish","4":"has-post-thumbnail","6":"product_brand-bsn-medikal","7":"product_cat-bsn-medikal","8":"product_cat-yara-bakimi","9":"product_tag-15cm-sabitleme-bandi","10":"product_tag-bsn-sabitleme-bandi","11":"product_tag-genis-pansuman-bandi","12":"product_tag-hypafix","13":"product_tag-medikal-bant","14":"product_tag-nefes-alabilir-sabitleme-bandi","15":"product_tag-sargi-sabitleme","16":"product_tag-yara-bandi","18":"first","19":"instock","20":"shipping-taxable","21":"product-type-simple"},"_links":{"self":[{"href":"https:\/\/berha.org\/en\/wp-json\/wp\/v2\/product\/7866","targetHints":{"allow":["GET"]}}],"collection":[{"href":"https:\/\/berha.org\/en\/wp-json\/wp\/v2\/product"}],"about":[{"href":"https:\/\/berha.org\/en\/wp-json\/wp\/v2\/types\/product"}],"wp:featuredmedia":[{"embeddable":true,"href":"https:\/\/berha.org\/en\/wp-json\/wp\/v2\/media\/6895"}],"wp:attachment":[{"href":"https:\/\/berha.org\/en\/wp-json\/wp\/v2\/media?parent=7866"}],"wp:term":[{"taxonomy":"product_brand","embeddable":true,"href":"https:\/\/berha.org\/en\/wp-json\/wp\/v2\/product_brand?post=7866"},{"taxonomy":"product_cat","embeddable":true,"href":"https:\/\/berha.org\/en\/wp-json\/wp\/v2\/product_cat?post=7866"},{"taxonomy":"product_tag","embeddable":true,"href":"https:\/\/berha.org\/en\/wp-json\/wp\/v2\/product_tag?post=7866"}],"curies":[{"name":"wp","href":"https:\/\/api.w.org\/{rel}","templated":true}]}}