{"id":7865,"date":"2025-07-20T22:48:35","date_gmt":"2025-07-20T19:48:35","guid":{"rendered":"https:\/\/berha.org\/en\/?post_type=product&#038;p=7865"},"modified":"2025-07-20T22:48:37","modified_gmt":"2025-07-20T19:48:37","slug":"hypafix-5cm-x-10m-bsn-sargi-pansuman-sabitleme-bandi","status":"publish","type":"product","link":"https:\/\/berha.org\/en\/urun\/hypafix-5cm-x-10m-bsn-sargi-pansuman-sabitleme-bandi\/","title":{"rendered":"Hypafix 5cm x 10m Bsn Sarg\u0131 Pansuman Sabitleme Band\u0131"},"content":{"rendered":"<p>BSN Hypafix 5cm x 10m Pansuman Sabitleme Band\u0131, esnek ve nefes alabilir yap\u0131s\u0131yla yara \u00f6rt\u00fcleri ve sarg\u0131lar\u0131n g\u00fcvenle sabitlenmesini sa\u011flar. Hafif yap\u0131\u015fkanl\u0131 y\u00fczeyi sayesinde pansuman \u00e7\u0131kar\u0131l\u0131rken cilde zarar vermez ve cilt tahri\u015fini minimuma indirir.<\/p>\n<p>Nefes alabilen yap\u0131s\u0131, uzun s\u00fcreli kullan\u0131mlarda bile cildin hava almas\u0131na olanak tan\u0131r, b\u00f6ylece yara bak\u0131m\u0131nda optimum hijyen sa\u011flar. Klinik ve ev tipi bak\u0131m uygulamalar\u0131nda g\u00fcvenle tercih edilen bir \u00fcr\u00fcnd\u00fcr.<\/p>\n","protected":false},"excerpt":{"rendered":"<p>Hypafix 5cm x 10m BSN sabitleme band\u0131, pansuman ve sarg\u0131lar\u0131 cilde zarar vermeden g\u00fc\u00e7l\u00fc ve konforlu \u015fekilde sabitler, nefes alabilen yap\u0131s\u0131 ile cilt sa\u011fl\u0131\u011f\u0131n\u0131 korur.<\/p>\n","protected":false},"featured_media":6931,"template":"","meta":[],"product_brand":[464],"product_cat":[1674,630],"product_tag":[513,863,866,862,835,488,864,865,815],"class_list":{"0":"post-7865","1":"product","2":"type-product","3":"status-publish","4":"has-post-thumbnail","6":"product_brand-bsn-medikal","7":"product_cat-bsn-medikal","8":"product_cat-yara-bakimi","9":"product_tag-5cm-bandaj","10":"product_tag-bsn-sabitleme-bandi","11":"product_tag-hassas-cilt-dostu","12":"product_tag-hypafix","13":"product_tag-medikal-bant","14":"product_tag-nefes-alabilir-bandaj","15":"product_tag-pansuman-bandi","16":"product_tag-sargi-sabitleme","17":"product_tag-yara-sabitleme-bandi","19":"first","20":"instock","21":"shipping-taxable","22":"product-type-simple"},"_links":{"self":[{"href":"https:\/\/berha.org\/en\/wp-json\/wp\/v2\/product\/7865","targetHints":{"allow":["GET"]}}],"collection":[{"href":"https:\/\/berha.org\/en\/wp-json\/wp\/v2\/product"}],"about":[{"href":"https:\/\/berha.org\/en\/wp-json\/wp\/v2\/types\/product"}],"wp:featuredmedia":[{"embeddable":true,"href":"https:\/\/berha.org\/en\/wp-json\/wp\/v2\/media\/6931"}],"wp:attachment":[{"href":"https:\/\/berha.org\/en\/wp-json\/wp\/v2\/media?parent=7865"}],"wp:term":[{"taxonomy":"product_brand","embeddable":true,"href":"https:\/\/berha.org\/en\/wp-json\/wp\/v2\/product_brand?post=7865"},{"taxonomy":"product_cat","embeddable":true,"href":"https:\/\/berha.org\/en\/wp-json\/wp\/v2\/product_cat?post=7865"},{"taxonomy":"product_tag","embeddable":true,"href":"https:\/\/berha.org\/en\/wp-json\/wp\/v2\/product_tag?post=7865"}],"curies":[{"name":"wp","href":"https:\/\/api.w.org\/{rel}","templated":true}]}}